{"id":249540,"date":"2023-02-09T04:37:34","date_gmt":"2023-02-09T04:37:34","guid":{"rendered":"https:\/\/arenalmanoa.com\/tours\/"},"modified":"2026-01-11T17:57:44","modified_gmt":"2026-01-11T17:57:44","slug":"tours","status":"publish","type":"page","link":"https:\/\/arenalmanoa.com\/pt-br\/tours\/","title":{"rendered":"Tours"},"content":{"rendered":"<p>[et_pb_section fb_built=&#8221;1&#8243; disabled_on=&#8221;off|off|off&#8221; admin_label=&#8221;Photo hero&#8221; module_class=&#8221;cag-hero-section.&#8221; _builder_version=&#8221;4.21.0&#8243; _module_preset=&#8221;default&#8221; background_enable_video_mp4=&#8221;off&#8221; height=&#8221;100vh&#8221; custom_margin=&#8221;0px||0px||true|false&#8221; custom_margin_tablet=&#8221;0px||||false|false&#8221; custom_margin_phone=&#8221;0px||||false|false&#8221; custom_margin_last_edited=&#8221;on|desktop&#8221; custom_padding=&#8221;0px||0px||true|false&#8221; mix_blend_mode=&#8221;darken&#8221; background_last_edited=&#8221;on|tablet&#8221; da_disable_devices=&#8221;off|off|off&#8221; locked=&#8221;off&#8221; global_colors_info=&#8221;{}&#8221; da_is_popup=&#8221;off&#8221; da_exit_intent=&#8221;off&#8221; da_has_close=&#8221;on&#8221; da_alt_close=&#8221;off&#8221; da_dark_close=&#8221;off&#8221; da_not_modal=&#8221;on&#8221; da_is_singular=&#8221;off&#8221; da_with_loader=&#8221;off&#8221; da_has_shadow=&#8221;on&#8221;][et_pb_row _builder_version=&#8221;4.21.0&#8243; _module_preset=&#8221;default&#8221; custom_margin=&#8221;0px||0px||true|false&#8221; custom_padding=&#8221;0px||0px||true|false&#8221; global_colors_info=&#8221;{}&#8221;][et_pb_column type=&#8221;4_4&#8243; _builder_version=&#8221;4.21.0&#8243; _module_preset=&#8221;default&#8221; custom_padding=&#8221;0px|0px|0px|0px|true|true&#8221; global_colors_info=&#8221;{}&#8221;][et_pb_code admin_label=&#8221;Photo slider shortcode&#8221; _builder_version=&#8221;4.23&#8243; _module_preset=&#8221;default&#8221; custom_margin=&#8221;-30px||||false|false&#8221; custom_padding=&#8221;0px||||false|false&#8221; global_colors_info=&#8221;{}&#8221;]\n\t\t\t<!-- START Tours image hero REVOLUTION SLIDER 6.7.41 --><p class=\"rs-p-wp-fix\"><\/p>\n\t\t\t<rs-module-wrap id=\"rev_slider_64_1_wrapper\" data-source=\"gallery\" style=\"visibility:hidden;background:transparent;padding:0;\">\n\t\t\t\t<rs-module id=\"rev_slider_64_1\" style=\"\" data-version=\"6.7.41\">\n\t\t\t\t\t<rs-slides style=\"overflow: hidden; position: absolute;\">\n\t\t\t\t\t\t<rs-slide style=\"position: absolute;\" data-key=\"rs-274\" data-title=\"Intro\" data-anim=\"ms:2000;\" data-in=\"o:-0.5;sx:1.6;sy:1.6;e:power4.inOut;\" data-out=\"o:0;sx:0.6;sy:0.6;e:power4.inOut;\">\n\t\t\t\t\t\t\t<img decoding=\"async\" src=\"\/\/arenalmanoa.com\/wp-content\/plugins\/revslider\/sr6\/assets\/assets\/dummy.png\" alt=\"Combined nature tour in Arenal Costa Rica\" title=\"Combined nature tour in Arenal Costa Rica\" width=\"1280\" height=\"853\" class=\"rev-slidebg tp-rs-img rs-lazyload\" data-lazyload=\"\/\/d1qc9vxcd0jvni.cloudfront.net\/wordpress_files\/wp-content\/uploads\/2023\/07\/combined-tours-arenal-costa-rica4-1280x853.jpg\" data-bg=\"p:center top;\" data-parallax=\"10\" data-no-retina>\n<!--\n\t\t\t\t\t\t\t--><rs-layer\n\t\t\t\t\t\t\t\tid=\"slider-64-slide-274-layer-0\" \n\t\t\t\t\t\t\t\tdata-type=\"shape\"\n\t\t\t\t\t\t\t\tdata-rsp_ch=\"on\"\n\t\t\t\t\t\t\t\tdata-text=\"w:normal;s:20,16,12,7;l:0,20,15,9;\"\n\t\t\t\t\t\t\t\tdata-dim=\"w:100%;h:100%;\"\n\t\t\t\t\t\t\t\tdata-basealign=\"slide\"\n\t\t\t\t\t\t\t\tdata-frame_999=\"o:0;st:w;\"\n\t\t\t\t\t\t\t\tstyle=\"z-index:6;background-color:rgba(0,0,0,0.35);\"\n\t\t\t\t\t\t\t> \n\t\t\t\t\t\t\t<\/rs-layer><!--\n-->\t\t\t\t\t<\/rs-slide>\n\t\t\t\t\t<\/rs-slides>\n\t\t\t\t\t<rs-static-layers><!--\n\t\t\t\t\t--><\/rs-static-layers>\n\t\t\t\t<\/rs-module>\n\t\t\t\t<script>\n\t\t\t\t\tsetREVStartSize({c: 'rev_slider_64_1',rl:[1240,1024,778,480],el:[900,768,960,720],gw:[1240,1024,778,480],gh:[900,768,960,720],type:'hero',justify:'',layout:'fullscreen',offsetContainer:'#masthead',offset:'0px',mh:\"0\"});if (window.RS_MODULES!==undefined && window.RS_MODULES.modules!==undefined && window.RS_MODULES.modules[\"revslider641\"]!==undefined) {window.RS_MODULES.modules[\"revslider641\"].once = false;window.revapi64 = undefined;if (window.RS_MODULES.checkMinimal!==undefined) window.RS_MODULES.checkMinimal()}\n\t\t\t\t<\/script>\n\t\t\t<\/rs-module-wrap>\n\t\t\t<!-- END REVOLUTION SLIDER -->\n[\/et_pb_code][\/et_pb_column][\/et_pb_row][\/et_pb_section][et_pb_section fb_built=&#8221;1&#8243; admin_label=&#8221;White intro&#8221; _builder_version=&#8221;4.20.2&#8243; _module_preset=&#8221;default&#8221; background_color=&#8221;#FFFFFF&#8221; custom_margin=&#8221;0px||||false|false&#8221; custom_padding=&#8221;0px||||false|false&#8221; da_disable_devices=&#8221;off|off|off&#8221; global_colors_info=&#8221;{}&#8221; da_is_popup=&#8221;off&#8221; da_exit_intent=&#8221;off&#8221; da_has_close=&#8221;on&#8221; da_alt_close=&#8221;off&#8221; da_dark_close=&#8221;off&#8221; da_not_modal=&#8221;on&#8221; da_is_singular=&#8221;off&#8221; da_with_loader=&#8221;off&#8221; da_has_shadow=&#8221;on&#8221;][et_pb_row _builder_version=&#8221;4.27.4&#8243; _module_preset=&#8221;default&#8221; z_index=&#8221;1&#8243; custom_margin=&#8221;||||false|false&#8221; custom_margin_tablet=&#8221;||||false|false&#8221; custom_margin_phone=&#8221;||||false|false&#8221; custom_margin_last_edited=&#8221;on|phone&#8221; custom_padding=&#8221;0px||0px||false|false&#8221; global_colors_info=&#8221;{}&#8221;][et_pb_column type=&#8221;4_4&#8243; _builder_version=&#8221;4.20.2&#8243; _module_preset=&#8221;default&#8221; global_colors_info=&#8221;{}&#8221;][et_pb_text admin_label=&#8221;Hotel name &#038; description&#8221; _builder_version=&#8221;4.27.4&#8243; _module_preset=&#8221;default&#8221; text_font=&#8221;Barlow|300|||||||&#8221; text_text_color=&#8221;#434D57&#8243; text_font_size=&#8221;20px&#8221; text_letter_spacing=&#8221;0.5px&#8221; text_line_height=&#8221;1.2em&#8221; header_font=&#8221;Barlow||||||||&#8221; header_text_align=&#8221;center&#8221; header_text_color=&#8221;#434D57&#8243; header_font_size=&#8221;39px&#8221; header_letter_spacing=&#8221;0.2em&#8221; header_line_height=&#8221;48px&#8221; z_index=&#8221;1&#8243; custom_margin=&#8221;80px||||false|false&#8221; custom_margin_tablet=&#8221;120px||||false|false&#8221; custom_margin_phone=&#8221;120px||||false|false&#8221; custom_margin_last_edited=&#8221;on|tablet&#8221; header_font_size_tablet=&#8221;39px&#8221; header_font_size_phone=&#8221;24px&#8221; header_font_size_last_edited=&#8221;on|phone&#8221; header_line_height_tablet=&#8221;48px&#8221; header_line_height_phone=&#8221;32px&#8221; header_line_height_last_edited=&#8221;on|desktop&#8221; locked=&#8221;off&#8221; global_colors_info=&#8221;{}&#8221;]<\/p>\n<h1 style=\"text-align: center; font-weight: 200; margin-bottom: 20px;\">ATIVIDADES PARA FAZER EM <span style=\"text-align: center; color: #b8d45f; font-weight: bold;\">LA FORTUNA<\/span><\/h1>\n<p>ATIVIDADES PARA FAZER EM<\/p>\n<p><strong>Importante<\/strong><\/p>\n<ul>\n<li>Todos os passeios desta p\u00e1gina s\u00e3o atividades compartilhadas, N\u00c3O atividades particulares. Se voc\u00ea desejar, tamb\u00e9m podemos providenciar servi\u00e7os particulares. Observe que esses servi\u00e7os est\u00e3o sujeitos \u00e0 disponibilidade da operadora e t\u00eam um pre\u00e7o mais alto.<\/li>\n<li>Todos os pre\u00e7os listados abaixo s\u00e3o por pessoa, em d\u00f3lares americanos, e est\u00e3o sujeitos a altera\u00e7\u00f5es dependendo da data.<\/li>\n<li>Para reservar qualquer um dos passeios, entre em contato conosco por telefone, e-mail ou WhatsApp. Para que possamos lhe fornecer uma cota\u00e7\u00e3o precisa, solicitamos:\n<ul>\n<li>N\u00famero de pessoas.<\/li>\n<li>Idade dos filhos, se houver.<\/li>\n<li>Data desejada.<\/li>\n<li>Necessidades especiais.<\/li>\n<\/ul>\n<\/li>\n<li>Se desejar reservar mais de um passeio, envie-nos todos os detalhes em uma \u00fanica mensagem.<\/li>\n<li>A consulta sobre a disponibilidade de um servi\u00e7o n\u00e3o garante a reserva; o passeio desejado n\u00e3o ser\u00e1 reservado at\u00e9 que um membro de nossa equipe o confirme.<\/li>\n<li>S\u00f3 podemos oferecer passeios aos h\u00f3spedes do Arenal Manoa. Se estiver hospedado em outro hotel, entre em contato com a equipe dele.<\/li>\n<\/ul>\n<p>[\/et_pb_text][\/et_pb_column][\/et_pb_row][\/et_pb_section]<\/p>\n","protected":false},"excerpt":{"rendered":"<p>\n\t\t\t<!-- START Tours image hero REVOLUTION SLIDER 6.7.41 --><p class=\"rs-p-wp-fix\"><\/p>\n\t\t\t<rs-module-wrap id=\"rev_slider_64_2_wrapper\" data-source=\"gallery\" style=\"visibility:hidden;background:transparent;padding:0;\">\n\t\t\t\t<rs-module id=\"rev_slider_64_2\" style=\"\" data-version=\"6.7.41\">\n\t\t\t\t\t<rs-slides style=\"overflow: hidden; position: absolute;\">\n\t\t\t\t\t\t<rs-slide style=\"position: absolute;\" data-key=\"rs-274\" data-title=\"Intro\" data-anim=\"ms:2000;\" data-in=\"o:-0.5;sx:1.6;sy:1.6;e:power4.inOut;\" data-out=\"o:0;sx:0.6;sy:0.6;e:power4.inOut;\">\n\t\t\t\t\t\t\t<img decoding=\"async\" src=\"\/\/arenalmanoa.com\/wp-content\/plugins\/revslider\/sr6\/assets\/assets\/dummy.png\" alt=\"Combined nature tour in Arenal Costa Rica\" title=\"Combined nature tour in Arenal Costa Rica\" width=\"1280\" height=\"853\" class=\"rev-slidebg tp-rs-img rs-lazyload\" data-lazyload=\"\/\/d1qc9vxcd0jvni.cloudfront.net\/wordpress_files\/wp-content\/uploads\/2023\/07\/combined-tours-arenal-costa-rica4-1280x853.jpg\" data-bg=\"p:center top;\" data-parallax=\"10\" data-no-retina>\n<!--\n\t\t\t\t\t\t\t--><rs-layer\n\t\t\t\t\t\t\t\tid=\"slider-64-slide-274-layer-0\" \n\t\t\t\t\t\t\t\tdata-type=\"shape\"\n\t\t\t\t\t\t\t\tdata-rsp_ch=\"on\"\n\t\t\t\t\t\t\t\tdata-text=\"w:normal;s:20,16,12,7;l:0,20,15,9;\"\n\t\t\t\t\t\t\t\tdata-dim=\"w:100%;h:100%;\"\n\t\t\t\t\t\t\t\tdata-basealign=\"slide\"\n\t\t\t\t\t\t\t\tdata-frame_999=\"o:0;st:w;\"\n\t\t\t\t\t\t\t\tstyle=\"z-index:6;background-color:rgba(0,0,0,0.35);\"\n\t\t\t\t\t\t\t> \n\t\t\t\t\t\t\t<\/rs-layer><!--\n-->\t\t\t\t\t<\/rs-slide>\n\t\t\t\t\t<\/rs-slides>\n\t\t\t\t\t<rs-static-layers><!--\n\t\t\t\t\t--><\/rs-static-layers>\n\t\t\t\t<\/rs-module>\n\t\t\t\t<script>\n\t\t\t\t\tsetREVStartSize({c: 'rev_slider_64_2',rl:[1240,1024,778,480],el:[900,768,960,720],gw:[1240,1024,778,480],gh:[900,768,960,720],type:'hero',justify:'',layout:'fullscreen',offsetContainer:'#masthead',offset:'0px',mh:\"0\"});if (window.RS_MODULES!==undefined && window.RS_MODULES.modules!==undefined && window.RS_MODULES.modules[\"revslider642\"]!==undefined) {window.RS_MODULES.modules[\"revslider642\"].once = false;window.revapi64_2 = undefined;if (window.RS_MODULES.checkMinimal!==undefined) window.RS_MODULES.checkMinimal()}\n\t\t\t\t<\/script>\n\t\t\t<\/rs-module-wrap>\n\t\t\t<!-- END REVOLUTION SLIDER -->\nATIVIDADES PARA FAZER EM LA FORTUNA ATIVIDADES PARA FAZER EM Importante Todos os passeios desta p\u00e1gina s\u00e3o atividades compartilhadas, N\u00c3O atividades particulares. Se voc\u00ea desejar, tamb\u00e9m podemos providenciar servi\u00e7os particulares. Observe que esses servi\u00e7os est\u00e3o sujeitos \u00e0 disponibilidade da operadora e t\u00eam um pre\u00e7o mais alto. Todos os pre\u00e7os listados abaixo s\u00e3o por pessoa, [&hellip;]<\/p>\n","protected":false},"author":1,"featured_media":0,"parent":0,"menu_order":0,"comment_status":"closed","ping_status":"closed","template":"page-tour-list.php","meta":{"_acf_changed":false,"_et_pb_use_builder":"on","_et_pb_old_content":"<!-- wp:divi\/placeholder \/-->","_et_gb_content_width":"","ngg_post_thumbnail":0,"footnotes":""},"sustainability-manoa":[],"class_list":["post-249540","page","type-page","status-publish","hentry"],"acf":[],"_links":{"self":[{"href":"https:\/\/arenalmanoa.com\/pt-br\/wp-json\/wp\/v2\/pages\/249540","targetHints":{"allow":["GET"]}}],"collection":[{"href":"https:\/\/arenalmanoa.com\/pt-br\/wp-json\/wp\/v2\/pages"}],"about":[{"href":"https:\/\/arenalmanoa.com\/pt-br\/wp-json\/wp\/v2\/types\/page"}],"author":[{"embeddable":true,"href":"https:\/\/arenalmanoa.com\/pt-br\/wp-json\/wp\/v2\/users\/1"}],"replies":[{"embeddable":true,"href":"https:\/\/arenalmanoa.com\/pt-br\/wp-json\/wp\/v2\/comments?post=249540"}],"version-history":[{"count":41,"href":"https:\/\/arenalmanoa.com\/pt-br\/wp-json\/wp\/v2\/pages\/249540\/revisions"}],"predecessor-version":[{"id":253571,"href":"https:\/\/arenalmanoa.com\/pt-br\/wp-json\/wp\/v2\/pages\/249540\/revisions\/253571"}],"wp:attachment":[{"href":"https:\/\/arenalmanoa.com\/pt-br\/wp-json\/wp\/v2\/media?parent=249540"}],"wp:term":[{"taxonomy":"sustainability-manoa","embeddable":true,"href":"https:\/\/arenalmanoa.com\/pt-br\/wp-json\/wp\/v2\/sustainability-manoa?post=249540"}],"curies":[{"name":"wp","href":"https:\/\/api.w.org\/{rel}","templated":true}]}}