{"id":250530,"date":"2023-04-02T18:16:00","date_gmt":"2023-04-02T18:16:00","guid":{"rendered":"https:\/\/arenalmanoa.com\/cookie-policy\/"},"modified":"2025-11-01T10:40:54","modified_gmt":"2025-11-01T10:40:54","slug":"cookie-policy","status":"publish","type":"page","link":"https:\/\/arenalmanoa.com\/fr\/cookie-policy\/","title":{"rendered":"Cookie policy"},"content":{"rendered":"<p>[et_pb_section fb_built=\u00a0\u00bb1&Prime; disabled_on=\u00a0\u00bboff|off|off\u00a0\u00bb admin_label=\u00a0\u00bbPhoto hero\u00a0\u00bb module_class=\u00a0\u00bbcag-hero-section.\u00a0\u00bb _builder_version=\u00a0\u00bb4.21.0&Prime; _module_preset=\u00a0\u00bbdefault\u00a0\u00bb background_enable_video_mp4=\u00a0\u00bboff\u00a0\u00bb height=\u00a0\u00bb100vh\u00a0\u00bb custom_margin=\u00a0\u00bb0px||0px||true|false\u00a0\u00bb custom_margin_tablet=\u00a0\u00bb0px||||false|false\u00a0\u00bb custom_margin_phone=\u00a0\u00bb0px||||false|false\u00a0\u00bb custom_margin_last_edited=\u00a0\u00bbon|desktop\u00a0\u00bb custom_padding=\u00a0\u00bb0px||0px||true|false\u00a0\u00bb mix_blend_mode=\u00a0\u00bbdarken\u00a0\u00bb background_last_edited=\u00a0\u00bbon|tablet\u00a0\u00bb da_disable_devices=\u00a0\u00bboff|off|off\u00a0\u00bb locked=\u00a0\u00bboff\u00a0\u00bb global_colors_info=\u00a0\u00bb{}\u00a0\u00bb da_is_popup=\u00a0\u00bboff\u00a0\u00bb da_exit_intent=\u00a0\u00bboff\u00a0\u00bb da_has_close=\u00a0\u00bbon\u00a0\u00bb da_alt_close=\u00a0\u00bboff\u00a0\u00bb da_dark_close=\u00a0\u00bboff\u00a0\u00bb da_not_modal=\u00a0\u00bbon\u00a0\u00bb da_is_singular=\u00a0\u00bboff\u00a0\u00bb da_with_loader=\u00a0\u00bboff\u00a0\u00bb da_has_shadow=\u00a0\u00bbon\u00a0\u00bb][et_pb_row _builder_version=\u00a0\u00bb4.21.0&Prime; _module_preset=\u00a0\u00bbdefault\u00a0\u00bb custom_margin=\u00a0\u00bb0px||0px||true|false\u00a0\u00bb custom_padding=\u00a0\u00bb0px||0px||true|false\u00a0\u00bb global_colors_info=\u00a0\u00bb{}\u00a0\u00bb][et_pb_column type=\u00a0\u00bb4_4&Prime; _builder_version=\u00a0\u00bb4.21.0&Prime; _module_preset=\u00a0\u00bbdefault\u00a0\u00bb custom_padding=\u00a0\u00bb0px|0px|0px|0px|true|true\u00a0\u00bb global_colors_info=\u00a0\u00bb{}\u00a0\u00bb][et_pb_code admin_label=\u00a0\u00bbPhoto hero shortcode\u00a0\u00bb _builder_version=\u00a0\u00bb4.21.0&Prime; _module_preset=\u00a0\u00bbdefault\u00a0\u00bb custom_margin=\u00a0\u00bb-30px||||false|false\u00a0\u00bb custom_padding=\u00a0\u00bb0px||||false|false\u00a0\u00bb global_colors_info=\u00a0\u00bb{}\u00a0\u00bb]\n\t\t\t<!-- START Privacy hero REVOLUTION SLIDER 6.7.41 --><p class=\"rs-p-wp-fix\"><\/p>\n\t\t\t<rs-module-wrap id=\"rev_slider_43_1_wrapper\" data-source=\"gallery\" style=\"visibility:hidden;background:transparent;padding:0;\">\n\t\t\t\t<rs-module id=\"rev_slider_43_1\" style=\"\" data-version=\"6.7.41\">\n\t\t\t\t\t<rs-slides style=\"overflow: hidden; position: absolute;\">\n\t\t\t\t\t\t<rs-slide style=\"position: absolute;\" data-key=\"rs-343\" data-title=\"Intro\" data-anim=\"ms:2000;\" data-in=\"o:-0.5;sx:1.6;sy:1.6;e:power4.inOut;\" data-out=\"o:0;sx:0.6;sy:0.6;e:power4.inOut;\">\n\t\t\t\t\t\t\t<img decoding=\"async\" src=\"\/\/arenalmanoa.com\/wp-content\/plugins\/revslider\/sr6\/assets\/assets\/dummy.png\" alt=\"Data privacy\" title=\"Data privacy\" width=\"1536\" height=\"865\" class=\"rev-slidebg tp-rs-img rs-lazyload\" data-lazyload=\"\/\/arenalmanoa.com\/wp-content\/uploads\/2023\/04\/privacy-1536x865.jpg\" data-parallax=\"10\" data-no-retina>\n<!--\n\t\t\t\t\t\t\t--><rs-layer\n\t\t\t\t\t\t\t\tid=\"slider-43-slide-343-layer-0\" \n\t\t\t\t\t\t\t\tdata-type=\"shape\"\n\t\t\t\t\t\t\t\tdata-rsp_ch=\"on\"\n\t\t\t\t\t\t\t\tdata-text=\"w:normal;s:20,16,12,7;l:0,20,15,9;\"\n\t\t\t\t\t\t\t\tdata-dim=\"w:100%;h:100%;\"\n\t\t\t\t\t\t\t\tdata-basealign=\"slide\"\n\t\t\t\t\t\t\t\tdata-frame_999=\"o:0;st:w;\"\n\t\t\t\t\t\t\t\tstyle=\"z-index:6;background-color:rgba(0,0,0,0.35);\"\n\t\t\t\t\t\t\t> \n\t\t\t\t\t\t\t<\/rs-layer><!--\n-->\t\t\t\t\t<\/rs-slide>\n\t\t\t\t\t<\/rs-slides>\n\t\t\t\t\t<rs-static-layers><!--\n\t\t\t\t\t--><\/rs-static-layers>\n\t\t\t\t<\/rs-module>\n\t\t\t\t<script>\n\t\t\t\t\tsetREVStartSize({c: 'rev_slider_43_1',rl:[1240,1024,778,480],el:[867.998,768,960,720],gw:[1240,1024,778,480],gh:[868,768,960,720],type:'hero',justify:'',layout:'fullscreen',offsetContainer:'',offset:'60px',mh:\"0\"});if (window.RS_MODULES!==undefined && window.RS_MODULES.modules!==undefined && window.RS_MODULES.modules[\"revslider431\"]!==undefined) {window.RS_MODULES.modules[\"revslider431\"].once = false;window.revapi43 = undefined;if (window.RS_MODULES.checkMinimal!==undefined) window.RS_MODULES.checkMinimal()}\n\t\t\t\t<\/script>\n\t\t\t<\/rs-module-wrap>\n\t\t\t<!-- END REVOLUTION SLIDER -->\n[\/et_pb_code][\/et_pb_column][\/et_pb_row][\/et_pb_section][et_pb_section fb_built=\u00a0\u00bb1&Prime; admin_label=\u00a0\u00bbWhite intro\u00a0\u00bb module_id=\u00a0\u00bbsite\u00a0\u00bb _builder_version=\u00a0\u00bb4.20.0&Prime; _module_preset=\u00a0\u00bbdefault\u00a0\u00bb background_color=\u00a0\u00bb#FFFFFF\u00a0\u00bb custom_margin=\u00a0\u00bb0px||||false|false\u00a0\u00bb custom_padding=\u00a0\u00bb0px||||false|false\u00a0\u00bb da_disable_devices=\u00a0\u00bboff|off|off\u00a0\u00bb global_colors_info=\u00a0\u00bb{}\u00a0\u00bb da_is_popup=\u00a0\u00bboff\u00a0\u00bb da_exit_intent=\u00a0\u00bboff\u00a0\u00bb da_has_close=\u00a0\u00bbon\u00a0\u00bb da_alt_close=\u00a0\u00bboff\u00a0\u00bb da_dark_close=\u00a0\u00bboff\u00a0\u00bb da_not_modal=\u00a0\u00bbon\u00a0\u00bb da_is_singular=\u00a0\u00bboff\u00a0\u00bb da_with_loader=\u00a0\u00bboff\u00a0\u00bb da_has_shadow=\u00a0\u00bbon\u00a0\u00bb][et_pb_row _builder_version=\u00a0\u00bb4.27.4&Prime; _module_preset=\u00a0\u00bbdefault\u00a0\u00bb custom_margin=\u00a0\u00bb||||false|false\u00a0\u00bb custom_margin_tablet=\u00a0\u00bb||||false|false\u00a0\u00bb custom_margin_phone=\u00a0\u00bb||||false|false\u00a0\u00bb custom_margin_last_edited=\u00a0\u00bbon|phone\u00a0\u00bb custom_padding=\u00a0\u00bb0px||0px||false|false\u00a0\u00bb global_colors_info=\u00a0\u00bb{}\u00a0\u00bb][et_pb_column type=\u00a0\u00bb4_4&Prime; _builder_version=\u00a0\u00bb4.20.2&Prime; _module_preset=\u00a0\u00bbdefault\u00a0\u00bb global_colors_info=\u00a0\u00bb{}\u00a0\u00bb][et_pb_text admin_label=\u00a0\u00bbtitle\u00a0\u00bb _builder_version=\u00a0\u00bb4.27.4&Prime; _module_preset=\u00a0\u00bbdefault\u00a0\u00bb header_font=\u00a0\u00bbBarlow|300||on|||||\u00a0\u00bb header_text_align=\u00a0\u00bbcenter\u00a0\u00bb header_text_color=\u00a0\u00bb#434D57&Prime; header_font_size=\u00a0\u00bb36px\u00a0\u00bb header_letter_spacing=\u00a0\u00bb0.03em\u00a0\u00bb header_line_height=\u00a0\u00bb42px\u00a0\u00bb custom_padding=\u00a0\u00bb||10px||false|false\u00a0\u00bb hover_enabled=\u00a0\u00bb0&Prime; border_color_bottom=\u00a0\u00bb#B8D45F\u00a0\u00bb global_colors_info=\u00a0\u00bb{}\u00a0\u00bb sticky_enabled=\u00a0\u00bb0&Prime;]<\/p>\n<h1>POLITIQUE EN MATI\u00c8RE DE COOKIES<br \/><span class=\"green-title\">ARENAL MANOA<\/span><\/h1>\n<p>[\/et_pb_text][et_pb_text _builder_version=\u00a0\u00bb4.27.4&Prime; _module_preset=\u00a0\u00bbdefault\u00a0\u00bb text_font=\u00a0\u00bbBarlow|300|||||||\u00a0\u00bb text_text_color=\u00a0\u00bb#434D57&Prime; text_font_size=\u00a0\u00bb20px\u00a0\u00bb text_line_height=\u00a0\u00bb24px\u00a0\u00bb text_orientation=\u00a0\u00bbjustified\u00a0\u00bb global_colors_info=\u00a0\u00bb{}\u00a0\u00bb]<\/p>\n<p>La pr\u00e9sente politique en mati\u00e8re de cookies explique comment nous utilisons les cookies et autres technologies similaires sur le site web de l&rsquo;h\u00f4tel Arenal Manoa. En utilisant notre site web, vous acceptez que nous utilisions des cookies conform\u00e9ment \u00e0 cette politique.<\/p>\n<p><strong>Qu&rsquo;est-ce qu&rsquo;un Cookie ?<\/strong><br \/>Les cookies sont de petits fichiers texte qui sont plac\u00e9s sur votre appareil (ordinateur, tablette ou t\u00e9l\u00e9phone portable) lorsque vous visitez un site web. Ils sont largement utilis\u00e9s pour faire fonctionner les sites web ou les rendre plus efficaces, ainsi que pour fournir des informations aux propri\u00e9taires du site.<\/p>\n<p><strong>Types de cookies que nous utilisons<\/strong><br \/>Nous utilisons des cookies de session et des cookies persistants sur notre site web. Les cookies de session sont des cookies temporaires qui sont supprim\u00e9s lorsque vous fermez votre navigateur web. Les cookies persistants restent sur votre appareil pendant une p\u00e9riode plus longue et nous aident \u00e0 vous reconna\u00eetre en tant que visiteur r\u00e9current.<br \/>Nous utilisons \u00e9galement des cookies propres (mis en place par notre site web) et des cookies de tiers (mis en place par des services tiers). Nous utilisons des cookies de tiers \u00e0 des fins d&rsquo;analyse pour nous aider \u00e0 comprendre comment les visiteurs utilisent notre site web et pour am\u00e9liorer nos services.<\/p>\n<p><strong>Comment utilisons-nous les cookies ?<\/strong><br \/>Nous utilisons des cookies aux fins suivantes :<\/p>\n<ol>\n<li>Cookies essentiels : ces cookies sont n\u00e9cessaires au bon fonctionnement de notre site web et ne peuvent \u00eatre d\u00e9sactiv\u00e9s sur nos syst\u00e8mes. Ils ne sont g\u00e9n\u00e9ralement install\u00e9s qu&rsquo;en r\u00e9ponse \u00e0 des actions que vous avez entreprises, telles que le r\u00e9glage de vos pr\u00e9f\u00e9rences en mati\u00e8re de confidentialit\u00e9, la connexion ou le remplissage de formulaires.<\/li>\n<li>Cookies de performance et d&rsquo;analyse : ces cookies nous permettent de compter les visites et les sources de trafic afin de mesurer et d&rsquo;am\u00e9liorer la performance de notre site web. Ils nous aident \u00e0 comprendre quelles sont les pages les plus et les moins populaires et \u00e0 voir comment les visiteurs se d\u00e9placent sur le site.<\/li>\n<li>Cookies publicitaires et marketing : ces cookies sont utilis\u00e9s pour vous envoyer des publicit\u00e9s pertinentes en fonction de vos centres d&rsquo;int\u00e9r\u00eat. Ils nous aident \u00e9galement \u00e0 mesurer l&rsquo;efficacit\u00e9 de nos campagnes de marketing.<\/li>\n<\/ol>\n<p><strong>Vos choix en mati\u00e8re de cookies<\/strong><br \/>Vous pouvez contr\u00f4ler et g\u00e9rer les cookies de diff\u00e9rentes mani\u00e8res. La plupart des navigateurs web acceptent automatiquement les cookies, mais vous pouvez g\u00e9n\u00e9ralement modifier les param\u00e8tres de votre navigateur pour refuser les cookies si vous le souhaitez. Toutefois, veuillez noter que la d\u00e9sactivation des cookies peut vous emp\u00eacher d&rsquo;acc\u00e9der \u00e0 certaines fonctionnalit\u00e9s de notre site web.<br \/>Vous pouvez \u00e9galement refuser de recevoir des cookies de tiers sp\u00e9cifiques en utilisant les outils de d\u00e9sactivation fournis par le service de tiers. Veuillez vous r\u00e9f\u00e9rer \u00e0 leurs politiques de confidentialit\u00e9 respectives pour plus d&rsquo;informations.<\/p>\n<p><strong>Mises \u00e0 jour de la pr\u00e9sente politique en mati\u00e8re de cookies<\/strong><br \/>Nous pouvons mettre \u00e0 jour la pr\u00e9sente politique en mati\u00e8re de cookies de temps \u00e0 autre pour refl\u00e9ter les changements dans nos pratiques ou les exigences l\u00e9gales. Nous publierons la version actualis\u00e9e de la politique en mati\u00e8re de cookies sur notre site web et indiquerons la date de la derni\u00e8re r\u00e9vision.<\/p>\n<p><strong>Contactez-nous \u00e0 l&rsquo;adresse suivante<\/strong><br \/>Si vous avez des questions ou des pr\u00e9occupations concernant notre politique en mati\u00e8re de cookies, veuillez nous contacter par courrier \u00e9lectronique \u00e0 l&rsquo;adresse <a href=\"mailto:info@arenalmanoa.com\" target=\"_blank\" rel=\"noopener\">info@arenalmanoa.com<\/a> ou par t\u00e9l\u00e9phone au num\u00e9ro +506-2479-1111.<\/p>\n<p>[\/et_pb_text][\/et_pb_column][\/et_pb_row][\/et_pb_section]<\/p>\n","protected":false},"excerpt":{"rendered":"<p>\n\t\t\t<!-- START Privacy hero REVOLUTION SLIDER 6.7.41 --><p class=\"rs-p-wp-fix\"><\/p>\n\t\t\t<rs-module-wrap id=\"rev_slider_43_2_wrapper\" data-source=\"gallery\" style=\"visibility:hidden;background:transparent;padding:0;\">\n\t\t\t\t<rs-module id=\"rev_slider_43_2\" style=\"\" data-version=\"6.7.41\">\n\t\t\t\t\t<rs-slides style=\"overflow: hidden; position: absolute;\">\n\t\t\t\t\t\t<rs-slide style=\"position: absolute;\" data-key=\"rs-343\" data-title=\"Intro\" data-anim=\"ms:2000;\" data-in=\"o:-0.5;sx:1.6;sy:1.6;e:power4.inOut;\" data-out=\"o:0;sx:0.6;sy:0.6;e:power4.inOut;\">\n\t\t\t\t\t\t\t<img decoding=\"async\" src=\"\/\/arenalmanoa.com\/wp-content\/plugins\/revslider\/sr6\/assets\/assets\/dummy.png\" alt=\"Data privacy\" title=\"Data privacy\" width=\"1536\" height=\"865\" class=\"rev-slidebg tp-rs-img rs-lazyload\" data-lazyload=\"\/\/arenalmanoa.com\/wp-content\/uploads\/2023\/04\/privacy-1536x865.jpg\" data-parallax=\"10\" data-no-retina>\n<!--\n\t\t\t\t\t\t\t--><rs-layer\n\t\t\t\t\t\t\t\tid=\"slider-43-slide-343-layer-0\" \n\t\t\t\t\t\t\t\tdata-type=\"shape\"\n\t\t\t\t\t\t\t\tdata-rsp_ch=\"on\"\n\t\t\t\t\t\t\t\tdata-text=\"w:normal;s:20,16,12,7;l:0,20,15,9;\"\n\t\t\t\t\t\t\t\tdata-dim=\"w:100%;h:100%;\"\n\t\t\t\t\t\t\t\tdata-basealign=\"slide\"\n\t\t\t\t\t\t\t\tdata-frame_999=\"o:0;st:w;\"\n\t\t\t\t\t\t\t\tstyle=\"z-index:6;background-color:rgba(0,0,0,0.35);\"\n\t\t\t\t\t\t\t> \n\t\t\t\t\t\t\t<\/rs-layer><!--\n-->\t\t\t\t\t<\/rs-slide>\n\t\t\t\t\t<\/rs-slides>\n\t\t\t\t\t<rs-static-layers><!--\n\t\t\t\t\t--><\/rs-static-layers>\n\t\t\t\t<\/rs-module>\n\t\t\t\t<script>\n\t\t\t\t\tsetREVStartSize({c: 'rev_slider_43_2',rl:[1240,1024,778,480],el:[867.998,768,960,720],gw:[1240,1024,778,480],gh:[868,768,960,720],type:'hero',justify:'',layout:'fullscreen',offsetContainer:'',offset:'60px',mh:\"0\"});if (window.RS_MODULES!==undefined && window.RS_MODULES.modules!==undefined && window.RS_MODULES.modules[\"revslider432\"]!==undefined) {window.RS_MODULES.modules[\"revslider432\"].once = false;window.revapi43_2 = undefined;if (window.RS_MODULES.checkMinimal!==undefined) window.RS_MODULES.checkMinimal()}\n\t\t\t\t<\/script>\n\t\t\t<\/rs-module-wrap>\n\t\t\t<!-- END REVOLUTION SLIDER -->\nPOLITIQUE EN MATI\u00c8RE DE COOKIESARENAL MANOALa pr\u00e9sente politique en mati\u00e8re de cookies explique comment nous utilisons les cookies et autres technologies similaires sur le site web de l&rsquo;h\u00f4tel Arenal Manoa. En utilisant notre site web, vous acceptez que nous utilisions des cookies conform\u00e9ment \u00e0 cette politique. Qu&rsquo;est-ce qu&rsquo;un Cookie ?Les cookies sont de petits [&hellip;]<\/p>\n","protected":false},"author":1,"featured_media":0,"parent":0,"menu_order":0,"comment_status":"closed","ping_status":"closed","template":"","meta":{"_acf_changed":false,"_et_pb_use_builder":"on","_et_pb_old_content":"","_et_gb_content_width":"","ngg_post_thumbnail":0,"footnotes":""},"sustainability-manoa":[],"class_list":["post-250530","page","type-page","status-publish","hentry"],"acf":[],"_links":{"self":[{"href":"https:\/\/arenalmanoa.com\/fr\/wp-json\/wp\/v2\/pages\/250530","targetHints":{"allow":["GET"]}}],"collection":[{"href":"https:\/\/arenalmanoa.com\/fr\/wp-json\/wp\/v2\/pages"}],"about":[{"href":"https:\/\/arenalmanoa.com\/fr\/wp-json\/wp\/v2\/types\/page"}],"author":[{"embeddable":true,"href":"https:\/\/arenalmanoa.com\/fr\/wp-json\/wp\/v2\/users\/1"}],"replies":[{"embeddable":true,"href":"https:\/\/arenalmanoa.com\/fr\/wp-json\/wp\/v2\/comments?post=250530"}],"version-history":[{"count":6,"href":"https:\/\/arenalmanoa.com\/fr\/wp-json\/wp\/v2\/pages\/250530\/revisions"}],"predecessor-version":[{"id":251625,"href":"https:\/\/arenalmanoa.com\/fr\/wp-json\/wp\/v2\/pages\/250530\/revisions\/251625"}],"wp:attachment":[{"href":"https:\/\/arenalmanoa.com\/fr\/wp-json\/wp\/v2\/media?parent=250530"}],"wp:term":[{"taxonomy":"sustainability-manoa","embeddable":true,"href":"https:\/\/arenalmanoa.com\/fr\/wp-json\/wp\/v2\/sustainability-manoa?post=250530"}],"curies":[{"name":"wp","href":"https:\/\/api.w.org\/{rel}","templated":true}]}}