{"id":247276,"date":"2024-08-07T20:03:23","date_gmt":"2024-08-07T20:03:23","guid":{"rendered":"https:\/\/arenalmanoa.com\/?page_id=247276"},"modified":"2026-01-27T19:31:58","modified_gmt":"2026-01-27T19:31:58","slug":"historia-de-la-fortuna","status":"publish","type":"page","link":"https:\/\/arenalmanoa.com\/es\/sostenibilidad\/historia-de-la-fortuna\/","title":{"rendered":"Historia de la fortuna"},"content":{"rendered":"<p>[et_pb_section fb_built=\u00bb1&#8243; admin_label=\u00bbHero\u00bb _builder_version=\u00bb4.25.1&#8243; _module_preset=\u00bbdefault\u00bb background_color=\u00bbrgba(67,77,87,0.6)\u00bb background_image=\u00bbhttps:\/\/arenalmanoa.com\/wp-content\/uploads\/2024\/05\/arenal-manoa-sustainability-small-tree.webp\u00bb background_blend=\u00bboverlay\u00bb custom_padding=\u00bb300px||300px||true|false\u00bb locked=\u00bboff\u00bb global_colors_info=\u00bb{}\u00bb da_is_popup=\u00bboff\u00bb da_exit_intent=\u00bboff\u00bb da_has_close=\u00bbon\u00bb da_alt_close=\u00bboff\u00bb da_dark_close=\u00bboff\u00bb da_not_modal=\u00bbon\u00bb da_is_singular=\u00bboff\u00bb da_with_loader=\u00bboff\u00bb da_has_shadow=\u00bbon\u00bb da_disable_devices=\u00bboff|off|off\u00bb][et_pb_row module_class=\u00bbhero_sostenibilidad\u00bb _builder_version=\u00bb4.27.0&#8243; _module_preset=\u00bbdefault\u00bb global_colors_info=\u00bb{}\u00bb][et_pb_column type=\u00bb4_4&#8243; _builder_version=\u00bb4.25.1&#8243; _module_preset=\u00bbdefault\u00bb global_colors_info=\u00bb{}\u00bb][et_pb_text _builder_version=\u00bb4.27.5&#8243; _module_preset=\u00bbdefault\u00bb text_font=\u00bbBarlow|300|||||||\u00bb text_text_color=\u00bb#FFFFFF\u00bb text_font_size=\u00bb42px\u00bb text_letter_spacing=\u00bb0.05em\u00bb text_line_height=\u00bb1.1em\u00bb header_font_size=\u00bb42px\u00bb background_color=\u00bbRGBA(255,255,255,0)\u00bb background_blend=\u00bboverlay\u00bb hover_enabled=\u00bb0&#8243; text_font_size_tablet=\u00bb32px\u00bb text_font_size_phone=\u00bb28px\u00bb text_font_size_last_edited=\u00bbon|phone\u00bb global_colors_info=\u00bb{}\u00bb sticky_enabled=\u00bb0&#8243;]<\/p>\n<p class=\"p1\"><a id=\"hero_form_link\" href=\"#\" style=\"text-decoration: underline; color: #ffffff;\">PUEDES RESERVAR TU ESPACIO AQU\u00cd<\/a><\/p>\n<p>[\/et_pb_text][\/et_pb_column][\/et_pb_row][\/et_pb_section][et_pb_section fb_built=\u00bb1&#8243; _builder_version=\u00bb4.27.0&#8243; _module_preset=\u00bbdefault\u00bb custom_padding=\u00bb||0px||false|false\u00bb locked=\u00bboff\u00bb global_colors_info=\u00bb{}\u00bb da_is_popup=\u00bboff\u00bb da_exit_intent=\u00bboff\u00bb da_has_close=\u00bbon\u00bb da_alt_close=\u00bboff\u00bb da_dark_close=\u00bboff\u00bb da_not_modal=\u00bbon\u00bb da_is_singular=\u00bboff\u00bb da_with_loader=\u00bboff\u00bb da_has_shadow=\u00bbon\u00bb da_disable_devices=\u00bboff|off|off\u00bb][et_pb_row _builder_version=\u00bb4.25.1&#8243; _module_preset=\u00bbdefault\u00bb global_colors_info=\u00bb{}\u00bb][et_pb_column type=\u00bb4_4&#8243; _builder_version=\u00bb4.25.1&#8243; _module_preset=\u00bbdefault\u00bb global_colors_info=\u00bb{}\u00bb][et_pb_text _builder_version=\u00bb4.25.1&#8243; _module_preset=\u00bbdefault\u00bb header_font=\u00bbBarlow|300|||||||\u00bb header_text_color=\u00bb#434D57&#8243; header_font_size=\u00bb38px\u00bb header_letter_spacing=\u00bb0.03em\u00bb header_line_height=\u00bb1.1em\u00bb global_colors_info=\u00bb{}\u00bb]<\/p>\n<h1>NUESTRO <span style=\"text-align: center; color: #b8d45f; font-weight: bold;\">COMPROMISO<\/span><\/h1>\n<h1>CON LA SOSTENIBILIDAD<\/h1>\n<p>[\/et_pb_text][et_pb_text _builder_version=\u00bb4.27.0&#8243; _module_preset=\u00bbdefault\u00bb text_font=\u00bbBarlow|300|||||||\u00bb text_font_size=\u00bb20px\u00bb text_letter_spacing=\u00bb0.03em\u00bb text_line_height=\u00bb1.1em\u00bb global_colors_info=\u00bb{}\u00bb]<\/p>\n<p>A trav\u00e9s de este espacio, en Arenal Manoa queremos compartir nuestro viaje hacia la sostenibilidad con ustedes. Aqu\u00ed\u00a0encontrar\u00e1n informaci\u00f3n sobre nuestras pr\u00e1cticas sostenibles, nuestros objetivos y logros, as\u00ed como oportunidades para que ustedes tambi\u00e9n se unan a nosotros en este importante viaje. Creemos firmemente en el poder del trabajo conjunto y sabemos que juntos podemos marcar la diferencia.<\/p>\n<div class=\"menu-sostenibilidad_es-container\"><ul id=\"menu-sostenibilidad_es\" class=\"arenal_submenu\"><li id=\"menu-item-247434\" class=\"menu-item menu-item-type-post_type menu-item-object-page menu-item-247434\"><a href=\"https:\/\/arenalmanoa.com\/es\/sostenibilidad\/\">Sostenibilidad<\/a><\/li>\n<li id=\"menu-item-248757\" class=\"menu-item menu-item-type-post_type menu-item-object-page menu-item-248757\"><a href=\"https:\/\/arenalmanoa.com\/es\/sostenibilidad\/red-sofia\/\">Red SOFIA<\/a><\/li>\n<li id=\"menu-item-247431\" class=\"menu-item menu-item-type-post_type menu-item-object-page menu-item-247431\"><a href=\"https:\/\/arenalmanoa.com\/es\/sostenibilidad\/historia-de-la-fortuna\/\">Historia de la fortuna<\/a><\/li>\n<li id=\"menu-item-247433\" class=\"menu-item menu-item-type-post_type menu-item-object-page menu-item-247433\"><a href=\"https:\/\/arenalmanoa.com\/es\/sostenibilidad\/areas-de-conservacion\/\">\u00c1reas de conservaci\u00f3n<\/a><\/li>\n<li id=\"menu-item-247432\" class=\"menu-item menu-item-type-post_type menu-item-object-page menu-item-247432\"><a href=\"https:\/\/arenalmanoa.com\/es\/sostenibilidad\/cambio-climatico\/\">Cambio climatico<\/a><\/li>\n<li id=\"menu-item-247429\" class=\"menu-item menu-item-type-post_type menu-item-object-page menu-item-247429\"><a href=\"https:\/\/arenalmanoa.com\/es\/sostenibilidad\/consejos\/\">Consejos<\/a><\/li>\n<li id=\"menu-item-247430\" class=\"menu-item menu-item-type-post_type menu-item-object-page menu-item-247430\"><a href=\"https:\/\/arenalmanoa.com\/es\/sostenibilidad\/politicas\/\">Pol\u00edticas<\/a><\/li>\n<li id=\"menu-item-249694\" class=\"menu-item menu-item-type-post_type menu-item-object-page menu-item-249694\"><a href=\"https:\/\/arenalmanoa.com\/es\/sostenibilidad\/memoria\/\">Memoria<\/a><\/li>\n<\/ul><\/div>\n<p>[\/et_pb_text][\/et_pb_column][\/et_pb_row][et_pb_row _builder_version=\u00bb4.27.0&#8243; _module_preset=\u00bbdefault\u00bb min_height=\u00bb312.1px\u00bb custom_padding=\u00bb||0px|||\u00bb global_colors_info=\u00bb{}\u00bb][et_pb_column type=\u00bb4_4&#8243; _builder_version=\u00bb4.27.0&#8243; _module_preset=\u00bbdefault\u00bb global_colors_info=\u00bb{}\u00bb][et_pb_text _builder_version=\u00bb4.27.0&#8243; _module_preset=\u00bbdefault\u00bb global_colors_info=\u00bb{}\u00bb]<\/p>\n<h3 style=\"text-align: center;\">Historia de La Fortuna<\/h3>\n<div class=\"owl-carousel owl-theme owl-theme_h\">\n<div><img decoding=\"async\" width=\"800\" src=\"https:\/\/arenalmanoa.com\/wp-content\/gallery\/historia\/volcan-1.jpg\" \/><\/div>\n<div><img decoding=\"async\" width=\"800\" src=\"https:\/\/arenalmanoa.com\/wp-content\/gallery\/historia\/volcan-2.jpg\" \/><\/div>\n<div><img decoding=\"async\" width=\"800\" src=\"https:\/\/arenalmanoa.com\/wp-content\/gallery\/historia\/1968.jpg\" \/><\/div>\n<\/div>\n<p>[\/et_pb_text][\/et_pb_column][\/et_pb_row][et_pb_row column_structure=\u00bb1_2,1_2&#8243; _builder_version=\u00bb4.27.0&#8243; _module_preset=\u00bbdefault\u00bb global_colors_info=\u00bb{}\u00bb][et_pb_column type=\u00bb1_2&#8243; _builder_version=\u00bb4.27.0&#8243; _module_preset=\u00bbdefault\u00bb global_colors_info=\u00bb{}\u00bb][et_pb_text _builder_version=\u00bb4.27.0&#8243; _module_preset=\u00bbdefault\u00bb global_colors_info=\u00bb{}\u00bb]<\/p>\n<p>La Fortuna de San Carlos es una comunidad situada en la provincia de Alajuela, en Costa Rica, conocida por su impresionante paisaje natural y su rica historia. Originalmente llamada \u00abEl Bur\u00edo\u00bb, la comunidad fue renombrada como \u00abLa Fortuna\u00bb debido a la fertilidad de sus tierras, que han permitido una agricultura pr\u00f3spera y el desarrollo de la ganader\u00eda a lo largo de los a\u00f1os. El primer asentamiento familiar fue en los a\u00f1os 1914.<\/p>\n<p>El pueblo de La Fortuna ha evolucionado desde una comunidad agr\u00edcola a un destino tur\u00edstico de renombre mundial, gracias en gran parte a la presencia del Volc\u00e1n Arenal. El crecimiento del turismo ha impulsado el desarrollo de infraestructura, servicios y actividades recreativas, convirtiendo a La Fortuna en un lugar vibrante y acogedor para visitantes de todo el mundo. <br \/>Erupci\u00f3n del Volc\u00e1n Arenal<\/p>\n<p>Uno de los eventos m\u00e1s significativos en la historia reciente de La Fortuna es la erupci\u00f3n del Volc\u00e1n Arenal en 1968. Antes de esta erupci\u00f3n, el Arenal era considerado un volc\u00e1n inactivo, sin actividad significativa durante siglos. Sin embargo, el 29 de julio de 1968, el volc\u00e1n sorprendi\u00f3 a todos con una violenta erupci\u00f3n que devast\u00f3 la regi\u00f3n, afectando gravemente a las comunidades cercanas, incluyendo los pueblos de Tabac\u00f3n y Pueblo Nuevo, que fueron destruidos.<\/p>\n<p>La erupci\u00f3n del Arenal tuvo consecuencias dram\u00e1ticas, incluyendo la p\u00e9rdida de vidas humanas y la destrucci\u00f3n de propiedades y tierras agr\u00edcolas. Sin embargo, tambi\u00e9n marc\u00f3 el comienzo de una nueva era para La Fortuna y sus alrededores. La actividad volc\u00e1nica continuada y los flujos de lava convirtieron al Arenal en una atracci\u00f3n tur\u00edstica importante, atrayendo a cient\u00edficos, aventureros y turistas interesados en presenciar uno de los volcanes m\u00e1s activos del mundo.<\/p>\n<p>[\/et_pb_text][\/et_pb_column][et_pb_column type=\u00bb1_2&#8243; _builder_version=\u00bb4.27.0&#8243; _module_preset=\u00bbdefault\u00bb global_colors_info=\u00bb{}\u00bb][et_pb_accordion _builder_version=\u00bb4.27.0&#8243; _module_preset=\u00bbdefault\u00bb global_colors_info=\u00bb{}\u00bb][et_pb_accordion_item title=\u00bbCultura Local \u00bb open=\u00bbon\u00bb _builder_version=\u00bb4.27.0&#8243; _module_preset=\u00bbdefault\u00bb global_colors_info=\u00bb{}\u00bb]<\/p>\n<p>La cultura de La Fortuna est\u00e1 profundamente influenciada por su entorno natural y su historia agr\u00edcola. Los habitantes de la regi\u00f3n son conocidos por su hospitalidad y su conexi\u00f3n con la tierra. La agricultura, especialmente la producci\u00f3n de pi\u00f1a, pl\u00e1tano y cacao, sigue siendo una parte importante de la econom\u00eda local, aunque el turismo ha tomado un papel central en las \u00faltimas d\u00e9cadas.<\/p>\n<h4>Tradiciones y Festividades<\/h4>\n<p>La Fortuna celebra varias festividades tradicionales que reflejan su rica herencia cultural. Entre ellas se destacan:<\/p>\n<p><strong>Fiestas Patronales:<\/strong> Celebradas en honor al patr\u00f3n de la localidad, San Juan Bosco, con actividades religiosas, desfiles, conciertos y eventos deportivos.<\/p>\n<p><strong>Festival Internacional Navide\u00f1o:<\/strong> Se realiza todos los a\u00f1os en diciembre en las v\u00edsperas de Navidad, se invitan bandas de todo el pa\u00eds, incluyendo a La Fortuna Marching Band, y de pa\u00edses fronterizos como Guatemala, Honduras, Nicaragua, Panam\u00e1. Desfilan m\u00e1s de 20 bandas recorriendo las calles de la comunidad de La Fortuna, para finalmente dar su presentaci\u00f3n final en el Polideportivo de La Fortuna. El espect\u00e1culo es visitado por locales, personas de todo el pa\u00eds y extranjeros.<\/p>\n<p>[\/et_pb_accordion_item][et_pb_accordion_item title=\u00bbAtracciones Tur\u00edsticas\u00bb _builder_version=\u00bb4.27.0&#8243; _module_preset=\u00bbdefault\u00bb global_colors_info=\u00bb{}\u00bb open=\u00bboff\u00bb]<\/p>\n<p>Adem\u00e1s del Volc\u00e1n Arenal, La Fortuna ofrece una amplia gama de atracciones naturales y actividades al aire libre, incluyendo:<\/p>\n<ul>\n<li><strong>Aguas Termales:<\/strong> La regi\u00f3n es famosa por sus aguas termales naturales, que se calientan por la actividad volc\u00e1nica del Arenal.<\/li>\n<li><strong>Parque Nacional Volc\u00e1n Arenal:<\/strong> Un \u00e1rea protegida que ofrece senderos para caminatas, observaci\u00f3n de aves y vistas espectaculares del volc\u00e1n.<\/li>\n<li><strong>Catarata La Fortuna:<\/strong> Una impresionante cascada que cae desde una altura de 70 metros, accesible por un sendero que atraviesa la selva.<\/li>\n<\/ul>\n<p>La Fortuna de San Carlos es un lugar de extraordinaria belleza natural y rica en historia y cultura. La erupci\u00f3n del Volc\u00e1n Arenal en 1968 transform\u00f3 la comunidad, atrayendo la atenci\u00f3n internacional y convirti\u00e9ndola en un destino tur\u00edstico de primer orden. A pesar de estos cambios, La Fortuna ha mantenido sus ra\u00edces agr\u00edcolas y su c\u00e1lida hospitalidad, ofreciendo a los visitantes una experiencia aut\u00e9ntica y memorable.<\/p>\n<p>[\/et_pb_accordion_item][\/et_pb_accordion][\/et_pb_column][\/et_pb_row][\/et_pb_section][et_pb_section fb_built=\u00bb1&#8243; module_class=\u00bbarenalBottomForm\u00bb _builder_version=\u00bb4.27.0&#8243; _module_preset=\u00bbdefault\u00bb background_color=\u00bb#8FD4E3&#8243; min_height=\u00bb391.7px\u00bb custom_padding=\u00bb||0px|||\u00bb global_colors_info=\u00bb{}\u00bb da_is_popup=\u00bboff\u00bb da_exit_intent=\u00bboff\u00bb da_has_close=\u00bbon\u00bb da_alt_close=\u00bboff\u00bb da_dark_close=\u00bboff\u00bb da_not_modal=\u00bbon\u00bb da_is_singular=\u00bboff\u00bb da_with_loader=\u00bboff\u00bb da_has_shadow=\u00bbon\u00bb da_disable_devices=\u00bboff|off|off\u00bb][et_pb_row _builder_version=\u00bb4.27.0&#8243; _module_preset=\u00bbdefault\u00bb global_colors_info=\u00bb{}\u00bb][et_pb_column type=\u00bb4_4&#8243; _builder_version=\u00bb4.27.0&#8243; _module_preset=\u00bbdefault\u00bb global_colors_info=\u00bb{}\u00bb][et_pb_text _builder_version=\u00bb4.27.0&#8243; _module_preset=\u00bbdefault\u00bb global_colors_info=\u00bb{}\u00bb]\n<div class=\"wpcf7 no-js\" id=\"wpcf7-f247208-o1\" lang=\"es-ES\" dir=\"ltr\" data-wpcf7-id=\"247208\">\n<div class=\"screen-reader-response\"><p role=\"status\" aria-live=\"polite\" aria-atomic=\"true\"><\/p> <ul><\/ul><\/div>\n<form action=\"\/es\/wp-json\/wp\/v2\/pages\/247276#wpcf7-f247208-o1\" method=\"post\" class=\"wpcf7-form init\" aria-label=\"Formulario de contacto\" novalidate=\"novalidate\" data-status=\"init\">\n<fieldset class=\"hidden-fields-container\"><input type=\"hidden\" name=\"_wpcf7\" value=\"247208\" \/><input type=\"hidden\" name=\"_wpcf7_version\" value=\"6.1.5\" \/><input type=\"hidden\" name=\"_wpcf7_locale\" value=\"es_ES\" \/><input type=\"hidden\" name=\"_wpcf7_unit_tag\" value=\"wpcf7-f247208-o1\" \/><input type=\"hidden\" name=\"_wpcf7_container_post\" value=\"0\" \/><input type=\"hidden\" name=\"_wpcf7_posted_data_hash\" value=\"\" \/><input type=\"hidden\" name=\"_wpcf7_recaptcha_response\" value=\"\" \/>\n<\/fieldset>\n<table class=\"arenal_forms\">\n\t<tr>\n\t\t<td colspan=\"3\">\n\t\t\t<h3 id=\"arenal_subscription_bottom\">Reserva tu participaci\u00f3n\n\t\t\t<\/h3>\n\t\t\t<p>PUEDES RESERVAR TU ESPACIO AQU\u00cd\n\t\t\t<\/p>\n\t\t<\/td>\n\t<\/tr>\n\t<tr>\n\t\t<td>\n\t\t\t<p><span class=\"wpcf7-form-control-wrap\" data-name=\"visitor_name\"><input size=\"40\" maxlength=\"400\" class=\"wpcf7-form-control wpcf7-text wpcf7-validates-as-required\" aria-required=\"true\" aria-invalid=\"false\" placeholder=\"Ingresa nombre\" value=\"\" type=\"text\" name=\"visitor_name\" \/><\/span><br \/>\n<span class=\"wpcf7-form-control-wrap\" data-name=\"visitor_email\"><input size=\"40\" maxlength=\"400\" class=\"wpcf7-form-control wpcf7-email wpcf7-validates-as-required wpcf7-text wpcf7-validates-as-email\" aria-required=\"true\" aria-invalid=\"false\" placeholder=\"Ingresa correo electr\u00f3nico\" value=\"\" type=\"email\" name=\"visitor_email\" \/><\/span><br \/>\n<span class=\"wpcf7-form-control-wrap\" data-name=\"visitor_phone\"><input size=\"40\" maxlength=\"400\" class=\"wpcf7-form-control wpcf7-tel wpcf7-validates-as-required wpcf7-text wpcf7-validates-as-tel\" aria-required=\"true\" aria-invalid=\"false\" placeholder=\"Ingresa tel\u00e9fono\" value=\"\" type=\"tel\" name=\"visitor_phone\" \/><\/span>\n\t\t\t<\/p>\n\t\t<\/td>\n\t\t<td>\n\t\t<\/td>\n\t\t<td>\n\t\t\t<p><span class=\"wpcf7-form-control-wrap\" data-name=\"comments\"><textarea cols=\"40\" rows=\"10\" maxlength=\"2000\" class=\"wpcf7-form-control wpcf7-textarea\" aria-invalid=\"false\" placeholder=\"Comentarios\" name=\"comments\"><\/textarea><\/span>\n\t\t\t<\/p>\n\t\t<\/td>\n\t<\/tr>\n\t<tr>\n\t\t<td colspan=\"3\" align=\"center\">\n\t\t\t<p><input class=\"wpcf7-form-control wpcf7-submit has-spinner\" type=\"submit\" value=\"Enviar\" \/>\n\t\t\t<\/p>\n\t\t<\/td>\n\t<\/tr>\n<\/table><div class=\"wpcf7-response-output\" aria-hidden=\"true\"><\/div>\n<\/form>\n<\/div>\n[\/et_pb_text][\/et_pb_column][\/et_pb_row][\/et_pb_section]<\/p>\n","protected":false},"excerpt":{"rendered":"<p>PUEDES RESERVAR TU ESPACIO AQU\u00cdNUESTRO COMPROMISO CON LA SOSTENIBILIDADA trav\u00e9s de este espacio, en Arenal Manoa queremos compartir nuestro viaje hacia la sostenibilidad con ustedes. Aqu\u00ed\u00a0encontrar\u00e1n informaci\u00f3n sobre nuestras pr\u00e1cticas sostenibles, nuestros objetivos y logros, as\u00ed como oportunidades para que ustedes tambi\u00e9n se unan a nosotros en este importante viaje. Creemos firmemente en el poder [&hellip;]<\/p>\n","protected":false},"author":5,"featured_media":247053,"parent":247189,"menu_order":0,"comment_status":"closed","ping_status":"closed","template":"","meta":{"_acf_changed":false,"_et_pb_use_builder":"on","_et_pb_old_content":"","_et_gb_content_width":"","ngg_post_thumbnail":0,"footnotes":""},"sustainability-manoa":[],"class_list":["post-247276","page","type-page","status-publish","has-post-thumbnail","hentry"],"acf":[],"_links":{"self":[{"href":"https:\/\/arenalmanoa.com\/es\/wp-json\/wp\/v2\/pages\/247276","targetHints":{"allow":["GET"]}}],"collection":[{"href":"https:\/\/arenalmanoa.com\/es\/wp-json\/wp\/v2\/pages"}],"about":[{"href":"https:\/\/arenalmanoa.com\/es\/wp-json\/wp\/v2\/types\/page"}],"author":[{"embeddable":true,"href":"https:\/\/arenalmanoa.com\/es\/wp-json\/wp\/v2\/users\/5"}],"replies":[{"embeddable":true,"href":"https:\/\/arenalmanoa.com\/es\/wp-json\/wp\/v2\/comments?post=247276"}],"version-history":[{"count":30,"href":"https:\/\/arenalmanoa.com\/es\/wp-json\/wp\/v2\/pages\/247276\/revisions"}],"predecessor-version":[{"id":254031,"href":"https:\/\/arenalmanoa.com\/es\/wp-json\/wp\/v2\/pages\/247276\/revisions\/254031"}],"up":[{"embeddable":true,"href":"https:\/\/arenalmanoa.com\/es\/wp-json\/wp\/v2\/pages\/247189"}],"wp:featuredmedia":[{"embeddable":true,"href":"https:\/\/arenalmanoa.com\/es\/wp-json\/wp\/v2\/media\/247053"}],"wp:attachment":[{"href":"https:\/\/arenalmanoa.com\/es\/wp-json\/wp\/v2\/media?parent=247276"}],"wp:term":[{"taxonomy":"sustainability-manoa","embeddable":true,"href":"https:\/\/arenalmanoa.com\/es\/wp-json\/wp\/v2\/sustainability-manoa?post=247276"}],"curies":[{"name":"wp","href":"https:\/\/api.w.org\/{rel}","templated":true}]}}