{"id":247269,"date":"2024-08-07T19:54:03","date_gmt":"2024-08-07T19:54:03","guid":{"rendered":"https:\/\/arenalmanoa.com\/?page_id=247269"},"modified":"2026-01-27T19:29:08","modified_gmt":"2026-01-27T19:29:08","slug":"cambio-climatico","status":"publish","type":"page","link":"https:\/\/arenalmanoa.com\/es\/sostenibilidad\/cambio-climatico\/","title":{"rendered":"Cambio climatico"},"content":{"rendered":"<p>[et_pb_section fb_built=\u00bb1&#8243; admin_label=\u00bbHero\u00bb _builder_version=\u00bb4.25.1&#8243; _module_preset=\u00bbdefault\u00bb background_color=\u00bbrgba(67,77,87,0.6)\u00bb background_image=\u00bbhttps:\/\/arenalmanoa.com\/wp-content\/uploads\/2024\/05\/arenal-manoa-sustainability-small-tree.webp\u00bb background_blend=\u00bboverlay\u00bb custom_padding=\u00bb300px||300px||true|false\u00bb locked=\u00bboff\u00bb global_colors_info=\u00bb{}\u00bb da_is_popup=\u00bboff\u00bb da_exit_intent=\u00bboff\u00bb da_has_close=\u00bbon\u00bb da_alt_close=\u00bboff\u00bb da_dark_close=\u00bboff\u00bb da_not_modal=\u00bbon\u00bb da_is_singular=\u00bboff\u00bb da_with_loader=\u00bboff\u00bb da_has_shadow=\u00bbon\u00bb da_disable_devices=\u00bboff|off|off\u00bb][et_pb_row module_class=\u00bbhero_sostenibilidad\u00bb _builder_version=\u00bb4.27.0&#8243; _module_preset=\u00bbdefault\u00bb global_colors_info=\u00bb{}\u00bb][et_pb_column type=\u00bb4_4&#8243; _builder_version=\u00bb4.25.1&#8243; _module_preset=\u00bbdefault\u00bb global_colors_info=\u00bb{}\u00bb][et_pb_text _builder_version=\u00bb4.27.5&#8243; _module_preset=\u00bbdefault\u00bb text_font=\u00bbBarlow|300|||||||\u00bb text_text_color=\u00bb#FFFFFF\u00bb text_font_size=\u00bb42px\u00bb text_letter_spacing=\u00bb0.05em\u00bb text_line_height=\u00bb1.1em\u00bb header_font_size=\u00bb42px\u00bb background_color=\u00bbRGBA(255,255,255,0)\u00bb background_blend=\u00bboverlay\u00bb hover_enabled=\u00bb0&#8243; text_font_size_tablet=\u00bb32px\u00bb text_font_size_phone=\u00bb28px\u00bb text_font_size_last_edited=\u00bbon|phone\u00bb global_colors_info=\u00bb{}\u00bb sticky_enabled=\u00bb0&#8243;]<\/p>\n<p class=\"p1\"><a id=\"hero_form_link\" href=\"#\" style=\"text-decoration: underline; color: #ffffff;\">PUEDES RESERVAR TU ESPACIO AQU\u00cd<\/a><\/p>\n<p>[\/et_pb_text][\/et_pb_column][\/et_pb_row][\/et_pb_section][et_pb_section fb_built=\u00bb1&#8243; _builder_version=\u00bb4.25.1&#8243; _module_preset=\u00bbdefault\u00bb custom_padding=\u00bb||0px||false|false\u00bb locked=\u00bboff\u00bb global_colors_info=\u00bb{}\u00bb da_is_popup=\u00bboff\u00bb da_exit_intent=\u00bboff\u00bb da_has_close=\u00bbon\u00bb da_alt_close=\u00bboff\u00bb da_dark_close=\u00bboff\u00bb da_not_modal=\u00bbon\u00bb da_is_singular=\u00bboff\u00bb da_with_loader=\u00bboff\u00bb da_has_shadow=\u00bbon\u00bb da_disable_devices=\u00bboff|off|off\u00bb][et_pb_row _builder_version=\u00bb4.25.1&#8243; _module_preset=\u00bbdefault\u00bb global_colors_info=\u00bb{}\u00bb][et_pb_column type=\u00bb4_4&#8243; _builder_version=\u00bb4.25.1&#8243; _module_preset=\u00bbdefault\u00bb global_colors_info=\u00bb{}\u00bb][et_pb_text _builder_version=\u00bb4.25.1&#8243; _module_preset=\u00bbdefault\u00bb header_font=\u00bbBarlow|300|||||||\u00bb header_text_color=\u00bb#434D57&#8243; header_font_size=\u00bb38px\u00bb header_letter_spacing=\u00bb0.03em\u00bb header_line_height=\u00bb1.1em\u00bb global_colors_info=\u00bb{}\u00bb]<\/p>\n<h1>NUESTRO <span style=\"text-align: center; color: #b8d45f; font-weight: bold;\">COMPROMISO<\/span><\/h1>\n<h1>CON LA SOSTENIBILIDAD<\/h1>\n<p>[\/et_pb_text][et_pb_text _builder_version=\u00bb4.27.0&#8243; _module_preset=\u00bbdefault\u00bb text_font=\u00bbBarlow|300|||||||\u00bb text_font_size=\u00bb20px\u00bb text_letter_spacing=\u00bb0.03em\u00bb text_line_height=\u00bb1.1em\u00bb global_colors_info=\u00bb{}\u00bb]<\/p>\n<p>A trav\u00e9s de este espacio, en Arenal Manoa queremos compartir nuestro viaje hacia la sostenibilidad con ustedes. Aqu\u00ed\u00a0encontrar\u00e1n informaci\u00f3n sobre nuestras pr\u00e1cticas sostenibles, nuestros objetivos y logros, as\u00ed como oportunidades para que ustedes tambi\u00e9n se unan a nosotros en este importante viaje. Creemos firmemente en el poder del trabajo conjunto y sabemos que juntos podemos marcar la diferencia.<\/p>\n<div class=\"menu-sostenibilidad_es-container\"><ul id=\"menu-sostenibilidad_es\" class=\"arenal_submenu\"><li id=\"menu-item-247434\" class=\"menu-item menu-item-type-post_type menu-item-object-page menu-item-247434\"><a href=\"https:\/\/arenalmanoa.com\/es\/sostenibilidad\/\">Sostenibilidad<\/a><\/li>\n<li id=\"menu-item-248757\" class=\"menu-item menu-item-type-post_type menu-item-object-page menu-item-248757\"><a href=\"https:\/\/arenalmanoa.com\/es\/sostenibilidad\/red-sofia\/\">Red SOFIA<\/a><\/li>\n<li id=\"menu-item-247431\" class=\"menu-item menu-item-type-post_type menu-item-object-page menu-item-247431\"><a href=\"https:\/\/arenalmanoa.com\/es\/sostenibilidad\/historia-de-la-fortuna\/\">Historia de la fortuna<\/a><\/li>\n<li id=\"menu-item-247433\" class=\"menu-item menu-item-type-post_type menu-item-object-page menu-item-247433\"><a href=\"https:\/\/arenalmanoa.com\/es\/sostenibilidad\/areas-de-conservacion\/\">\u00c1reas de conservaci\u00f3n<\/a><\/li>\n<li id=\"menu-item-247432\" class=\"menu-item menu-item-type-post_type menu-item-object-page menu-item-247432\"><a href=\"https:\/\/arenalmanoa.com\/es\/sostenibilidad\/cambio-climatico\/\">Cambio climatico<\/a><\/li>\n<li id=\"menu-item-247429\" class=\"menu-item menu-item-type-post_type menu-item-object-page menu-item-247429\"><a href=\"https:\/\/arenalmanoa.com\/es\/sostenibilidad\/consejos\/\">Consejos<\/a><\/li>\n<li id=\"menu-item-247430\" class=\"menu-item menu-item-type-post_type menu-item-object-page menu-item-247430\"><a href=\"https:\/\/arenalmanoa.com\/es\/sostenibilidad\/politicas\/\">Pol\u00edticas<\/a><\/li>\n<li id=\"menu-item-249694\" class=\"menu-item menu-item-type-post_type menu-item-object-page menu-item-249694\"><a href=\"https:\/\/arenalmanoa.com\/es\/sostenibilidad\/memoria\/\">Memoria<\/a><\/li>\n<\/ul><\/div>\n<p>[\/et_pb_text][\/et_pb_column][\/et_pb_row][et_pb_row _builder_version=\u00bb4.27.0&#8243; _module_preset=\u00bbdefault\u00bb min_height=\u00bb48.7px\u00bb custom_margin=\u00bb|auto|1px|auto||\u00bb custom_padding=\u00bb18px|||||\u00bb global_colors_info=\u00bb{}\u00bb][et_pb_column type=\u00bb4_4&#8243; _builder_version=\u00bb4.27.0&#8243; _module_preset=\u00bbdefault\u00bb global_colors_info=\u00bb{}\u00bb][et_pb_text _builder_version=\u00bb4.27.0&#8243; _module_preset=\u00bbdefault\u00bb global_colors_info=\u00bb{}\u00bb]<\/p>\n<h3 style=\"text-align: center;\">CAMBIO CLIM\u00c1TICO<\/h3>\n<p>[\/et_pb_text][\/et_pb_column][\/et_pb_row][et_pb_row column_structure=\u00bb1_2,1_2&#8243; _builder_version=\u00bb4.27.0&#8243; _module_preset=\u00bbdefault\u00bb global_colors_info=\u00bb{}\u00bb][et_pb_column type=\u00bb1_2&#8243; _builder_version=\u00bb4.27.0&#8243; _module_preset=\u00bbdefault\u00bb global_colors_info=\u00bb{}\u00bb][et_pb_image src=\u00bbhttps:\/\/arenalmanoa.com\/wp-content\/uploads\/2024\/09\/cambio-climatico.jpg\u00bb title_text=\u00bbcambio-climatico\u00bb _builder_version=\u00bb4.27.0&#8243; _module_preset=\u00bbdefault\u00bb global_colors_info=\u00bb{}\u00bb][\/et_pb_image][\/et_pb_column][et_pb_column type=\u00bb1_2&#8243; _builder_version=\u00bb4.27.0&#8243; _module_preset=\u00bbdefault\u00bb global_colors_info=\u00bb{}\u00bb][et_pb_accordion _builder_version=\u00bb4.27.0&#8243; _module_preset=\u00bbdefault\u00bb global_colors_info=\u00bb{}\u00bb][et_pb_accordion_item title=\u00bbMitigaci\u00f3n al cambio clim\u00e1tico: acciones para reducir y limitar las emisiones de gases de efecto invernadero\u00bb open=\u00bbon\u00bb _builder_version=\u00bb4.27.0&#8243; _module_preset=\u00bbdefault\u00bb global_colors_info=\u00bb{}\u00bb]<\/p>\n<p>El cambio clim\u00e1tico es uno de los mayores desaf\u00edos que enfrenta la humanidad hoy en d\u00eda. Para combatirlo, es crucial implementar estrategias de mitigaci\u00f3n que ayuden a reducir y limitar las emisiones de gases de efecto invernadero. A continuaci\u00f3n, se detallan algunas de las acciones m\u00e1s efectivas:<\/p>\n<ul>\n<li>Eficiencia Energ\u00e9tica<\/li>\n<li>Mayor uso de energ\u00edas renovables<\/li>\n<li>Electrificaci\u00f3n de procesos industriales<\/li>\n<li>Transporte eficientes (transporte p\u00fablico el\u00e9ctrico, bicicleta, etc)<\/li>\n<li>Impuestos sobre el carbono y mercados de emisiones<\/li>\n<\/ul>\n<p>[\/et_pb_accordion_item][et_pb_accordion_item title=\u00bbAdaptaci\u00f3n al cambio clim\u00e1tico: Acciones para reducir la vulnerabilidad\u00bb _builder_version=\u00bb4.27.0&#8243; _module_preset=\u00bbdefault\u00bb global_colors_info=\u00bb{}\u00bb open=\u00bboff\u00bb]<\/p>\n<p>Adem\u00e1s de mitigar el cambio clim\u00e1tico, es fundamental adaptarse a sus efectos inevitables. Las estrategias de adaptaci\u00f3n ayudan a reducir la vulnerabilidad de las comunidades y los ecosistemas ante los impactos del cambio clim\u00e1tico.<\/p>\n<ul>\n<li>Ubicaciones de instalaciones y obras de infraestructuras m\u00e1s seguras<\/li>\n<li>Restauraci\u00f3n paisaj\u00edstica (paisajes naturales y reforestaciones)<\/li>\n<li>Cultivo flexible y variado para estar preparado ante cat\u00e1strofe natural<\/li>\n<li>Investigaci\u00f3n y desarrollo sobre posibles cat\u00e1strofes, comportamiento de la temperatura<\/li>\n<li>Medidas de prevenci\u00f3n y precauci\u00f3n (piones de evacuaci\u00f3n, temas sanitarios, etc)<\/li>\n<\/ul>\n<p>[\/et_pb_accordion_item][et_pb_accordion_item title=\u00bbImpactos Generados por el Cambio Clim\u00e1tico\u00bb _builder_version=\u00bb4.27.0&#8243; _module_preset=\u00bbdefault\u00bb global_colors_info=\u00bb{}\u00bb open=\u00bboff\u00bb]<\/p>\n<p>El cambio clim\u00e1tico genera una amplia variedad de impactos negativos que afectan tanto a los ecosistemas como a las sociedades humanas. Entre estos se incluyen:<\/p>\n<ul>\n<li>Aumento de la temperatura global, lo que provoca olas de calor m\u00e1s frecuentes e intensas.<\/li>\n<li>Derretimiento de glaciares y capas de hielo, lo que contribuye al aumento del nivel del mar.<\/li>\n<li>Cambios en los patrones de precipitaci\u00f3n, que pueden causar sequ\u00edas en algunas regiones y inundaciones en otras.<\/li>\n<li>Mayor frecuencia e intensidad de fen\u00f3menos meteorol\u00f3gicos extremos, como huracanes, tifones y tormentas.<\/li>\n<li>Impactos en la biodiversidad y los ecosistemas, con la extinci\u00f3n de especies y la alteraci\u00f3n de h\u00e1bitats naturales.<\/li>\n<\/ul>\n<p>[\/et_pb_accordion_item][\/et_pb_accordion][\/et_pb_column][\/et_pb_row][et_pb_row _builder_version=\u00bb4.27.0&#8243; _module_preset=\u00bbdefault\u00bb global_colors_info=\u00bb{}\u00bb][et_pb_column type=\u00bb4_4&#8243; _builder_version=\u00bb4.27.0&#8243; _module_preset=\u00bbdefault\u00bb global_colors_info=\u00bb{}\u00bb][et_pb_text _builder_version=\u00bb4.27.0&#8243; _module_preset=\u00bbdefault\u00bb global_colors_info=\u00bb{}\u00bb]<\/p>\n<p style=\"text-align: center;\"><strong>Fuente: SINAC<\/strong><\/p>\n<p>[\/et_pb_text][\/et_pb_column][\/et_pb_row][\/et_pb_section][et_pb_section fb_built=\u00bb1&#8243; module_class=\u00bbarenalBottomForm\u00bb _builder_version=\u00bb4.27.0&#8243; _module_preset=\u00bbdefault\u00bb background_color=\u00bb#8FD4E3&#8243; min_height=\u00bb391.7px\u00bb custom_padding=\u00bb||0px|||\u00bb global_colors_info=\u00bb{}\u00bb da_is_popup=\u00bboff\u00bb da_exit_intent=\u00bboff\u00bb da_has_close=\u00bbon\u00bb da_alt_close=\u00bboff\u00bb da_dark_close=\u00bboff\u00bb da_not_modal=\u00bbon\u00bb da_is_singular=\u00bboff\u00bb da_with_loader=\u00bboff\u00bb da_has_shadow=\u00bbon\u00bb da_disable_devices=\u00bboff|off|off\u00bb][et_pb_row _builder_version=\u00bb4.27.0&#8243; _module_preset=\u00bbdefault\u00bb global_colors_info=\u00bb{}\u00bb][et_pb_column type=\u00bb4_4&#8243; _builder_version=\u00bb4.27.0&#8243; _module_preset=\u00bbdefault\u00bb global_colors_info=\u00bb{}\u00bb][et_pb_text _builder_version=\u00bb4.27.0&#8243; _module_preset=\u00bbdefault\u00bb global_colors_info=\u00bb{}\u00bb]\n<div class=\"wpcf7 no-js\" id=\"wpcf7-f247208-o1\" lang=\"es-ES\" dir=\"ltr\" data-wpcf7-id=\"247208\">\n<div class=\"screen-reader-response\"><p role=\"status\" aria-live=\"polite\" aria-atomic=\"true\"><\/p> <ul><\/ul><\/div>\n<form action=\"\/es\/wp-json\/wp\/v2\/pages\/247269#wpcf7-f247208-o1\" method=\"post\" class=\"wpcf7-form init\" aria-label=\"Formulario de contacto\" novalidate=\"novalidate\" data-status=\"init\">\n<fieldset class=\"hidden-fields-container\"><input type=\"hidden\" name=\"_wpcf7\" value=\"247208\" \/><input type=\"hidden\" name=\"_wpcf7_version\" value=\"6.1.5\" \/><input type=\"hidden\" name=\"_wpcf7_locale\" value=\"es_ES\" \/><input type=\"hidden\" name=\"_wpcf7_unit_tag\" value=\"wpcf7-f247208-o1\" \/><input type=\"hidden\" name=\"_wpcf7_container_post\" value=\"0\" \/><input type=\"hidden\" name=\"_wpcf7_posted_data_hash\" value=\"\" \/><input type=\"hidden\" name=\"_wpcf7_recaptcha_response\" value=\"\" \/>\n<\/fieldset>\n<table class=\"arenal_forms\">\n\t<tr>\n\t\t<td colspan=\"3\">\n\t\t\t<h3 id=\"arenal_subscription_bottom\">Reserva tu participaci\u00f3n\n\t\t\t<\/h3>\n\t\t\t<p>PUEDES RESERVAR TU ESPACIO AQU\u00cd\n\t\t\t<\/p>\n\t\t<\/td>\n\t<\/tr>\n\t<tr>\n\t\t<td>\n\t\t\t<p><span class=\"wpcf7-form-control-wrap\" data-name=\"visitor_name\"><input size=\"40\" maxlength=\"400\" class=\"wpcf7-form-control wpcf7-text wpcf7-validates-as-required\" aria-required=\"true\" aria-invalid=\"false\" placeholder=\"Ingresa nombre\" value=\"\" type=\"text\" name=\"visitor_name\" \/><\/span><br \/>\n<span class=\"wpcf7-form-control-wrap\" data-name=\"visitor_email\"><input size=\"40\" maxlength=\"400\" class=\"wpcf7-form-control wpcf7-email wpcf7-validates-as-required wpcf7-text wpcf7-validates-as-email\" aria-required=\"true\" aria-invalid=\"false\" placeholder=\"Ingresa correo electr\u00f3nico\" value=\"\" type=\"email\" name=\"visitor_email\" \/><\/span><br \/>\n<span class=\"wpcf7-form-control-wrap\" data-name=\"visitor_phone\"><input size=\"40\" maxlength=\"400\" class=\"wpcf7-form-control wpcf7-tel wpcf7-validates-as-required wpcf7-text wpcf7-validates-as-tel\" aria-required=\"true\" aria-invalid=\"false\" placeholder=\"Ingresa tel\u00e9fono\" value=\"\" type=\"tel\" name=\"visitor_phone\" \/><\/span>\n\t\t\t<\/p>\n\t\t<\/td>\n\t\t<td>\n\t\t<\/td>\n\t\t<td>\n\t\t\t<p><span class=\"wpcf7-form-control-wrap\" data-name=\"comments\"><textarea cols=\"40\" rows=\"10\" maxlength=\"2000\" class=\"wpcf7-form-control wpcf7-textarea\" aria-invalid=\"false\" placeholder=\"Comentarios\" name=\"comments\"><\/textarea><\/span>\n\t\t\t<\/p>\n\t\t<\/td>\n\t<\/tr>\n\t<tr>\n\t\t<td colspan=\"3\" align=\"center\">\n\t\t\t<p><input class=\"wpcf7-form-control wpcf7-submit has-spinner\" type=\"submit\" value=\"Enviar\" \/>\n\t\t\t<\/p>\n\t\t<\/td>\n\t<\/tr>\n<\/table><div class=\"wpcf7-response-output\" aria-hidden=\"true\"><\/div>\n<\/form>\n<\/div>\n[\/et_pb_text][\/et_pb_column][\/et_pb_row][\/et_pb_section]<\/p>\n","protected":false},"excerpt":{"rendered":"<p>PUEDES RESERVAR TU ESPACIO AQU\u00cdNUESTRO COMPROMISO CON LA SOSTENIBILIDADA trav\u00e9s de este espacio, en Arenal Manoa queremos compartir nuestro viaje hacia la sostenibilidad con ustedes. Aqu\u00ed\u00a0encontrar\u00e1n informaci\u00f3n sobre nuestras pr\u00e1cticas sostenibles, nuestros objetivos y logros, as\u00ed como oportunidades para que ustedes tambi\u00e9n se unan a nosotros en este importante viaje. Creemos firmemente en el poder [&hellip;]<\/p>\n","protected":false},"author":5,"featured_media":247053,"parent":247189,"menu_order":0,"comment_status":"closed","ping_status":"closed","template":"","meta":{"_acf_changed":false,"_et_pb_use_builder":"on","_et_pb_old_content":"","_et_gb_content_width":"","ngg_post_thumbnail":0,"footnotes":""},"sustainability-manoa":[],"class_list":["post-247269","page","type-page","status-publish","has-post-thumbnail","hentry"],"acf":[],"_links":{"self":[{"href":"https:\/\/arenalmanoa.com\/es\/wp-json\/wp\/v2\/pages\/247269","targetHints":{"allow":["GET"]}}],"collection":[{"href":"https:\/\/arenalmanoa.com\/es\/wp-json\/wp\/v2\/pages"}],"about":[{"href":"https:\/\/arenalmanoa.com\/es\/wp-json\/wp\/v2\/types\/page"}],"author":[{"embeddable":true,"href":"https:\/\/arenalmanoa.com\/es\/wp-json\/wp\/v2\/users\/5"}],"replies":[{"embeddable":true,"href":"https:\/\/arenalmanoa.com\/es\/wp-json\/wp\/v2\/comments?post=247269"}],"version-history":[{"count":21,"href":"https:\/\/arenalmanoa.com\/es\/wp-json\/wp\/v2\/pages\/247269\/revisions"}],"predecessor-version":[{"id":254027,"href":"https:\/\/arenalmanoa.com\/es\/wp-json\/wp\/v2\/pages\/247269\/revisions\/254027"}],"up":[{"embeddable":true,"href":"https:\/\/arenalmanoa.com\/es\/wp-json\/wp\/v2\/pages\/247189"}],"wp:featuredmedia":[{"embeddable":true,"href":"https:\/\/arenalmanoa.com\/es\/wp-json\/wp\/v2\/media\/247053"}],"wp:attachment":[{"href":"https:\/\/arenalmanoa.com\/es\/wp-json\/wp\/v2\/media?parent=247269"}],"wp:term":[{"taxonomy":"sustainability-manoa","embeddable":true,"href":"https:\/\/arenalmanoa.com\/es\/wp-json\/wp\/v2\/sustainability-manoa?post=247269"}],"curies":[{"name":"wp","href":"https:\/\/api.w.org\/{rel}","templated":true}]}}