{"id":247260,"date":"2024-08-03T08:26:10","date_gmt":"2024-08-03T08:26:10","guid":{"rendered":"https:\/\/arenalmanoa.com\/?page_id=247260"},"modified":"2026-01-27T19:30:35","modified_gmt":"2026-01-27T19:30:35","slug":"areas-de-conservacion","status":"publish","type":"page","link":"https:\/\/arenalmanoa.com\/es\/sostenibilidad\/areas-de-conservacion\/","title":{"rendered":"\u00c1reas de conservaci\u00f3n"},"content":{"rendered":"<p>[et_pb_section fb_built=\u00bb1&#8243; admin_label=\u00bbHero\u00bb _builder_version=\u00bb4.25.1&#8243; _module_preset=\u00bbdefault\u00bb background_color=\u00bbrgba(67,77,87,0.6)\u00bb background_image=\u00bbhttps:\/\/arenalmanoa.com\/wp-content\/uploads\/2024\/05\/arenal-manoa-sustainability-small-tree.webp\u00bb background_blend=\u00bboverlay\u00bb custom_padding=\u00bb300px||300px||true|false\u00bb locked=\u00bboff\u00bb global_colors_info=\u00bb{}\u00bb da_is_popup=\u00bboff\u00bb da_exit_intent=\u00bboff\u00bb da_has_close=\u00bbon\u00bb da_alt_close=\u00bboff\u00bb da_dark_close=\u00bboff\u00bb da_not_modal=\u00bbon\u00bb da_is_singular=\u00bboff\u00bb da_with_loader=\u00bboff\u00bb da_has_shadow=\u00bbon\u00bb da_disable_devices=\u00bboff|off|off\u00bb][et_pb_row module_class=\u00bbhero_sostenibilidad\u00bb _builder_version=\u00bb4.27.0&#8243; _module_preset=\u00bbdefault\u00bb global_colors_info=\u00bb{}\u00bb][et_pb_column type=\u00bb4_4&#8243; _builder_version=\u00bb4.25.1&#8243; _module_preset=\u00bbdefault\u00bb global_colors_info=\u00bb{}\u00bb][et_pb_text _builder_version=\u00bb4.27.5&#8243; _module_preset=\u00bbdefault\u00bb text_font=\u00bbBarlow|300|||||||\u00bb text_text_color=\u00bb#FFFFFF\u00bb text_font_size=\u00bb42px\u00bb text_letter_spacing=\u00bb0.05em\u00bb text_line_height=\u00bb1.1em\u00bb header_font_size=\u00bb42px\u00bb background_color=\u00bbRGBA(255,255,255,0)\u00bb background_blend=\u00bboverlay\u00bb hover_enabled=\u00bb0&#8243; text_font_size_tablet=\u00bb32px\u00bb text_font_size_phone=\u00bb28px\u00bb text_font_size_last_edited=\u00bbon|phone\u00bb global_colors_info=\u00bb{}\u00bb sticky_enabled=\u00bb0&#8243;]<\/p>\n<p class=\"p1\"><a id=\"hero_form_link\" href=\"#\" style=\"text-decoration: underline; color: #ffffff;\">PUEDES RESERVAR TU ESPACIO AQU\u00cd<\/a><\/p>\n<p>[\/et_pb_text][\/et_pb_column][\/et_pb_row][\/et_pb_section][et_pb_section fb_built=\u00bb1&#8243; _builder_version=\u00bb4.27.0&#8243; _module_preset=\u00bbdefault\u00bb custom_padding=\u00bb||0px|||\u00bb global_colors_info=\u00bb{}\u00bb da_is_popup=\u00bboff\u00bb da_exit_intent=\u00bboff\u00bb da_has_close=\u00bbon\u00bb da_alt_close=\u00bboff\u00bb da_dark_close=\u00bboff\u00bb da_not_modal=\u00bbon\u00bb da_is_singular=\u00bboff\u00bb da_with_loader=\u00bboff\u00bb da_has_shadow=\u00bbon\u00bb da_disable_devices=\u00bboff|off|off\u00bb][et_pb_row _builder_version=\u00bb4.27.0&#8243; _module_preset=\u00bbdefault\u00bb global_colors_info=\u00bb{}\u00bb][et_pb_column type=\u00bb4_4&#8243; _builder_version=\u00bb4.27.0&#8243; _module_preset=\u00bbdefault\u00bb global_colors_info=\u00bb{}\u00bb][et_pb_text _builder_version=\u00bb4.25.1&#8243; _module_preset=\u00bbdefault\u00bb header_font=\u00bbBarlow|300|||||||\u00bb header_text_color=\u00bb#434D57&#8243; header_font_size=\u00bb38px\u00bb header_letter_spacing=\u00bb0.03em\u00bb header_line_height=\u00bb1.1em\u00bb global_colors_info=\u00bb{}\u00bb]<\/p>\n<h1>NUESTRO <span style=\"text-align: center; color: #b8d45f; font-weight: bold;\">COMPROMISO<\/span><\/h1>\n<h1>CON LA SOSTENIBILIDAD<\/h1>\n<p>[\/et_pb_text][\/et_pb_column][\/et_pb_row][et_pb_row _builder_version=\u00bb4.25.1&#8243; _module_preset=\u00bbdefault\u00bb global_colors_info=\u00bb{}\u00bb][et_pb_column type=\u00bb4_4&#8243; _builder_version=\u00bb4.25.1&#8243; _module_preset=\u00bbdefault\u00bb global_colors_info=\u00bb{}\u00bb][et_pb_text _builder_version=\u00bb4.27.0&#8243; _module_preset=\u00bbdefault\u00bb text_font=\u00bbBarlow|300|||||||\u00bb text_font_size=\u00bb20px\u00bb text_letter_spacing=\u00bb0.03em\u00bb text_line_height=\u00bb1.1em\u00bb global_colors_info=\u00bb{}\u00bb]<\/p>\n<p>A trav\u00e9s de este espacio, en Arenal Manoa queremos compartir nuestro viaje hacia la sostenibilidad con ustedes. Aqu\u00ed\u00a0encontrar\u00e1n informaci\u00f3n sobre nuestras pr\u00e1cticas sostenibles, nuestros objetivos y logros, as\u00ed como oportunidades para que ustedes tambi\u00e9n se unan a nosotros en este importante viaje. Creemos firmemente en el poder del trabajo conjunto y sabemos que juntos podemos marcar la diferencia.<\/p>\n<div class=\"menu-sostenibilidad_es-container\"><ul id=\"menu-sostenibilidad_es\" class=\"arenal_submenu\"><li id=\"menu-item-247434\" class=\"menu-item menu-item-type-post_type menu-item-object-page menu-item-247434\"><a href=\"https:\/\/arenalmanoa.com\/es\/sostenibilidad\/\">Sostenibilidad<\/a><\/li>\n<li id=\"menu-item-248757\" class=\"menu-item menu-item-type-post_type menu-item-object-page menu-item-248757\"><a href=\"https:\/\/arenalmanoa.com\/es\/sostenibilidad\/red-sofia\/\">Red SOFIA<\/a><\/li>\n<li id=\"menu-item-247431\" class=\"menu-item menu-item-type-post_type menu-item-object-page menu-item-247431\"><a href=\"https:\/\/arenalmanoa.com\/es\/sostenibilidad\/historia-de-la-fortuna\/\">Historia de la fortuna<\/a><\/li>\n<li id=\"menu-item-247433\" class=\"menu-item menu-item-type-post_type menu-item-object-page menu-item-247433\"><a href=\"https:\/\/arenalmanoa.com\/es\/sostenibilidad\/areas-de-conservacion\/\">\u00c1reas de conservaci\u00f3n<\/a><\/li>\n<li id=\"menu-item-247432\" class=\"menu-item menu-item-type-post_type menu-item-object-page menu-item-247432\"><a href=\"https:\/\/arenalmanoa.com\/es\/sostenibilidad\/cambio-climatico\/\">Cambio climatico<\/a><\/li>\n<li id=\"menu-item-247429\" class=\"menu-item menu-item-type-post_type menu-item-object-page menu-item-247429\"><a href=\"https:\/\/arenalmanoa.com\/es\/sostenibilidad\/consejos\/\">Consejos<\/a><\/li>\n<li id=\"menu-item-247430\" class=\"menu-item menu-item-type-post_type menu-item-object-page menu-item-247430\"><a href=\"https:\/\/arenalmanoa.com\/es\/sostenibilidad\/politicas\/\">Pol\u00edticas<\/a><\/li>\n<li id=\"menu-item-249694\" class=\"menu-item menu-item-type-post_type menu-item-object-page menu-item-249694\"><a href=\"https:\/\/arenalmanoa.com\/es\/sostenibilidad\/memoria\/\">Memoria<\/a><\/li>\n<\/ul><\/div>\n<p>[\/et_pb_text][\/et_pb_column][\/et_pb_row][et_pb_row _builder_version=\u00bb4.27.0&#8243; _module_preset=\u00bbdefault\u00bb global_colors_info=\u00bb{}\u00bb][et_pb_column type=\u00bb4_4&#8243; _builder_version=\u00bb4.27.0&#8243; _module_preset=\u00bbdefault\u00bb global_colors_info=\u00bb{}\u00bb][et_pb_text _builder_version=\u00bb4.27.0&#8243; _module_preset=\u00bbdefault\u00bb global_colors_info=\u00bb{}\u00bb]<\/p>\n<h3>\u00c1REAS DE CONSERVACI\u00d3N<\/h3>\n<p>[\/et_pb_text][\/et_pb_column][\/et_pb_row][et_pb_row column_structure=\u00bb1_2,1_2&#8243; _builder_version=\u00bb4.27.0&#8243; _module_preset=\u00bbdefault\u00bb global_colors_info=\u00bb{}\u00bb][et_pb_column type=\u00bb1_2&#8243; _builder_version=\u00bb4.27.0&#8243; _module_preset=\u00bbdefault\u00bb global_colors_info=\u00bb{}\u00bb][et_pb_text _builder_version=\u00bb4.27.0&#8243; _module_preset=\u00bbdefault\u00bb global_colors_info=\u00bb{}\u00bb]<\/p>\n<p>Costa Rica es un pa\u00eds privilegiado al conservar buena parte de su territorio, unos 13.000 kil\u00f3metros cuadrados, en parques y reservas nacionales. Aqu\u00ed se mantiene protegido lo m\u00e1s valioso del patrimonio natural e hist\u00f3rico.<\/p>\n<p>Las \u00c1reas de Conservaci\u00f3n est\u00e1n constituidas por un conjunto de parques nacionales o reservas biol\u00f3gicas terrestres y marinas, cuya afinidad ecol\u00f3gica y proximidad geogr\u00e1fica, permiten su administraci\u00f3n en forma integral y una participaci\u00f3n m\u00e1s activa de las comunidades del \u00e1rea de influencia.<\/p>\n<p>La importancia de los espacios naturales protegidos reside en el cuidado y la protecci\u00f3n de la biodiversidad natural ante el deterioro de estos espacios o monumentos naturales, as\u00ed como evitar que los recursos sean explotados de manera excesiva, as\u00ed tambi\u00e9n, capturan al menos el 15% del carbono del planeta.<\/p>\n<p>[\/et_pb_text][\/et_pb_column][et_pb_column type=\u00bb1_2&#8243; _builder_version=\u00bb4.27.0&#8243; _module_preset=\u00bbdefault\u00bb global_colors_info=\u00bb{}\u00bb][et_pb_text _builder_version=\u00bb4.27.0&#8243; _module_preset=\u00bbdefault\u00bb global_colors_info=\u00bb{}\u00bb]<\/p>\n<p>Las \u00e1reas protegidas tienen estas importantes funciones:<\/p>\n<ul>\n<li>Cuidado y protecci\u00f3n de la biodiversidad.<\/li>\n<li>Regular la actividad y el impacto del ser humano en espacios naturales para su preservaci\u00f3n o restauraci\u00f3n.<\/li>\n<li>Captar el exceso del CO2 atmosf\u00e9rico.<\/li>\n<li>Regulaci\u00f3n del clima.<\/li>\n<li>Conservaci\u00f3n de reservas de agua.<\/li>\n<li>Mantenimiento de la fertilidad de los suelos.<\/li>\n<li>Fuente de alimento y de materias primas.<\/li>\n<\/ul>\n<p>[\/et_pb_text][\/et_pb_column][\/et_pb_row][\/et_pb_section][et_pb_section fb_built=\u00bb1&#8243; _builder_version=\u00bb4.27.0&#8243; _module_preset=\u00bbdefault\u00bb min_height=\u00bb136.6px\u00bb custom_padding=\u00bb0px||0px|||\u00bb global_colors_info=\u00bb{}\u00bb da_is_popup=\u00bboff\u00bb da_exit_intent=\u00bboff\u00bb da_has_close=\u00bbon\u00bb da_alt_close=\u00bboff\u00bb da_dark_close=\u00bboff\u00bb da_not_modal=\u00bbon\u00bb da_is_singular=\u00bboff\u00bb da_with_loader=\u00bboff\u00bb da_has_shadow=\u00bbon\u00bb da_disable_devices=\u00bboff|off|off\u00bb][et_pb_row _builder_version=\u00bb4.27.0&#8243; _module_preset=\u00bbdefault\u00bb global_colors_info=\u00bb{}\u00bb][et_pb_column type=\u00bb4_4&#8243; _builder_version=\u00bb4.27.0&#8243; _module_preset=\u00bbdefault\u00bb global_colors_info=\u00bb{}\u00bb][et_pb_image src=\u00bbhttps:\/\/arenalmanoa.com\/wp-content\/uploads\/2024\/08\/CR-PARQUES-NACIONALES.png\u00bb title_text=\u00bbCR-PARQUES-NACIONALES\u00bb _builder_version=\u00bb4.27.0&#8243; _module_preset=\u00bbdefault\u00bb global_colors_info=\u00bb{}\u00bb][\/et_pb_image][\/et_pb_column][\/et_pb_row][\/et_pb_section][et_pb_section fb_built=\u00bb1&#8243; _builder_version=\u00bb4.25.1&#8243; _module_preset=\u00bbdefault\u00bb custom_padding=\u00bb6px||0px||false|false\u00bb locked=\u00bboff\u00bb global_colors_info=\u00bb{}\u00bb da_is_popup=\u00bboff\u00bb da_exit_intent=\u00bboff\u00bb da_has_close=\u00bbon\u00bb da_alt_close=\u00bboff\u00bb da_dark_close=\u00bboff\u00bb da_not_modal=\u00bbon\u00bb da_is_singular=\u00bboff\u00bb da_with_loader=\u00bboff\u00bb da_has_shadow=\u00bbon\u00bb da_disable_devices=\u00bboff|off|off\u00bb][et_pb_row column_structure=\u00bb1_2,1_2&#8243; _builder_version=\u00bb4.27.0&#8243; _module_preset=\u00bbdefault\u00bb custom_padding=\u00bb0px|||||\u00bb global_colors_info=\u00bb{}\u00bb][et_pb_column type=\u00bb1_2&#8243; _builder_version=\u00bb4.27.0&#8243; _module_preset=\u00bbdefault\u00bb global_colors_info=\u00bb{}\u00bb][et_pb_accordion _builder_version=\u00bb4.27.0&#8243; _module_preset=\u00bbdefault\u00bb global_colors_info=\u00bb{}\u00bb][et_pb_accordion_item title=\u00bb1. \u00c1rea de Conservaci\u00f3n Arenal Huetar Norte (ACAHN)\u00bb open=\u00bbon\u00bb _builder_version=\u00bb4.27.0&#8243; _module_preset=\u00bbdefault\u00bb global_colors_info=\u00bb{}\u00bb]<\/p>\n<ul>\n<li>Parque Nacional Volc\u00e1n Arenal<\/li>\n<li>Refugio nacional de vida silvestre mixto Ca\u00f1o Negro<\/li>\n<\/ul>\n<p>[\/et_pb_accordion_item][et_pb_accordion_item title=\u00bb2. \u00c1rea de Conservaci\u00f3n Arenal Tempisque (ACAT)\u00bb _builder_version=\u00bb4.27.0&#8243; _module_preset=\u00bbdefault\u00bb global_colors_info=\u00bb{}\u00bb open=\u00bboff\u00bb]<\/p>\n<ul>\n<li>Parque Nacional Volc\u00e1n Tenorio<\/li>\n<\/ul>\n<p>[\/et_pb_accordion_item][et_pb_accordion_item title=\u00bb3. \u00c1rea de Conservaci\u00f3n Central (ACC)\u00bb _builder_version=\u00bb4.27.0&#8243; _module_preset=\u00bbdefault\u00bb global_colors_info=\u00bb{}\u00bb open=\u00bboff\u00bb]<\/p>\n<ul>\n<li>Monumento Nacional Guayabo<\/li>\n<li>Parque Nacional Braulio Carrillo<\/li>\n<li>Parque Nacional La Cangreja<\/li>\n<li>Parque Nacional Los Quetzales<\/li>\n<li>Parque Nacional Tapant\u00ed Macizo de la muerte<\/li>\n<li>Parque Nacional Volc\u00e1n Iraz\u00fa<\/li>\n<li>Parque Nacional Volc\u00e1n Poas<\/li>\n<li>Parque Nacional Volc\u00e1n Turrialba<\/li>\n<li>Reserva Biol\u00f3gica Alberto Manuel Brenes<\/li>\n<li>Reserva Forestal Grecia<\/li>\n<\/ul>\n<p>[\/et_pb_accordion_item][et_pb_accordion_item title=\u00bb4. \u00c1rea de Conservaci\u00f3n Guanacaste (ACG)\u00bb _builder_version=\u00bb4.27.0&#8243; _module_preset=\u00bbdefault\u00bb global_colors_info=\u00bb{}\u00bb open=\u00bboff\u00bb]<\/p>\n<ul>\n<li>Parque nacional Rinc\u00f3n de la Vieja<\/li>\n<li>Parque Nacional Santa Rosa<\/li>\n<\/ul>\n<p>[\/et_pb_accordion_item][et_pb_accordion_item title=\u00bb5. La Amistad Caribe Conservation Areas\u00bb _builder_version=\u00bb4.27.0&#8243; _module_preset=\u00bbdefault\u00bb global_colors_info=\u00bb{}\u00bb open=\u00bboff\u00bb]<\/p>\n<ul>\n<li>Parque Nacional Cahuita<\/li>\n<\/ul>\n<p>[\/et_pb_accordion_item][et_pb_accordion_item title=\u00bb6. \u00c1rea de Conservaci\u00f3n La Amistad Pac\u00edfico (ACLAP)\u00bb _builder_version=\u00bb4.27.0&#8243; _module_preset=\u00bbdefault\u00bb global_colors_info=\u00bb{}\u00bb open=\u00bboff\u00bb]<\/p>\n<ul>\n<li>Parque Internacional de la Amistad<\/li>\n<li>Parque Nacional Chirrip\u00f3<\/li>\n<\/ul>\n<p>[\/et_pb_accordion_item][\/et_pb_accordion][\/et_pb_column][et_pb_column type=\u00bb1_2&#8243; _builder_version=\u00bb4.27.0&#8243; _module_preset=\u00bbdefault\u00bb global_colors_info=\u00bb{}\u00bb][et_pb_accordion _builder_version=\u00bb4.27.0&#8243; _module_preset=\u00bbdefault\u00bb global_colors_info=\u00bb{}\u00bb][et_pb_accordion_item title=\u00bb7. \u00c1rea de Conservaci\u00f3n Marina Cocos (ACMC)\u00bb open=\u00bbon\u00bb _builder_version=\u00bb4.27.0&#8243; _module_preset=\u00bbdefault\u00bb global_colors_info=\u00bb{}\u00bb]<\/p>\n<p>Se localiza en el Oc\u00e9ano Pac\u00edfico a 535 Km. de Cabo Blanco, extremo sur de la Pen\u00ednsula de Nicoya, en direcci\u00f3n suroeste entre los paralelos 5\u201d30\u2019 y 5\u201d 34\u2019 y los meridianos 87\u201d 1\u2019 y 87\u201d 6\u2019.<\/p>\n<p>En diciembre de 1997, fue declarada por la UNESCO: Sitio de Patrimonio Natural de la Humanidad; en mayo de 1998: Humedal de Importancia Internacional (Sitio Ramsar) y en diciembre del 2002: Sitio Hist\u00f3rico Cultural por el Ministerio de Cultura, Juventud y Deporte (MCJD).<\/p>\n<p>[\/et_pb_accordion_item][et_pb_accordion_item title=\u00bb8. \u00c1rea de Conservaci\u00f3n Osa (ACOSA)\u00bb _builder_version=\u00bb4.27.0&#8243; _module_preset=\u00bbdefault\u00bb global_colors_info=\u00bb{}\u00bb open=\u00bboff\u00bb]<\/p>\n<ul>\n<li>Parque nacional Corcovado<\/li>\n<li>Parque Nacional Marino Ballena<\/li>\n<li>Parque Nacional Piedras Blancas<\/li>\n<li>Reserva Biol\u00f3gica Isla del Ca\u00f1o<\/li>\n<\/ul>\n<p>[\/et_pb_accordion_item][et_pb_accordion_item title=\u00bb9. \u00c1rea de Conservaci\u00f3n Pac\u00edfico Central (ACOPAC)\u00bb _builder_version=\u00bb4.27.0&#8243; _module_preset=\u00bbdefault\u00bb global_colors_info=\u00bb{}\u00bb open=\u00bboff\u00bb]<\/p>\n<ul>\n<li>Parque Nacional Carara<\/li>\n<li>Parque Nacional Manuel Antonio<\/li>\n<li>Parque Nacional Isla San Lucas<\/li>\n<\/ul>\n<p>[\/et_pb_accordion_item][et_pb_accordion_item title=\u00bb10. \u00c1rea de Conservaci\u00f3n Tempisque (ACT)\u00bb _builder_version=\u00bb4.27.0&#8243; _module_preset=\u00bbdefault\u00bb global_colors_info=\u00bb{}\u00bb open=\u00bboff\u00bb]<\/p>\n<ul>\n<li>Parque Nacional Barra Honda<\/li>\n<li>Parque Nacional Mario Las Baulas<\/li>\n<li>Parque Nacional Diri\u00e1<\/li>\n<\/ul>\n<p>[\/et_pb_accordion_item][et_pb_accordion_item title=\u00bb11. \u00c1rea de Conservaci\u00f3n Tortuguero (ACTO)\u00bb _builder_version=\u00bb4.27.0&#8243; _module_preset=\u00bbdefault\u00bb global_colors_info=\u00bb{}\u00bb open=\u00bboff\u00bb]<\/p>\n<ul>\n<li>Parque Nacional Tortuguero<\/li>\n<li>Refugio de Vida Silvestre Barra del Colorado<\/li>\n<\/ul>\n<p>[\/et_pb_accordion_item][\/et_pb_accordion][\/et_pb_column][\/et_pb_row][et_pb_row _builder_version=\u00bb4.27.0&#8243; _module_preset=\u00bbdefault\u00bb global_colors_info=\u00bb{}\u00bb][et_pb_column type=\u00bb4_4&#8243; _builder_version=\u00bb4.27.0&#8243; _module_preset=\u00bbdefault\u00bb global_colors_info=\u00bb{}\u00bb][et_pb_text _builder_version=\u00bb4.27.0&#8243; _module_preset=\u00bbdefault\u00bb global_colors_info=\u00bb{}\u00bb]<\/p>\n<p style=\"text-align: center;\"><strong>Fuente: SINAC<\/strong><\/p>\n<p>[\/et_pb_text][\/et_pb_column][\/et_pb_row][\/et_pb_section][et_pb_section fb_built=\u00bb1&#8243; module_class=\u00bbarenalBottomForm\u00bb _builder_version=\u00bb4.27.0&#8243; _module_preset=\u00bbdefault\u00bb background_color=\u00bb#8FD4E3&#8243; min_height=\u00bb391.7px\u00bb custom_padding=\u00bb||0px|||\u00bb global_colors_info=\u00bb{}\u00bb da_is_popup=\u00bboff\u00bb da_exit_intent=\u00bboff\u00bb da_has_close=\u00bbon\u00bb da_alt_close=\u00bboff\u00bb da_dark_close=\u00bboff\u00bb da_not_modal=\u00bbon\u00bb da_is_singular=\u00bboff\u00bb da_with_loader=\u00bboff\u00bb da_has_shadow=\u00bbon\u00bb da_disable_devices=\u00bboff|off|off\u00bb][et_pb_row _builder_version=\u00bb4.27.0&#8243; _module_preset=\u00bbdefault\u00bb global_colors_info=\u00bb{}\u00bb][et_pb_column type=\u00bb4_4&#8243; _builder_version=\u00bb4.27.0&#8243; _module_preset=\u00bbdefault\u00bb global_colors_info=\u00bb{}\u00bb][et_pb_text _builder_version=\u00bb4.27.0&#8243; _module_preset=\u00bbdefault\u00bb global_colors_info=\u00bb{}\u00bb]\n<div class=\"wpcf7 no-js\" id=\"wpcf7-f247208-o1\" lang=\"es-ES\" dir=\"ltr\" data-wpcf7-id=\"247208\">\n<div class=\"screen-reader-response\"><p role=\"status\" aria-live=\"polite\" aria-atomic=\"true\"><\/p> <ul><\/ul><\/div>\n<form action=\"\/es\/wp-json\/wp\/v2\/pages\/247260#wpcf7-f247208-o1\" method=\"post\" class=\"wpcf7-form init\" aria-label=\"Formulario de contacto\" novalidate=\"novalidate\" data-status=\"init\">\n<fieldset class=\"hidden-fields-container\"><input type=\"hidden\" name=\"_wpcf7\" value=\"247208\" \/><input type=\"hidden\" name=\"_wpcf7_version\" value=\"6.1.5\" \/><input type=\"hidden\" name=\"_wpcf7_locale\" value=\"es_ES\" \/><input type=\"hidden\" name=\"_wpcf7_unit_tag\" value=\"wpcf7-f247208-o1\" \/><input type=\"hidden\" name=\"_wpcf7_container_post\" value=\"0\" \/><input type=\"hidden\" name=\"_wpcf7_posted_data_hash\" value=\"\" \/><input type=\"hidden\" name=\"_wpcf7_recaptcha_response\" value=\"\" \/>\n<\/fieldset>\n<table class=\"arenal_forms\">\n\t<tr>\n\t\t<td colspan=\"3\">\n\t\t\t<h3 id=\"arenal_subscription_bottom\">Reserva tu participaci\u00f3n\n\t\t\t<\/h3>\n\t\t\t<p>PUEDES RESERVAR TU ESPACIO AQU\u00cd\n\t\t\t<\/p>\n\t\t<\/td>\n\t<\/tr>\n\t<tr>\n\t\t<td>\n\t\t\t<p><span class=\"wpcf7-form-control-wrap\" data-name=\"visitor_name\"><input size=\"40\" maxlength=\"400\" class=\"wpcf7-form-control wpcf7-text wpcf7-validates-as-required\" aria-required=\"true\" aria-invalid=\"false\" placeholder=\"Ingresa nombre\" value=\"\" type=\"text\" name=\"visitor_name\" \/><\/span><br \/>\n<span class=\"wpcf7-form-control-wrap\" data-name=\"visitor_email\"><input size=\"40\" maxlength=\"400\" class=\"wpcf7-form-control wpcf7-email wpcf7-validates-as-required wpcf7-text wpcf7-validates-as-email\" aria-required=\"true\" aria-invalid=\"false\" placeholder=\"Ingresa correo electr\u00f3nico\" value=\"\" type=\"email\" name=\"visitor_email\" \/><\/span><br \/>\n<span class=\"wpcf7-form-control-wrap\" data-name=\"visitor_phone\"><input size=\"40\" maxlength=\"400\" class=\"wpcf7-form-control wpcf7-tel wpcf7-validates-as-required wpcf7-text wpcf7-validates-as-tel\" aria-required=\"true\" aria-invalid=\"false\" placeholder=\"Ingresa tel\u00e9fono\" value=\"\" type=\"tel\" name=\"visitor_phone\" \/><\/span>\n\t\t\t<\/p>\n\t\t<\/td>\n\t\t<td>\n\t\t<\/td>\n\t\t<td>\n\t\t\t<p><span class=\"wpcf7-form-control-wrap\" data-name=\"comments\"><textarea cols=\"40\" rows=\"10\" maxlength=\"2000\" class=\"wpcf7-form-control wpcf7-textarea\" aria-invalid=\"false\" placeholder=\"Comentarios\" name=\"comments\"><\/textarea><\/span>\n\t\t\t<\/p>\n\t\t<\/td>\n\t<\/tr>\n\t<tr>\n\t\t<td colspan=\"3\" align=\"center\">\n\t\t\t<p><input class=\"wpcf7-form-control wpcf7-submit has-spinner\" type=\"submit\" value=\"Enviar\" \/>\n\t\t\t<\/p>\n\t\t<\/td>\n\t<\/tr>\n<\/table><div class=\"wpcf7-response-output\" aria-hidden=\"true\"><\/div>\n<\/form>\n<\/div>\n[\/et_pb_text][\/et_pb_column][\/et_pb_row][\/et_pb_section]<\/p>\n","protected":false},"excerpt":{"rendered":"<p>PUEDES RESERVAR TU ESPACIO AQU\u00cdNUESTRO COMPROMISO CON LA SOSTENIBILIDADA trav\u00e9s de este espacio, en Arenal Manoa queremos compartir nuestro viaje hacia la sostenibilidad con ustedes. Aqu\u00ed\u00a0encontrar\u00e1n informaci\u00f3n sobre nuestras pr\u00e1cticas sostenibles, nuestros objetivos y logros, as\u00ed como oportunidades para que ustedes tambi\u00e9n se unan a nosotros en este importante viaje. Creemos firmemente en el poder [&hellip;]<\/p>\n","protected":false},"author":5,"featured_media":247053,"parent":247189,"menu_order":0,"comment_status":"closed","ping_status":"closed","template":"","meta":{"_acf_changed":false,"_et_pb_use_builder":"on","_et_pb_old_content":"","_et_gb_content_width":"","ngg_post_thumbnail":0,"footnotes":""},"sustainability-manoa":[],"class_list":["post-247260","page","type-page","status-publish","has-post-thumbnail","hentry"],"acf":[],"_links":{"self":[{"href":"https:\/\/arenalmanoa.com\/es\/wp-json\/wp\/v2\/pages\/247260","targetHints":{"allow":["GET"]}}],"collection":[{"href":"https:\/\/arenalmanoa.com\/es\/wp-json\/wp\/v2\/pages"}],"about":[{"href":"https:\/\/arenalmanoa.com\/es\/wp-json\/wp\/v2\/types\/page"}],"author":[{"embeddable":true,"href":"https:\/\/arenalmanoa.com\/es\/wp-json\/wp\/v2\/users\/5"}],"replies":[{"embeddable":true,"href":"https:\/\/arenalmanoa.com\/es\/wp-json\/wp\/v2\/comments?post=247260"}],"version-history":[{"count":17,"href":"https:\/\/arenalmanoa.com\/es\/wp-json\/wp\/v2\/pages\/247260\/revisions"}],"predecessor-version":[{"id":254029,"href":"https:\/\/arenalmanoa.com\/es\/wp-json\/wp\/v2\/pages\/247260\/revisions\/254029"}],"up":[{"embeddable":true,"href":"https:\/\/arenalmanoa.com\/es\/wp-json\/wp\/v2\/pages\/247189"}],"wp:featuredmedia":[{"embeddable":true,"href":"https:\/\/arenalmanoa.com\/es\/wp-json\/wp\/v2\/media\/247053"}],"wp:attachment":[{"href":"https:\/\/arenalmanoa.com\/es\/wp-json\/wp\/v2\/media?parent=247260"}],"wp:term":[{"taxonomy":"sustainability-manoa","embeddable":true,"href":"https:\/\/arenalmanoa.com\/es\/wp-json\/wp\/v2\/sustainability-manoa?post=247260"}],"curies":[{"name":"wp","href":"https:\/\/api.w.org\/{rel}","templated":true}]}}