{"id":247226,"date":"2024-08-07T20:06:59","date_gmt":"2024-08-07T20:06:59","guid":{"rendered":"https:\/\/arenalmanoa.com\/?page_id=247226"},"modified":"2026-01-27T19:38:32","modified_gmt":"2026-01-27T19:38:32","slug":"politicas","status":"publish","type":"page","link":"https:\/\/arenalmanoa.com\/es\/sostenibilidad\/politicas\/","title":{"rendered":"Pol\u00edticas"},"content":{"rendered":"<p>[et_pb_section fb_built=\u00bb1&#8243; admin_label=\u00bbHero\u00bb _builder_version=\u00bb4.25.1&#8243; _module_preset=\u00bbdefault\u00bb background_color=\u00bbrgba(67,77,87,0.6)\u00bb background_image=\u00bbhttps:\/\/arenalmanoa.com\/wp-content\/uploads\/2024\/05\/arenal-manoa-sustainability-small-tree.webp\u00bb background_blend=\u00bboverlay\u00bb custom_padding=\u00bb300px||300px||true|false\u00bb da_disable_devices=\u00bboff|off|off\u00bb locked=\u00bboff\u00bb global_colors_info=\u00bb{}\u00bb da_is_popup=\u00bboff\u00bb da_exit_intent=\u00bboff\u00bb da_has_close=\u00bbon\u00bb da_alt_close=\u00bboff\u00bb da_dark_close=\u00bboff\u00bb da_not_modal=\u00bbon\u00bb da_is_singular=\u00bboff\u00bb da_with_loader=\u00bboff\u00bb da_has_shadow=\u00bbon\u00bb][et_pb_row _builder_version=\u00bb4.27.0&#8243; _module_preset=\u00bbdefault\u00bb global_colors_info=\u00bb{}\u00bb][et_pb_column type=\u00bb4_4&#8243; module_class=\u00bbhero_sostenibilidad\u00bb _builder_version=\u00bb4.27.0&#8243; _module_preset=\u00bbdefault\u00bb global_colors_info=\u00bb{}\u00bb][et_pb_text _builder_version=\u00bb4.27.5&#8243; _module_preset=\u00bbdefault\u00bb text_font=\u00bbBarlow|300|||||||\u00bb text_text_color=\u00bb#FFFFFF\u00bb text_font_size=\u00bb42px\u00bb text_letter_spacing=\u00bb0.05em\u00bb text_line_height=\u00bb1.1em\u00bb header_font_size=\u00bb42px\u00bb background_color=\u00bbRGBA(255,255,255,0)\u00bb background_blend=\u00bboverlay\u00bb text_font_size_tablet=\u00bb32px\u00bb text_font_size_phone=\u00bb28px\u00bb text_font_size_last_edited=\u00bbon|phone\u00bb global_colors_info=\u00bb{}\u00bb]<\/p>\n<p class=\"p1\"><a id=\"hero_form_link\" href=\"#\" style=\"text-decoration: underline; color: #ffffff;\">PUEDES RESERVAR TU ESPACIO AQU\u00cd<\/a><\/p>\n<p>[\/et_pb_text][\/et_pb_column][\/et_pb_row][\/et_pb_section][et_pb_section fb_built=\u00bb1&#8243; _builder_version=\u00bb4.25.1&#8243; _module_preset=\u00bbdefault\u00bb custom_padding=\u00bb||0px||false|false\u00bb da_disable_devices=\u00bboff|off|off\u00bb locked=\u00bboff\u00bb global_colors_info=\u00bb{}\u00bb da_is_popup=\u00bboff\u00bb da_exit_intent=\u00bboff\u00bb da_has_close=\u00bbon\u00bb da_alt_close=\u00bboff\u00bb da_dark_close=\u00bboff\u00bb da_not_modal=\u00bbon\u00bb da_is_singular=\u00bboff\u00bb da_with_loader=\u00bboff\u00bb da_has_shadow=\u00bbon\u00bb][et_pb_row _builder_version=\u00bb4.25.1&#8243; _module_preset=\u00bbdefault\u00bb global_colors_info=\u00bb{}\u00bb][et_pb_column type=\u00bb4_4&#8243; _builder_version=\u00bb4.25.1&#8243; _module_preset=\u00bbdefault\u00bb global_colors_info=\u00bb{}\u00bb][et_pb_text _builder_version=\u00bb4.25.1&#8243; _module_preset=\u00bbdefault\u00bb header_font=\u00bbBarlow|300|||||||\u00bb header_text_color=\u00bb#434D57&#8243; header_font_size=\u00bb38px\u00bb header_letter_spacing=\u00bb0.03em\u00bb header_line_height=\u00bb1.1em\u00bb global_colors_info=\u00bb{}\u00bb]<\/p>\n<h1>NUESTRO <span style=\"text-align: center; color: #b8d45f; font-weight: bold;\">COMPROMISO<\/span><\/h1>\n<h1>CON LA SOSTENIBILIDAD<\/h1>\n<p>[\/et_pb_text][et_pb_text _builder_version=\u00bb4.27.0&#8243; _module_preset=\u00bbdefault\u00bb text_font=\u00bbBarlow|300|||||||\u00bb text_font_size=\u00bb20px\u00bb text_letter_spacing=\u00bb0.03em\u00bb text_line_height=\u00bb1.1em\u00bb global_colors_info=\u00bb{}\u00bb]<\/p>\n<p>A trav\u00e9s de este espacio, en Arenal Manoa queremos compartir nuestro viaje hacia la sostenibilidad con ustedes. Aqu\u00ed\u00a0encontrar\u00e1n informaci\u00f3n sobre nuestras pr\u00e1cticas sostenibles, nuestros objetivos y logros, as\u00ed como oportunidades para que ustedes tambi\u00e9n se unan a nosotros en este importante viaje. Creemos firmemente en el poder del trabajo conjunto y sabemos que juntos podemos marcar la diferencia.<\/p>\n<div class=\"menu-sostenibilidad_es-container\"><ul id=\"menu-sostenibilidad_es\" class=\"arenal_submenu\"><li id=\"menu-item-247434\" class=\"menu-item menu-item-type-post_type menu-item-object-page menu-item-247434\"><a href=\"https:\/\/arenalmanoa.com\/es\/sostenibilidad\/\">Sostenibilidad<\/a><\/li>\n<li id=\"menu-item-248757\" class=\"menu-item menu-item-type-post_type menu-item-object-page menu-item-248757\"><a href=\"https:\/\/arenalmanoa.com\/es\/sostenibilidad\/red-sofia\/\">Red SOFIA<\/a><\/li>\n<li id=\"menu-item-247431\" class=\"menu-item menu-item-type-post_type menu-item-object-page menu-item-247431\"><a href=\"https:\/\/arenalmanoa.com\/es\/sostenibilidad\/historia-de-la-fortuna\/\">Historia de la fortuna<\/a><\/li>\n<li id=\"menu-item-247433\" class=\"menu-item menu-item-type-post_type menu-item-object-page menu-item-247433\"><a href=\"https:\/\/arenalmanoa.com\/es\/sostenibilidad\/areas-de-conservacion\/\">\u00c1reas de conservaci\u00f3n<\/a><\/li>\n<li id=\"menu-item-247432\" class=\"menu-item menu-item-type-post_type menu-item-object-page menu-item-247432\"><a href=\"https:\/\/arenalmanoa.com\/es\/sostenibilidad\/cambio-climatico\/\">Cambio climatico<\/a><\/li>\n<li id=\"menu-item-247429\" class=\"menu-item menu-item-type-post_type menu-item-object-page menu-item-247429\"><a href=\"https:\/\/arenalmanoa.com\/es\/sostenibilidad\/consejos\/\">Consejos<\/a><\/li>\n<li id=\"menu-item-247430\" class=\"menu-item menu-item-type-post_type menu-item-object-page menu-item-247430\"><a href=\"https:\/\/arenalmanoa.com\/es\/sostenibilidad\/politicas\/\">Pol\u00edticas<\/a><\/li>\n<li id=\"menu-item-249694\" class=\"menu-item menu-item-type-post_type menu-item-object-page menu-item-249694\"><a href=\"https:\/\/arenalmanoa.com\/es\/sostenibilidad\/memoria\/\">Memoria<\/a><\/li>\n<\/ul><\/div>\n<p>[\/et_pb_text][\/et_pb_column][\/et_pb_row][et_pb_row column_structure=\u00bb1_2,1_2&#8243; _builder_version=\u00bb4.27.0&#8243; _module_preset=\u00bbdefault\u00bb custom_padding=\u00bb0px||||false|false\u00bb global_colors_info=\u00bb{}\u00bb][et_pb_column type=\u00bb1_2&#8243; _builder_version=\u00bb4.27.0&#8243; _module_preset=\u00bbdefault\u00bb global_colors_info=\u00bb{}\u00bb][et_pb_image src=\u00bbhttps:\/\/arenalmanoa.com\/wp-content\/uploads\/2024\/09\/politica-de-sostenibilidad.jpg\u00bb title_text=\u00bbpolitica-de-sostenibilidad\u00bb _builder_version=\u00bb4.27.5&#8243; _module_preset=\u00bbdefault\u00bb global_colors_info=\u00bb{}\u00bb][\/et_pb_image][\/et_pb_column][et_pb_column type=\u00bb1_2&#8243; _builder_version=\u00bb4.27.0&#8243; _module_preset=\u00bbdefault\u00bb global_colors_info=\u00bb{}\u00bb][et_pb_text _builder_version=\u00bb4.27.0&#8243; _module_preset=\u00bbdefault\u00bb global_colors_info=\u00bb{}\u00bb]<\/p>\n<h3>POL\u00cdTICA DE SOSTENIBILIDAD<\/h3>\n<p>El Hotel Arenal Manoa es una empresa dedicada a la hoteler\u00eda y servicios en la zona de San Carlos, Alajuela, que tiene un compromiso constante por la excelencia y la responsabilidad. En el presente documento de pol\u00edticas sostenibles se expone un marco integral dise\u00f1ado para guiar nuestras operaciones en aras de la sostenibilidad, identificando la interconexi\u00f3n de los impactos y oportunidades que genera la empresa, en cuatro \u00e1mbitos fundamentales: econ\u00f3mico, social, cultural y ambiental. Reconociendo la fragilidad de los ecosistemas circundantes, asumimos la responsabilidad de no ejercer presiones indebidas sobre ellos, con el prop\u00f3sito fundamental de minimizar cualquier impacto negativo en la naturaleza.<\/p>\n<h3><\/h3>\n<p>[\/et_pb_text][\/et_pb_column][\/et_pb_row][et_pb_row _builder_version=\u00bb4.27.0&#8243; _module_preset=\u00bbdefault\u00bb global_colors_info=\u00bb{}\u00bb][et_pb_column type=\u00bb4_4&#8243; _builder_version=\u00bb4.27.0&#8243; _module_preset=\u00bbdefault\u00bb global_colors_info=\u00bb{}\u00bb][et_pb_text admin_label=\u00bbPol\u00edticas sostenibles para la Operaci\u00f3n del Hotel Arenal Manoa.\u00bb _builder_version=\u00bb4.27.5&#8243; _module_preset=\u00bbdefault\u00bb global_colors_info=\u00bb{}\u00bb]<\/p>\n<h3>Pol\u00edticas sostenibles para la Operaci\u00f3n del Hotel Arenal Manoa.<\/h3>\n<p><em>Nota: Ac\u00e1 te mostramos \u00fanicamente las pol\u00edticas relacionadas con los invitados, puedes <a href=\"https:\/\/arenalmanoa.com\/wp-content\/uploads\/2026\/01\/Politica_de_Sostenibilidad_v.Enero-2026.pdf\" target=\"_blank\" rel=\"noopener\" title=\"Pol\u00edtica de sostenibilidad\">descargar el archivo<\/a> completo aqu\u00ed.<\/em><\/p>\n<p>[\/et_pb_text][\/et_pb_column][\/et_pb_row][et_pb_row column_structure=\u00bb1_2,1_2&#8243; _builder_version=\u00bb4.27.0&#8243; _module_preset=\u00bbdefault\u00bb global_colors_info=\u00bb{}\u00bb][et_pb_column type=\u00bb1_2&#8243; _builder_version=\u00bb4.27.0&#8243; _module_preset=\u00bbdefault\u00bb global_colors_info=\u00bb{}\u00bb][et_pb_text admin_label=\u00bbArticulos\u00bb _builder_version=\u00bb4.27.5&#8243; _module_preset=\u00bbdefault\u00bb global_colors_info=\u00bb{}\u00bb]<\/p>\n<p><strong>Art\u00edculo #1:<\/strong> Contribuir a conservar la flora y la fauna, los ecosistemas y los paisajes de Costa Rica, promoviendo la biodiversidad local y reduciendo la necesidad de riego y pesticidas.<\/p>\n<p><strong>Art\u00edculo #3:<\/strong> Las especies animales que habitan en su entorno natural no se alimentar\u00e1n artificialmente. Se procurar\u00e1 mantener la integridad de su dieta natural.<\/p>\n<p><strong>Art\u00edculo #5:<\/strong> Promover espacios libres del humo del tabaco dentro de toda la propiedad.<\/p>\n<p><strong>Art\u00edculo #7:<\/strong> Implementar sistemas de iluminaci\u00f3n LED, sensores de ocupaci\u00f3n y promover la desconexi\u00f3n de dispositivos no utilizados.<\/p>\n<p><strong>Art\u00edculo #13:<\/strong> Generar conciencia en la preservaci\u00f3n del agua, dirigida tanto a los invitados como a los colaboradores, mediante la colocaci\u00f3n de letreros en habitaciones, oficinas y \u00e1reas comunes.<\/p>\n<p><strong>Art\u00edculo #20:<\/strong> Asistencia en voluntariado por parte de los colaboradores del hotel en programas<br \/>\nambientales de la comunidad y alrededores.<\/p>\n<p>[\/et_pb_text][\/et_pb_column][et_pb_column type=\u00bb1_2&#8243; _builder_version=\u00bb4.27.0&#8243; _module_preset=\u00bbdefault\u00bb global_colors_info=\u00bb{}\u00bb][et_pb_text admin_label=\u00bbArticulos\u00bb _builder_version=\u00bb4.27.5&#8243; _module_preset=\u00bbdefault\u00bb global_colors_info=\u00bb{}\u00bb]<\/p>\n<p><strong>Art\u00edculo #22:<\/strong> Implementar un sistema integral de gesti\u00f3n de residuos, promoviendo el reciclaje<br \/>\nde los desechos generados.<\/p>\n<p><strong>Art\u00edculo #31:<\/strong> Ofrecer oportunidades de capacitaci\u00f3n y desarrollo profesional para los<br \/>\ncolaboradores, incentivando el crecimiento personal y profesional.<\/p>\n<p><strong>Art\u00edculo #32:<\/strong> Brindar conocimiento a los invitados acerca de la historia y la cultura local,<br \/>\nfomentando as\u00ed el respeto y la comprensi\u00f3n mutua.<\/p>\n<p><strong>Art\u00edculo #39:<\/strong> Promover una experiencia inclusiva para todos, a trav\u00e9s de la accesibilidad<br \/>\narquitect\u00f3nica, formaci\u00f3n del personal y colaboraci\u00f3n con proveedores. Se fomentan pol\u00edticas de<br \/>\ncero discriminaciones entre todos los actores que se relacionan con la empresa, desde invitados<br \/>\nhasta colaboradores, en su lugar de trabajo.<\/p>\n<p><strong>Art\u00edculo #47:<\/strong> Priorizar la compra de productos y servicios locales para apoyar la econom\u00eda local<br \/>\ny reducir los costos asociados al transporte de bienes, creando sinergias econ\u00f3micas.<\/p>\n<p><strong>Art\u00edculo #48:<\/strong> Participaci\u00f3n en iniciativas de la comunidad y eventos locales para fortalecer la<br \/>\nrelaci\u00f3n con la poblaci\u00f3n local y atraer a turistas comprometidos con la sostenibilidad.<\/p>\n<p>[\/et_pb_text][\/et_pb_column][\/et_pb_row][et_pb_row _builder_version=\u00bb4.27.0&#8243; _module_preset=\u00bbdefault\u00bb global_colors_info=\u00bb{}\u00bb][et_pb_column type=\u00bb4_4&#8243; _builder_version=\u00bb4.27.0&#8243; _module_preset=\u00bbdefault\u00bb global_colors_info=\u00bb{}\u00bb][et_pb_text _builder_version=\u00bb4.27.0&#8243; _module_preset=\u00bbdefault\u00bb global_colors_info=\u00bb{}\u00bb]<\/p>\n<p>Las directrices de sostenibilidad adoptadas por el Hotel Arenal Manoa encapsulan compromisos integrales en los \u00e1mbitos econ\u00f3mico, ambiental y sociocultural. Estas pol\u00edticas reflejan la filosof\u00eda de un negocio sustentable, considerando meticulosamente los impactos en el entorno y la sociedad. El Hotel persiste en ser un ejemplo dentro de la industria hotelera y la comunidad, contribuyendo significativamente a la construcci\u00f3n de un futuro m\u00e1s sostenible.<\/p>\n<p>Responsable de la puesta en marcha de la pol\u00edtica: Comit\u00e9 de Sostenibilidad Hotel Arenal Manoa<\/p>\n<p>Responsables del cumplimiento diario: Colaboradores activos del Hotel Arenal Manoa y agentes externos.<\/p>\n<p>[\/et_pb_text][\/et_pb_column][\/et_pb_row][et_pb_row column_structure=\u00bb1_2,1_2&#8243; _builder_version=\u00bb4.27.0&#8243; _module_preset=\u00bbdefault\u00bb global_colors_info=\u00bb{}\u00bb][et_pb_column type=\u00bb1_2&#8243; _builder_version=\u00bb4.27.0&#8243; _module_preset=\u00bbdefault\u00bb global_colors_info=\u00bb{}\u00bb][et_pb_image src=\u00bbhttps:\/\/arenalmanoa.com\/wp-content\/uploads\/2024\/09\/stop-animal-selfie-3.jpg\u00bb title_text=\u00bbstop-animal-selfie-3&#8243; _builder_version=\u00bb4.27.0&#8243; _module_preset=\u00bbdefault\u00bb global_colors_info=\u00bb{}\u00bb][\/et_pb_image][\/et_pb_column][et_pb_column type=\u00bb1_2&#8243; _builder_version=\u00bb4.27.0&#8243; _module_preset=\u00bbdefault\u00bb global_colors_info=\u00bb{}\u00bb][et_pb_text _builder_version=\u00bb4.27.0&#8243; _module_preset=\u00bbdefault\u00bb global_colors_info=\u00bb{}\u00bb]<\/p>\n<h3>#STOPANIMALSELFIES<\/h3>\n<p><strong>Este hashtag es una acci\u00f3n global para acabar con los crueles selfies y apoyar la conservaci\u00f3n de la fauna silvestre.<\/strong><\/p>\n<p><strong>Comparta en sus redes fotograf\u00edas \u00e9ticas con la fauna silvestre, o bien, t\u00f3mese una selfie con un peluche (animal de juguete) y escriba la frase:<\/strong><\/p>\n<p><strong>\u201cYo no maltrato animales silvestres por un selfie\u201d.<\/strong><\/p>\n<p>[\/et_pb_text][\/et_pb_column][\/et_pb_row][et_pb_row _builder_version=\u00bb4.27.0&#8243; _module_preset=\u00bbdefault\u00bb global_colors_info=\u00bb{}\u00bb][et_pb_column type=\u00bb4_4&#8243; _builder_version=\u00bb4.27.0&#8243; _module_preset=\u00bbdefault\u00bb global_colors_info=\u00bb{}\u00bb][et_pb_text _builder_version=\u00bb4.27.5&#8243; _module_preset=\u00bbdefault\u00bb global_colors_info=\u00bb{}\u00bb]<\/p>\n<h4 style=\"text-align: center;\"><strong>RECOMENDACIONES<\/strong><\/h4>\n<p>[\/et_pb_text][\/et_pb_column][\/et_pb_row][et_pb_row column_structure=\u00bb1_2,1_2&#8243; module_class=\u00bbbox_green_red\u00bb _builder_version=\u00bb4.27.0&#8243; _module_preset=\u00bbdefault\u00bb custom_padding=\u00bb0px|||||\u00bb global_colors_info=\u00bb{}\u00bb][et_pb_column type=\u00bb1_2&#8243; _builder_version=\u00bb4.27.0&#8243; _module_preset=\u00bbdefault\u00bb global_colors_info=\u00bb{}\u00bb][et_pb_text _builder_version=\u00bb4.27.5&#8243; _module_preset=\u00bbdefault\u00bb text_text_color=\u00bb#FFFFFF\u00bb background_color=\u00bb#7cb054&#8243; global_colors_info=\u00bb{}\u00bb]<\/p>\n<h2 class=\"policies_good\" >\ud83d\ude42 S\u00cd<\/h2>\n<ul>\n<li><i class=\"icon_check\">\u00a0<\/i> Me encuentro a una distancia segura del animal.<\/li>\n<li><i class=\"icon_check\">\u00a0<\/i>Hago una observaci\u00f3n silenciosa y respetuosa.<\/li>\n<li><i class=\"icon_check\">\u00a0<\/i>Respeto los comportamientos naturales del animal.<\/li>\n<li><i class=\"icon_check\">\u00a0<\/i>No ingreso a jaulas o recintos. Hay una barrera que me protege del contacto directo con el animal.<\/li>\n<\/ul>\n<p>[\/et_pb_text][\/et_pb_column][et_pb_column type=\u00bb1_2&#8243; _builder_version=\u00bb4.27.0&#8243; _module_preset=\u00bbdefault\u00bb global_colors_info=\u00bb{}\u00bb][et_pb_text _builder_version=\u00bb4.27.0&#8243; _module_preset=\u00bbdefault\u00bb text_text_color=\u00bb#FFFFFF\u00bb background_color=\u00bb#dd4f41&#8243; global_colors_info=\u00bb{}\u00bb]<\/p>\n<h2 class=\"policies_bad\">\ud83d\ude41 NO<\/h2>\n<ul>\n<li><i class=\"icon_close\">\u00a0<\/i>Toco, sujeto o abrazo al animal.<\/li>\n<li><i class=\"icon_close\">\u00a0<\/i>Le ofrezco comida al animal.<\/li>\n<li><i class=\"icon_close\">\u00a0<\/i>Intento capturar o persigo al animal para estar m\u00e1s cerca o tener contacto directo.<\/li>\n<li><i class=\"icon_close\">\u00a0<\/i>Hago ruidos, silbo, tiro objetos o golpeo la barrera para que el animal se mueva o despierte.<\/li>\n<\/ul>\n<p>[\/et_pb_text][\/et_pb_column][\/et_pb_row][et_pb_row _builder_version=\u00bb4.27.0&#8243; _module_preset=\u00bbdefault\u00bb global_colors_info=\u00bb{}\u00bb][et_pb_column type=\u00bb4_4&#8243; _builder_version=\u00bb4.27.0&#8243; _module_preset=\u00bbdefault\u00bb global_colors_info=\u00bb{}\u00bb][et_pb_text _builder_version=\u00bb4.27.5&#8243; _module_preset=\u00bbdefault\u00bb global_colors_info=\u00bb{}\u00bb]<\/p>\n<p style=\"text-align: center;\">Recuerde utilizar el hashtag <strong>#stopanimalselfies.<\/strong><\/p>\n<p>[\/et_pb_text][\/et_pb_column][\/et_pb_row][\/et_pb_section][et_pb_section fb_built=\u00bb1&#8243; module_class=\u00bbarenalBottomForm\u00bb _builder_version=\u00bb4.27.0&#8243; _module_preset=\u00bbdefault\u00bb background_color=\u00bb#8FD4E3&#8243; min_height=\u00bb391.7px\u00bb custom_padding=\u00bb||0px|||\u00bb da_disable_devices=\u00bboff|off|off\u00bb saved_tabs=\u00bball\u00bb global_colors_info=\u00bb{}\u00bb admin_label=\u00bbSection\u00bb da_is_popup=\u00bboff\u00bb da_exit_intent=\u00bboff\u00bb da_has_close=\u00bbon\u00bb da_alt_close=\u00bboff\u00bb da_dark_close=\u00bboff\u00bb da_not_modal=\u00bbon\u00bb da_is_singular=\u00bboff\u00bb da_with_loader=\u00bboff\u00bb da_has_shadow=\u00bbon\u00bb][et_pb_row _builder_version=\u00bb4.27.0&#8243; _module_preset=\u00bbdefault\u00bb global_colors_info=\u00bb{}\u00bb][et_pb_column type=\u00bb4_4&#8243; _builder_version=\u00bb4.27.0&#8243; _module_preset=\u00bbdefault\u00bb global_colors_info=\u00bb{}\u00bb][et_pb_text _builder_version=\u00bb4.27.5&#8243; _module_preset=\u00bbdefault\u00bb hover_enabled=\u00bb0&#8243; global_colors_info=\u00bb{}\u00bb sticky_enabled=\u00bb0&#8243; admin_label=\u00bbFormulario de reserva\u00bb]\n<div class=\"wpcf7 no-js\" id=\"wpcf7-f247208-o1\" lang=\"es-ES\" dir=\"ltr\" data-wpcf7-id=\"247208\">\n<div class=\"screen-reader-response\"><p role=\"status\" aria-live=\"polite\" aria-atomic=\"true\"><\/p> <ul><\/ul><\/div>\n<form action=\"\/es\/wp-json\/wp\/v2\/pages\/247226#wpcf7-f247208-o1\" method=\"post\" class=\"wpcf7-form init\" aria-label=\"Formulario de contacto\" novalidate=\"novalidate\" data-status=\"init\">\n<fieldset class=\"hidden-fields-container\"><input type=\"hidden\" name=\"_wpcf7\" value=\"247208\" \/><input type=\"hidden\" name=\"_wpcf7_version\" value=\"6.1.5\" \/><input type=\"hidden\" name=\"_wpcf7_locale\" value=\"es_ES\" \/><input type=\"hidden\" name=\"_wpcf7_unit_tag\" value=\"wpcf7-f247208-o1\" \/><input type=\"hidden\" name=\"_wpcf7_container_post\" value=\"0\" \/><input type=\"hidden\" name=\"_wpcf7_posted_data_hash\" value=\"\" \/><input type=\"hidden\" name=\"_wpcf7_recaptcha_response\" value=\"\" \/>\n<\/fieldset>\n<table class=\"arenal_forms\">\n\t<tr>\n\t\t<td colspan=\"3\">\n\t\t\t<h3 id=\"arenal_subscription_bottom\">Reserva tu participaci\u00f3n\n\t\t\t<\/h3>\n\t\t\t<p>PUEDES RESERVAR TU ESPACIO AQU\u00cd\n\t\t\t<\/p>\n\t\t<\/td>\n\t<\/tr>\n\t<tr>\n\t\t<td>\n\t\t\t<p><span class=\"wpcf7-form-control-wrap\" data-name=\"visitor_name\"><input size=\"40\" maxlength=\"400\" class=\"wpcf7-form-control wpcf7-text wpcf7-validates-as-required\" aria-required=\"true\" aria-invalid=\"false\" placeholder=\"Ingresa nombre\" value=\"\" type=\"text\" name=\"visitor_name\" \/><\/span><br \/>\n<span class=\"wpcf7-form-control-wrap\" data-name=\"visitor_email\"><input size=\"40\" maxlength=\"400\" class=\"wpcf7-form-control wpcf7-email wpcf7-validates-as-required wpcf7-text wpcf7-validates-as-email\" aria-required=\"true\" aria-invalid=\"false\" placeholder=\"Ingresa correo electr\u00f3nico\" value=\"\" type=\"email\" name=\"visitor_email\" \/><\/span><br \/>\n<span class=\"wpcf7-form-control-wrap\" data-name=\"visitor_phone\"><input size=\"40\" maxlength=\"400\" class=\"wpcf7-form-control wpcf7-tel wpcf7-validates-as-required wpcf7-text wpcf7-validates-as-tel\" aria-required=\"true\" aria-invalid=\"false\" placeholder=\"Ingresa tel\u00e9fono\" value=\"\" type=\"tel\" name=\"visitor_phone\" \/><\/span>\n\t\t\t<\/p>\n\t\t<\/td>\n\t\t<td>\n\t\t<\/td>\n\t\t<td>\n\t\t\t<p><span class=\"wpcf7-form-control-wrap\" data-name=\"comments\"><textarea cols=\"40\" rows=\"10\" maxlength=\"2000\" class=\"wpcf7-form-control wpcf7-textarea\" aria-invalid=\"false\" placeholder=\"Comentarios\" name=\"comments\"><\/textarea><\/span>\n\t\t\t<\/p>\n\t\t<\/td>\n\t<\/tr>\n\t<tr>\n\t\t<td colspan=\"3\" align=\"center\">\n\t\t\t<p><input class=\"wpcf7-form-control wpcf7-submit has-spinner\" type=\"submit\" value=\"Enviar\" \/>\n\t\t\t<\/p>\n\t\t<\/td>\n\t<\/tr>\n<\/table><div class=\"wpcf7-response-output\" aria-hidden=\"true\"><\/div>\n<\/form>\n<\/div>\n[\/et_pb_text][\/et_pb_column][\/et_pb_row][\/et_pb_section]<\/p>\n","protected":false},"excerpt":{"rendered":"<p>PUEDES RESERVAR TU ESPACIO AQU\u00cdNUESTRO COMPROMISO CON LA SOSTENIBILIDADA trav\u00e9s de este espacio, en Arenal Manoa queremos compartir nuestro viaje hacia la sostenibilidad con ustedes. Aqu\u00ed\u00a0encontrar\u00e1n informaci\u00f3n sobre nuestras pr\u00e1cticas sostenibles, nuestros objetivos y logros, as\u00ed como oportunidades para que ustedes tambi\u00e9n se unan a nosotros en este importante viaje. Creemos firmemente en el poder [&hellip;]<\/p>\n","protected":false},"author":5,"featured_media":247053,"parent":247189,"menu_order":0,"comment_status":"closed","ping_status":"closed","template":"","meta":{"_acf_changed":false,"_et_pb_use_builder":"on","_et_pb_old_content":"","_et_gb_content_width":"","ngg_post_thumbnail":0,"footnotes":""},"sustainability-manoa":[],"class_list":["post-247226","page","type-page","status-publish","has-post-thumbnail","hentry"],"acf":[],"_links":{"self":[{"href":"https:\/\/arenalmanoa.com\/es\/wp-json\/wp\/v2\/pages\/247226","targetHints":{"allow":["GET"]}}],"collection":[{"href":"https:\/\/arenalmanoa.com\/es\/wp-json\/wp\/v2\/pages"}],"about":[{"href":"https:\/\/arenalmanoa.com\/es\/wp-json\/wp\/v2\/types\/page"}],"author":[{"embeddable":true,"href":"https:\/\/arenalmanoa.com\/es\/wp-json\/wp\/v2\/users\/5"}],"replies":[{"embeddable":true,"href":"https:\/\/arenalmanoa.com\/es\/wp-json\/wp\/v2\/comments?post=247226"}],"version-history":[{"count":53,"href":"https:\/\/arenalmanoa.com\/es\/wp-json\/wp\/v2\/pages\/247226\/revisions"}],"predecessor-version":[{"id":254037,"href":"https:\/\/arenalmanoa.com\/es\/wp-json\/wp\/v2\/pages\/247226\/revisions\/254037"}],"up":[{"embeddable":true,"href":"https:\/\/arenalmanoa.com\/es\/wp-json\/wp\/v2\/pages\/247189"}],"wp:featuredmedia":[{"embeddable":true,"href":"https:\/\/arenalmanoa.com\/es\/wp-json\/wp\/v2\/media\/247053"}],"wp:attachment":[{"href":"https:\/\/arenalmanoa.com\/es\/wp-json\/wp\/v2\/media?parent=247226"}],"wp:term":[{"taxonomy":"sustainability-manoa","embeddable":true,"href":"https:\/\/arenalmanoa.com\/es\/wp-json\/wp\/v2\/sustainability-manoa?post=247226"}],"curies":[{"name":"wp","href":"https:\/\/api.w.org\/{rel}","templated":true}]}}