{"id":247189,"date":"2024-08-01T05:26:04","date_gmt":"2024-08-01T05:26:04","guid":{"rendered":"https:\/\/arenalmanoa.com\/?page_id=247189"},"modified":"2026-01-27T20:10:58","modified_gmt":"2026-01-27T20:10:58","slug":"sostenibilidad","status":"publish","type":"page","link":"https:\/\/arenalmanoa.com\/es\/sostenibilidad\/","title":{"rendered":"Sostenibilidad"},"content":{"rendered":"<p>[et_pb_section fb_built=\u00bb1&#8243; admin_label=\u00bbHero\u00bb _builder_version=\u00bb4.25.1&#8243; _module_preset=\u00bbdefault\u00bb background_color=\u00bbrgba(67,77,87,0.6)\u00bb background_image=\u00bbhttps:\/\/arenalmanoa.com\/wp-content\/uploads\/2024\/05\/arenal-manoa-sustainability-small-tree.webp\u00bb background_blend=\u00bboverlay\u00bb custom_padding=\u00bb300px||300px||true|false\u00bb da_disable_devices=\u00bboff|off|off\u00bb locked=\u00bboff\u00bb global_colors_info=\u00bb{}\u00bb da_is_popup=\u00bboff\u00bb da_exit_intent=\u00bboff\u00bb da_has_close=\u00bbon\u00bb da_alt_close=\u00bboff\u00bb da_dark_close=\u00bboff\u00bb da_not_modal=\u00bbon\u00bb da_is_singular=\u00bboff\u00bb da_with_loader=\u00bboff\u00bb da_has_shadow=\u00bbon\u00bb][et_pb_row module_class=\u00bbhero_sostenibilidad\u00bb _builder_version=\u00bb4.27.0&#8243; _module_preset=\u00bbdefault\u00bb global_colors_info=\u00bb{}\u00bb][et_pb_column type=\u00bb4_4&#8243; _builder_version=\u00bb4.25.1&#8243; _module_preset=\u00bbdefault\u00bb global_colors_info=\u00bb{}\u00bb][et_pb_text _builder_version=\u00bb4.27.4&#8243; _module_preset=\u00bbdefault\u00bb text_font=\u00bbBarlow|300|||||||\u00bb text_text_color=\u00bb#FFFFFF\u00bb text_font_size=\u00bb42px\u00bb text_letter_spacing=\u00bb0.05em\u00bb text_line_height=\u00bb1.1em\u00bb header_font_size=\u00bb42px\u00bb background_color=\u00bbRGBA(255,255,255,0)\u00bb background_blend=\u00bboverlay\u00bb text_font_size_tablet=\u00bb32px\u00bb text_font_size_phone=\u00bb28px\u00bb text_font_size_last_edited=\u00bbon|phone\u00bb global_colors_info=\u00bb{}\u00bb][\/et_pb_text][\/et_pb_column][\/et_pb_row][\/et_pb_section][et_pb_section fb_built=\u00bb1&#8243; _builder_version=\u00bb4.25.1&#8243; _module_preset=\u00bbdefault\u00bb custom_padding=\u00bb||0px||false|false\u00bb da_disable_devices=\u00bboff|off|off\u00bb locked=\u00bboff\u00bb global_colors_info=\u00bb{}\u00bb da_is_popup=\u00bboff\u00bb da_exit_intent=\u00bboff\u00bb da_has_close=\u00bbon\u00bb da_alt_close=\u00bboff\u00bb da_dark_close=\u00bboff\u00bb da_not_modal=\u00bbon\u00bb da_is_singular=\u00bboff\u00bb da_with_loader=\u00bboff\u00bb da_has_shadow=\u00bbon\u00bb][et_pb_row _builder_version=\u00bb4.25.1&#8243; _module_preset=\u00bbdefault\u00bb global_colors_info=\u00bb{}\u00bb][et_pb_column type=\u00bb4_4&#8243; _builder_version=\u00bb4.25.1&#8243; _module_preset=\u00bbdefault\u00bb global_colors_info=\u00bb{}\u00bb][et_pb_text _builder_version=\u00bb4.25.1&#8243; _module_preset=\u00bbdefault\u00bb header_font=\u00bbBarlow|300|||||||\u00bb header_text_color=\u00bb#434D57&#8243; header_font_size=\u00bb38px\u00bb header_letter_spacing=\u00bb0.03em\u00bb header_line_height=\u00bb1.1em\u00bb hover_enabled=\u00bb0&#8243; global_colors_info=\u00bb{}\u00bb sticky_enabled=\u00bb0&#8243;]<\/p>\n<h1>NUESTRO <span style=\"text-align: center; color: #b8d45f; font-weight: bold;\">COMPROMISO<\/span><\/h1>\n<h1>CON LA SOSTENIBILIDAD<\/h1>\n<p>[\/et_pb_text][et_pb_text _builder_version=\u00bb4.27.0&#8243; _module_preset=\u00bbdefault\u00bb text_font=\u00bbBarlow|300|||||||\u00bb text_font_size=\u00bb20px\u00bb text_letter_spacing=\u00bb0.03em\u00bb text_line_height=\u00bb1.1em\u00bb global_colors_info=\u00bb{}\u00bb]<\/p>\n<p>A trav\u00e9s de este espacio, en Arenal Manoa queremos compartir nuestro viaje hacia la sostenibilidad con ustedes. Aqu\u00ed\u00a0encontrar\u00e1n informaci\u00f3n sobre nuestras pr\u00e1cticas sostenibles, nuestros objetivos y logros, as\u00ed como oportunidades para que ustedes tambi\u00e9n se unan a nosotros en este importante viaje. Creemos firmemente en el poder del trabajo conjunto y sabemos que juntos podemos marcar la diferencia.<\/p>\n<div class=\"menu-sostenibilidad_es-container\"><ul id=\"menu-sostenibilidad_es\" class=\"arenal_submenu\"><li id=\"menu-item-247434\" class=\"menu-item menu-item-type-post_type menu-item-object-page menu-item-247434\"><a href=\"https:\/\/arenalmanoa.com\/es\/sostenibilidad\/\">Sostenibilidad<\/a><\/li>\n<li id=\"menu-item-248757\" class=\"menu-item menu-item-type-post_type menu-item-object-page menu-item-248757\"><a href=\"https:\/\/arenalmanoa.com\/es\/sostenibilidad\/red-sofia\/\">Red SOFIA<\/a><\/li>\n<li id=\"menu-item-247431\" class=\"menu-item menu-item-type-post_type menu-item-object-page menu-item-247431\"><a href=\"https:\/\/arenalmanoa.com\/es\/sostenibilidad\/historia-de-la-fortuna\/\">Historia de la fortuna<\/a><\/li>\n<li id=\"menu-item-247433\" class=\"menu-item menu-item-type-post_type menu-item-object-page menu-item-247433\"><a href=\"https:\/\/arenalmanoa.com\/es\/sostenibilidad\/areas-de-conservacion\/\">\u00c1reas de conservaci\u00f3n<\/a><\/li>\n<li id=\"menu-item-247432\" class=\"menu-item menu-item-type-post_type menu-item-object-page menu-item-247432\"><a href=\"https:\/\/arenalmanoa.com\/es\/sostenibilidad\/cambio-climatico\/\">Cambio climatico<\/a><\/li>\n<li id=\"menu-item-247429\" class=\"menu-item menu-item-type-post_type menu-item-object-page menu-item-247429\"><a href=\"https:\/\/arenalmanoa.com\/es\/sostenibilidad\/consejos\/\">Consejos<\/a><\/li>\n<li id=\"menu-item-247430\" class=\"menu-item menu-item-type-post_type menu-item-object-page menu-item-247430\"><a href=\"https:\/\/arenalmanoa.com\/es\/sostenibilidad\/politicas\/\">Pol\u00edticas<\/a><\/li>\n<li id=\"menu-item-249694\" class=\"menu-item menu-item-type-post_type menu-item-object-page menu-item-249694\"><a href=\"https:\/\/arenalmanoa.com\/es\/sostenibilidad\/memoria\/\">Memoria<\/a><\/li>\n<\/ul><\/div>\n<p>[\/et_pb_text][\/et_pb_column][\/et_pb_row][et_pb_row column_structure=\u00bb1_2,1_2&#8243; _builder_version=\u00bb4.27.0&#8243; _module_preset=\u00bbdefault\u00bb custom_padding=\u00bb||28px|||\u00bb global_colors_info=\u00bb{}\u00bb][et_pb_column type=\u00bb1_2&#8243; _builder_version=\u00bb4.27.0&#8243; _module_preset=\u00bbdefault\u00bb global_colors_info=\u00bb{}\u00bb][et_pb_image src=\u00bbhttps:\/\/arenalmanoa.com\/wp-content\/uploads\/2024\/09\/sostenibilidad_hero.jpg\u00bb title_text=\u00bbsostenibilidad_hero\u00bb _builder_version=\u00bb4.27.0&#8243; _module_preset=\u00bbdefault\u00bb global_colors_info=\u00bb{}\u00bb][\/et_pb_image][\/et_pb_column][et_pb_column type=\u00bb1_2&#8243; _builder_version=\u00bb4.27.0&#8243; _module_preset=\u00bbdefault\u00bb global_colors_info=\u00bb{}\u00bb][et_pb_text _builder_version=\u00bb4.27.0&#8243; _module_preset=\u00bbdefault\u00bb global_colors_info=\u00bb{}\u00bb]<\/p>\n<p><strong>Objetivos<\/strong><\/p>\n<ul>\n<li>Fortalecer la gesti\u00f3n de la sostenibilidad usando herramientas de planeaci\u00f3n, evaluaci\u00f3n, seguimiento y mejora de los impactos positivos y negativos derivados de las actividades empresariales.<\/li>\n<li>Promover una cultura sostenible en todas las \u00e1reas de operaci\u00f3n, alineando las acciones con los Objetivos de Desarrollo Sostenible (ODS) de la ONU.<\/li>\n<\/ul>\n<p><strong>Metas<\/strong><\/p>\n<ul>\n<li>Reducir la huella de carbono del hotel en un 7% para el a\u00f1o 2026.<\/li>\n<li>Incrementar la participaci\u00f3n comunitaria del hotel y colaboradores en un 19% para el a\u00f1o 2026 a trav\u00e9s de iniciativas y programas que involucren activamente a la comunidad local.<\/li>\n<\/ul>\n<p>[\/et_pb_text][\/et_pb_column][\/et_pb_row][et_pb_row _builder_version=\u00bb4.27.0&#8243; _module_preset=\u00bbdefault\u00bb global_colors_info=\u00bb{}\u00bb][et_pb_column type=\u00bb4_4&#8243; _builder_version=\u00bb4.27.0&#8243; _module_preset=\u00bbdefault\u00bb global_colors_info=\u00bb{}\u00bb][et_pb_text _builder_version=\u00bb4.27.5&#8243; _module_preset=\u00bbdefault\u00bb hover_enabled=\u00bb0&#8243; global_colors_info=\u00bb{}\u00bb sticky_enabled=\u00bb0&#8243; admin_label=\u00bbNUESTRA TRAYECTORIA SOSTENIBLE\u00bb]<\/p>\n<h3>NUESTRA TRAYECTORIA SOSTENIBLE<\/h3>\n<p>[\/et_pb_text][\/et_pb_column][\/et_pb_row][et_pb_row _builder_version=\u00bb4.27.0&#8243; _module_preset=\u00bbdefault\u00bb global_colors_info=\u00bb{}\u00bb][et_pb_column type=\u00bb4_4&#8243; _builder_version=\u00bb4.27.0&#8243; _module_preset=\u00bbdefault\u00bb global_colors_info=\u00bb{}\u00bb][et_pb_text _builder_version=\u00bb4.27.5&#8243; _module_preset=\u00bbdefault\u00bb hover_enabled=\u00bb0&#8243; global_colors_info=\u00bb{}\u00bb sticky_enabled=\u00bb0&#8243; admin_label=\u00bbCAROUSEL &#8211; NUESTRA TRAYECTORIA SOSTENIBLE\u00bb]<\/p>\n<p>\n<script>\nwindow.addEventListener('load', () => {\nswiffyslider.init();\nswiffyslider.initSlider(document.getElementById('arenal_logo'));});\n<\/script>\n<\/p>\n<div id=\"arenal_logo\" class=\"swiffy-slider slider-item-show3 slider-nav-outside slider-nav-dark slider-nav-sm slider-nav-visible slider-nav-page slider-item-snapstart slider-nav-autoplay slider-nav-autopause slider-item-ratio slider-item-ratio-contain bg-white shadow-lg py-4 py-lg-4\" data-slider-nav-autoplay-interval=\"2000\">\n<div class=\"slider-container\">\n<div><img loading=\"lazy\" decoding=\"async\" src=\"https:\/\/arenalmanoa.com\/wp-content\/uploads\/2024\/08\/codigo-de-conducta-300x300.png\" width=\"300\" height=\"300\" alt=\"\" class=\"wp-image-247292 alignnone size-medium\" srcset=\"https:\/\/arenalmanoa.com\/wp-content\/uploads\/2024\/08\/codigo-de-conducta-300x300.png 300w, https:\/\/arenalmanoa.com\/wp-content\/uploads\/2024\/08\/codigo-de-conducta-150x150.png 150w, https:\/\/arenalmanoa.com\/wp-content\/uploads\/2024\/08\/codigo-de-conducta.png 400w\" sizes=\"(max-width: 300px) 100vw, 300px\" \/><\/div>\n<div><img loading=\"lazy\" decoding=\"async\" src=\"https:\/\/arenalmanoa.com\/wp-content\/uploads\/2024\/08\/safe-travels-300x300.png\" width=\"300\" height=\"300\" alt=\"\" class=\"wp-image-247294 alignnone size-medium\" srcset=\"https:\/\/arenalmanoa.com\/wp-content\/uploads\/2024\/08\/safe-travels-300x300.png 300w, https:\/\/arenalmanoa.com\/wp-content\/uploads\/2024\/08\/safe-travels-150x150.png 150w, https:\/\/arenalmanoa.com\/wp-content\/uploads\/2024\/08\/safe-travels.png 401w\" sizes=\"(max-width: 300px) 100vw, 300px\" \/><\/div>\n<div><img loading=\"lazy\" decoding=\"async\" src=\"https:\/\/arenalmanoa.com\/wp-content\/uploads\/2024\/08\/turismo-sostenible-300x300.png\" width=\"300\" height=\"300\" alt=\"\" class=\"wp-image-247298 alignnone size-medium\" srcset=\"https:\/\/arenalmanoa.com\/wp-content\/uploads\/2024\/08\/turismo-sostenible-300x300.png 300w, https:\/\/arenalmanoa.com\/wp-content\/uploads\/2024\/08\/turismo-sostenible-150x150.png 150w, https:\/\/arenalmanoa.com\/wp-content\/uploads\/2024\/08\/turismo-sostenible.png 401w\" sizes=\"(max-width: 300px) 100vw, 300px\" \/><\/div>\n<div><img decoding=\"async\" src=\"https:\/\/arenalmanoa.com\/wp-content\/uploads\/2026\/01\/siccs_2026-1.jpg\"  height=\"300\" alt=\"\" class=\"wp-image-247298 alignnone size-medium\" \/><\/div>\n<div><img decoding=\"async\" src=\"https:\/\/arenalmanoa.com\/wp-content\/uploads\/2026\/01\/cst_elite-1.jpg\"  height=\"300\" alt=\"\" class=\"wp-image-247298 alignnone size-medium\" \/><\/div>\n<\/div>\n<p><button type=\"button\" class=\"slider-nav\" aria-label=\"Go left\"><\/button><br \/><button type=\"button\" class=\"slider-nav slider-nav-next\" aria-label=\"Go left\"><\/button><\/p>\n<\/div>\n<p>[\/et_pb_text][\/et_pb_column][\/et_pb_row][et_pb_row _builder_version=\u00bb4.27.0&#8243; _module_preset=\u00bbdefault\u00bb custom_padding=\u00bb||0px|||\u00bb global_colors_info=\u00bb{}\u00bb][et_pb_column type=\u00bb4_4&#8243; _builder_version=\u00bb4.27.0&#8243; _module_preset=\u00bbdefault\u00bb global_colors_info=\u00bb{}\u00bb][et_pb_text _builder_version=\u00bb4.27.0&#8243; _module_preset=\u00bbdefault\u00bb global_colors_info=\u00bb{}\u00bb]<\/p>\n<h3>COMPROMISO CON EL DESTINO Y\/O LA COMUNIDAD<\/h3>\n<p>En Arenal Manoa, estamos profundamente comprometidos con el bienestar de nuestro entorno y la comunidad local. Nuestro compromiso se refleja en una serie de acciones concretas que buscan proteger y preservar nuestro destino, as\u00ed como contribuir al desarrollo sostenible de nuestra comunidad. Algunas de nuestras principales iniciativas incluyen:<\/p>\n<ul>\n<li>Campa\u00f1as de Reforestaci\u00f3n Local<\/li>\n<li>Limpieza de Rondas y R\u00edos<\/li>\n<li>Celebraci\u00f3n de D\u00edas Mundiales Ambientales con instituciones de la comunidad<\/li>\n<li>Manejo Responsable de Vida Silvestre y Recursos Naturales<\/li>\n<li>Capacitaciones en Temas Ambientales y Socioculturales<\/li>\n<li>Priorizaci\u00f3n de Proveedores Locales<\/li>\n<li>Feria de la Salud Anual<\/li>\n<li>Participaci\u00f3n en Entidades Comunitarias<\/li>\n<li>Participaci\u00f3n de la Ruta El\u00e9ctrica de La Fortuna<\/li>\n<\/ul>\n<div class=\"owl-carousel owl-theme\">\n<div>\n<p><img decoding=\"async\" src=\"https:\/\/arenalmanoa.com\/wp-content\/gallery\/trayectoria\/trayectoria-7-celebracion-dia-de-la-mujer.jpg\" \/><\/p>\n<h4>Celebracion d\u00eda de la mujer<\/h4>\n<\/div>\n<div>\n<p><img decoding=\"async\" src=\"https:\/\/arenalmanoa.com\/wp-content\/gallery\/trayectoria\/trayectoria-2-dia-mundial-medio-ambiente-ctp.jpg\" \/><\/p>\n<h4>D\u00eda mundial medio ambiente<\/h4>\n<\/div>\n<div>\n<p><img decoding=\"async\" src=\"https:\/\/arenalmanoa.com\/wp-content\/gallery\/trayectoria\/trayectoria-5-siembra-de-arboles-colaboradores.jpg\" \/><\/p>\n<h4>Siembra de \u00e1rboles<\/h4>\n<\/div>\n<div class=\"theme_v\">\n<p><img decoding=\"async\" src=\"https:\/\/arenalmanoa.com\/wp-content\/gallery\/trayectoria\/trayectoria-6-siembra-de-arboles-colaboradores.jpg\" \/><\/p>\n<h4>Siembra de \u00e1rboles<\/h4>\n<\/div>\n<div>\n<p><img decoding=\"async\" src=\"https:\/\/arenalmanoa.com\/wp-content\/gallery\/trayectoria\/trayectoria-4-capacitacion-dia-mundial-vida-silvestre.jpg\" \/><\/p>\n<h4>Capacitaci\u00f3n D\u00eda mundial vida silvestre<\/h4>\n<\/div>\n<div class=\"theme_v\">\n<p><img decoding=\"async\" src=\"https:\/\/arenalmanoa.com\/wp-content\/gallery\/trayectoria\/trayectoria-8-socia-baile-tipico.jpg\" \/><\/p>\n<h4>Baile t\u00edpico<\/h4>\n<\/div>\n<div class=\"theme_v\">\n<p><img decoding=\"async\" src=\"https:\/\/arenalmanoa.com\/wp-content\/gallery\/trayectoria\/trayectoria-11-coctel-de-frutas-nativas.jpg\" \/><\/p>\n<h4>Coctel de frutas nativas<\/h4>\n<\/div>\n<div>\n<p><img decoding=\"async\" src=\"https:\/\/arenalmanoa.com\/wp-content\/gallery\/trayectoria\/trayectoria-1-2023-09-15-actividad-cultural.jpg\" \/><\/p>\n<h4>Actividad cultural<\/h4>\n<\/div>\n<div>\n<p><img decoding=\"async\" src=\"https:\/\/arenalmanoa.com\/wp-content\/gallery\/trayectoria\/trayectoria-10-celebracion-san-valentin.jpg\" \/><\/p>\n<h4>Celebraci\u00f3n San Valent\u00edn<\/h4>\n<\/div>\n<div class=\"theme_v\">\n<p><img decoding=\"async\" src=\"https:\/\/arenalmanoa.com\/wp-content\/gallery\/trayectoria\/trayectoria-3-rotulo-punto-electrico.jpg\" \/><\/p>\n<h4>R\u00f3tulo punto el\u00e9ctrico<\/h4>\n<\/div>\n<div class=\"theme_v\">\n<p><img decoding=\"async\" src=\"https:\/\/arenalmanoa.com\/wp-content\/gallery\/trayectoria\/trayectoria-9-recoleccion-basura.jpg\" \/><\/p>\n<h4>Recolecci\u00f3n de basura<\/h4>\n<\/div>\n<\/div>\n<p>[\/et_pb_text][\/et_pb_column][\/et_pb_row][et_pb_row column_structure=\u00bb1_2,1_2&#8243; disabled_on=\u00bbon|on|on\u00bb _builder_version=\u00bb4.27.4&#8243; _module_preset=\u00bbdefault\u00bb disabled=\u00bbon\u00bb global_colors_info=\u00bb{}\u00bb][et_pb_column type=\u00bb1_2&#8243; _builder_version=\u00bb4.27.0&#8243; _module_preset=\u00bbdefault\u00bb global_colors_info=\u00bb{}\u00bb][et_pb_image src=\u00bbhttps:\/\/arenalmanoa.com\/wp-content\/uploads\/2024\/09\/deja-tu-huella.jpg\u00bb title_text=\u00bbdeja-tu-huella\u00bb _builder_version=\u00bb4.27.0&#8243; _module_preset=\u00bbdefault\u00bb global_colors_info=\u00bb{}\u00bb][\/et_pb_image][\/et_pb_column][et_pb_column type=\u00bb1_2&#8243; _builder_version=\u00bb4.27.0&#8243; _module_preset=\u00bbdefault\u00bb global_colors_info=\u00bb{}\u00bb][et_pb_text _builder_version=\u00bb4.27.0&#8243; _module_preset=\u00bbdefault\u00bb global_colors_info=\u00bb{}\u00bb]<\/p>\n<h3>ACTIVIDAD DEJA TU HUELLA<\/h3>\n<p>Te invitamos a ser parte de nuestra iniciativa de siembra de \u00e1rboles, que se lleva a cabo dos veces al a\u00f1o, al inicio y al final.<\/p>\n<p><strong> \u00a1Ven y participa para crear un futuro m\u00e1s verde y sostenible!<\/strong><\/p>\n<p><strong>Pr\u00f3xima fecha: octubre de 2024, fecha exacta por definir.<\/strong><\/p>\n<p>&nbsp;<\/p>\n<p>[\/et_pb_text][\/et_pb_column][\/et_pb_row][et_pb_row disabled_on=\u00bbon|on|on\u00bb _builder_version=\u00bb4.27.4&#8243; _module_preset=\u00bbdefault\u00bb disabled=\u00bbon\u00bb global_colors_info=\u00bb{}\u00bb][et_pb_column type=\u00bb4_4&#8243; _builder_version=\u00bb4.27.0&#8243; _module_preset=\u00bbdefault\u00bb global_colors_info=\u00bb{}\u00bb][et_pb_text _builder_version=\u00bb4.27.0&#8243; _module_preset=\u00bbdefault\u00bb global_colors_info=\u00bb{}\u00bb]<\/p>\n<h3>C\u00f3mo Reservar tu Participaci\u00f3n<\/h3>\n<p>Si te hospedas en el hotel durante las fechas de nuestra actividad de siembra de \u00e1rboles, puedes reservar tu participaci\u00f3n mediante dos formas:<\/p>\n<ol>\n<li>En el check in: cuando ingresas a nuestro hotel puedes indicarles a nuestros operarios que quieres formar parte de la actividad.<\/li>\n<li>Puedes reservar aqu\u00ed llenando el siguiente formulario.<\/li>\n<\/ol>\n<p>[\/et_pb_text][\/et_pb_column][\/et_pb_row][\/et_pb_section][et_pb_section fb_built=\u00bb1&#8243; disabled_on=\u00bbon|on|on\u00bb module_class=\u00bbarenalBottomForm\u00bb _builder_version=\u00bb4.27.4&#8243; _module_preset=\u00bbdefault\u00bb background_color=\u00bb#8FD4E3&#8243; min_height=\u00bb391.7px\u00bb custom_padding=\u00bb||0px|||\u00bb da_disable_devices=\u00bboff|off|off\u00bb disabled=\u00bbon\u00bb global_colors_info=\u00bb{}\u00bb da_is_popup=\u00bboff\u00bb da_exit_intent=\u00bboff\u00bb da_has_close=\u00bbon\u00bb da_alt_close=\u00bboff\u00bb da_dark_close=\u00bboff\u00bb da_not_modal=\u00bbon\u00bb da_is_singular=\u00bboff\u00bb da_with_loader=\u00bboff\u00bb da_has_shadow=\u00bbon\u00bb][et_pb_row _builder_version=\u00bb4.27.0&#8243; _module_preset=\u00bbdefault\u00bb global_colors_info=\u00bb{}\u00bb][et_pb_column type=\u00bb4_4&#8243; _builder_version=\u00bb4.27.0&#8243; _module_preset=\u00bbdefault\u00bb global_colors_info=\u00bb{}\u00bb][et_pb_text _builder_version=\u00bb4.27.0&#8243; _module_preset=\u00bbdefault\u00bb global_colors_info=\u00bb{}\u00bb]\n<div class=\"wpcf7 no-js\" id=\"wpcf7-f247208-o1\" lang=\"es-ES\" dir=\"ltr\" data-wpcf7-id=\"247208\">\n<div class=\"screen-reader-response\"><p role=\"status\" aria-live=\"polite\" aria-atomic=\"true\"><\/p> <ul><\/ul><\/div>\n<form action=\"\/es\/wp-json\/wp\/v2\/pages\/247189#wpcf7-f247208-o1\" method=\"post\" class=\"wpcf7-form init\" aria-label=\"Formulario de contacto\" novalidate=\"novalidate\" data-status=\"init\">\n<fieldset class=\"hidden-fields-container\"><input type=\"hidden\" name=\"_wpcf7\" value=\"247208\" \/><input type=\"hidden\" name=\"_wpcf7_version\" value=\"6.1.5\" \/><input type=\"hidden\" name=\"_wpcf7_locale\" value=\"es_ES\" \/><input type=\"hidden\" name=\"_wpcf7_unit_tag\" value=\"wpcf7-f247208-o1\" \/><input type=\"hidden\" name=\"_wpcf7_container_post\" value=\"0\" \/><input type=\"hidden\" name=\"_wpcf7_posted_data_hash\" value=\"\" \/><input type=\"hidden\" name=\"_wpcf7_recaptcha_response\" value=\"\" \/>\n<\/fieldset>\n<table class=\"arenal_forms\">\n\t<tr>\n\t\t<td colspan=\"3\">\n\t\t\t<h3 id=\"arenal_subscription_bottom\">Reserva tu participaci\u00f3n\n\t\t\t<\/h3>\n\t\t\t<p>PUEDES RESERVAR TU ESPACIO AQU\u00cd\n\t\t\t<\/p>\n\t\t<\/td>\n\t<\/tr>\n\t<tr>\n\t\t<td>\n\t\t\t<p><span class=\"wpcf7-form-control-wrap\" data-name=\"visitor_name\"><input size=\"40\" maxlength=\"400\" class=\"wpcf7-form-control wpcf7-text wpcf7-validates-as-required\" aria-required=\"true\" aria-invalid=\"false\" placeholder=\"Ingresa nombre\" value=\"\" type=\"text\" name=\"visitor_name\" \/><\/span><br \/>\n<span class=\"wpcf7-form-control-wrap\" data-name=\"visitor_email\"><input size=\"40\" maxlength=\"400\" class=\"wpcf7-form-control wpcf7-email wpcf7-validates-as-required wpcf7-text wpcf7-validates-as-email\" aria-required=\"true\" aria-invalid=\"false\" placeholder=\"Ingresa correo electr\u00f3nico\" value=\"\" type=\"email\" name=\"visitor_email\" \/><\/span><br \/>\n<span class=\"wpcf7-form-control-wrap\" data-name=\"visitor_phone\"><input size=\"40\" maxlength=\"400\" class=\"wpcf7-form-control wpcf7-tel wpcf7-validates-as-required wpcf7-text wpcf7-validates-as-tel\" aria-required=\"true\" aria-invalid=\"false\" placeholder=\"Ingresa tel\u00e9fono\" value=\"\" type=\"tel\" name=\"visitor_phone\" \/><\/span>\n\t\t\t<\/p>\n\t\t<\/td>\n\t\t<td>\n\t\t<\/td>\n\t\t<td>\n\t\t\t<p><span class=\"wpcf7-form-control-wrap\" data-name=\"comments\"><textarea cols=\"40\" rows=\"10\" maxlength=\"2000\" class=\"wpcf7-form-control wpcf7-textarea\" aria-invalid=\"false\" placeholder=\"Comentarios\" name=\"comments\"><\/textarea><\/span>\n\t\t\t<\/p>\n\t\t<\/td>\n\t<\/tr>\n\t<tr>\n\t\t<td colspan=\"3\" align=\"center\">\n\t\t\t<p><input class=\"wpcf7-form-control wpcf7-submit has-spinner\" type=\"submit\" value=\"Enviar\" \/>\n\t\t\t<\/p>\n\t\t<\/td>\n\t<\/tr>\n<\/table><div class=\"wpcf7-response-output\" aria-hidden=\"true\"><\/div>\n<\/form>\n<\/div>\n[\/et_pb_text][\/et_pb_column][\/et_pb_row][\/et_pb_section][et_pb_section fb_built=\u00bb1&#8243; disabled_on=\u00bbon|on|on\u00bb _builder_version=\u00bb4.27.4&#8243; _module_preset=\u00bbdefault\u00bb da_disable_devices=\u00bboff|off|off\u00bb disabled=\u00bbon\u00bb global_colors_info=\u00bb{}\u00bb da_is_popup=\u00bboff\u00bb da_exit_intent=\u00bboff\u00bb da_has_close=\u00bbon\u00bb da_alt_close=\u00bboff\u00bb da_dark_close=\u00bboff\u00bb da_not_modal=\u00bbon\u00bb da_is_singular=\u00bboff\u00bb da_with_loader=\u00bboff\u00bb da_has_shadow=\u00bbon\u00bb][et_pb_row _builder_version=\u00bb4.27.0&#8243; _module_preset=\u00bbdefault\u00bb global_colors_info=\u00bb{}\u00bb][et_pb_column type=\u00bb4_4&#8243; _builder_version=\u00bb4.27.0&#8243; _module_preset=\u00bbdefault\u00bb global_colors_info=\u00bb{}\u00bb][et_pb_text _builder_version=\u00bb4.27.0&#8243; _module_preset=\u00bbdefault\u00bb global_colors_info=\u00bb{}\u00bb]<\/p>\n<h3>Si coinciden las fechas de tu estancia con esta actividad, no dudes en unirte.<\/h3>\n<p>[\/et_pb_text][\/et_pb_column][\/et_pb_row][et_pb_row column_structure=\u00bb1_2,1_2&#8243; _builder_version=\u00bb4.27.0&#8243; _module_preset=\u00bbdefault\u00bb global_colors_info=\u00bb{}\u00bb][et_pb_column type=\u00bb1_2&#8243; _builder_version=\u00bb4.27.0&#8243; _module_preset=\u00bbdefault\u00bb global_colors_info=\u00bb{}\u00bb][et_pb_text _builder_version=\u00bb4.27.0&#8243; _module_preset=\u00bbdefault\u00bb global_colors_info=\u00bb{}\u00bb]<\/p>\n<p><strong>Facilidades<\/strong><\/p>\n<ul>\n<li>Para asegurar una experiencia c\u00f3moda y agradable durante la actividad, ofrecemos las siguientes facilidades a nuestros hu\u00e9spedes participantes:<\/li>\n<li>Refrigerio: Agua y frutas frescas.<\/li>\n<li>Transporte: Traslado al sitio de siembra.<\/li>\n<li>Comodidades: Pa\u00f1itos h\u00famedos refrescantes y sombrillas.<\/li>\n<li>Protecci\u00f3n: Proveedor de protector solar y repelente de insectos.<\/li>\n<li>Recuerdo: Fotos opcionales de la actividad para que te lleves un recuerdo memorable.<\/li>\n<\/ul>\n<p>[\/et_pb_text][\/et_pb_column][et_pb_column type=\u00bb1_2&#8243; _builder_version=\u00bb4.27.0&#8243; _module_preset=\u00bbdefault\u00bb global_colors_info=\u00bb{}\u00bb][et_pb_text _builder_version=\u00bb4.27.0&#8243; _module_preset=\u00bbdefault\u00bb global_colors_info=\u00bb{}\u00bb]<\/p>\n<p><strong>Recomendaciones:<\/strong><\/p>\n<ul>\n<li>Vestimenta: Usa ropa c\u00f3moda y adecuada para actividades al aire libre.<\/li>\n<li>Calzado: Recomendamos llevar zapatos cerrados y resistentes.<\/li>\n<li>Hidrataci\u00f3n: Mantente bien hidratado antes y durante la actividad.<\/li>\n<li>Protecci\u00f3n Solar: Aseg\u00farate de aplicar protector solar y llevar un sombrero o gorra.<\/li>\n<li>Repelente: Aplica repelente para evitar picaduras de insectos.<\/li>\n<\/ul>\n<p>[\/et_pb_text][\/et_pb_column][\/et_pb_row][et_pb_row _builder_version=\u00bb4.27.0&#8243; _module_preset=\u00bbdefault\u00bb global_colors_info=\u00bb{}\u00bb][et_pb_column type=\u00bb4_4&#8243; _builder_version=\u00bb4.27.0&#8243; _module_preset=\u00bbdefault\u00bb global_colors_info=\u00bb{}\u00bb][et_pb_text _builder_version=\u00bb4.27.0&#8243; _module_preset=\u00bbdefault\u00bb global_colors_info=\u00bb{}\u00bb]<\/p>\n<h3>Otras formas de participar<\/h3>\n<p>\u00a1\u00danete a nuestro compromiso con la sostenibilidad! En Hotel Arenal Manoa, valoramos tu colaboraci\u00f3n en la preservaci\u00f3n del medio ambiente. Te invitamos a tomar peque\u00f1as acciones que marcan la diferencia:<\/p>\n<ul>\n<li>Apaga las luces al salir de tu habitaci\u00f3n.<\/li>\n<li>Utiliza las toallas de manera responsable para reducir el consumo de agua.<\/li>\n<li>Participa en la reutilizaci\u00f3n de botellas de agua para minimizar el uso de pl\u00e1stico desechable.<\/li>\n<li>Separa correctamente los residuos en los contenedores distribuidos por las instalaciones y \u00fanete a nuestro programa de reciclaje.<\/li>\n<\/ul>\n<p>[\/et_pb_text][\/et_pb_column][\/et_pb_row][\/et_pb_section]<\/p>\n","protected":false},"excerpt":{"rendered":"<p>NUESTRO COMPROMISO CON LA SOSTENIBILIDADA trav\u00e9s de este espacio, en Arenal Manoa queremos compartir nuestro viaje hacia la sostenibilidad con ustedes. Aqu\u00ed\u00a0encontrar\u00e1n informaci\u00f3n sobre nuestras pr\u00e1cticas sostenibles, nuestros objetivos y logros, as\u00ed como oportunidades para que ustedes tambi\u00e9n se unan a nosotros en este importante viaje. Creemos firmemente en el poder del trabajo conjunto y [&hellip;]<\/p>\n","protected":false},"author":5,"featured_media":247053,"parent":0,"menu_order":0,"comment_status":"closed","ping_status":"closed","template":"","meta":{"_acf_changed":false,"_et_pb_use_builder":"on","_et_pb_old_content":"","_et_gb_content_width":"","ngg_post_thumbnail":0,"footnotes":""},"sustainability-manoa":[],"class_list":["post-247189","page","type-page","status-publish","has-post-thumbnail","hentry"],"acf":[],"_links":{"self":[{"href":"https:\/\/arenalmanoa.com\/es\/wp-json\/wp\/v2\/pages\/247189","targetHints":{"allow":["GET"]}}],"collection":[{"href":"https:\/\/arenalmanoa.com\/es\/wp-json\/wp\/v2\/pages"}],"about":[{"href":"https:\/\/arenalmanoa.com\/es\/wp-json\/wp\/v2\/types\/page"}],"author":[{"embeddable":true,"href":"https:\/\/arenalmanoa.com\/es\/wp-json\/wp\/v2\/users\/5"}],"replies":[{"embeddable":true,"href":"https:\/\/arenalmanoa.com\/es\/wp-json\/wp\/v2\/comments?post=247189"}],"version-history":[{"count":74,"href":"https:\/\/arenalmanoa.com\/es\/wp-json\/wp\/v2\/pages\/247189\/revisions"}],"predecessor-version":[{"id":254083,"href":"https:\/\/arenalmanoa.com\/es\/wp-json\/wp\/v2\/pages\/247189\/revisions\/254083"}],"wp:featuredmedia":[{"embeddable":true,"href":"https:\/\/arenalmanoa.com\/es\/wp-json\/wp\/v2\/media\/247053"}],"wp:attachment":[{"href":"https:\/\/arenalmanoa.com\/es\/wp-json\/wp\/v2\/media?parent=247189"}],"wp:term":[{"taxonomy":"sustainability-manoa","embeddable":true,"href":"https:\/\/arenalmanoa.com\/es\/wp-json\/wp\/v2\/sustainability-manoa?post=247189"}],"curies":[{"name":"wp","href":"https:\/\/api.w.org\/{rel}","templated":true}]}}