{"id":245126,"date":"2023-02-09T04:36:36","date_gmt":"2023-02-09T04:36:36","guid":{"rendered":"https:\/\/arenalmanoa.com\/junior-suite\/"},"modified":"2025-11-01T10:10:59","modified_gmt":"2025-11-01T10:10:59","slug":"junior-suite","status":"publish","type":"page","link":"https:\/\/arenalmanoa.com\/es\/suites\/junior-suite\/","title":{"rendered":"Junior suite"},"content":{"rendered":"<p>[et_pb_section fb_built=\u00bb1&#8243; disabled_on=\u00bboff|off|off\u00bb admin_label=\u00bbPhoto slider hero\u00bb module_class=\u00bbcag-hero-section.\u00bb _builder_version=\u00bb4.21.0&#8243; _module_preset=\u00bbdefault\u00bb background_enable_video_mp4=\u00bboff\u00bb height=\u00bb100vh\u00bb custom_margin=\u00bb0px||0px||true|false\u00bb custom_margin_tablet=\u00bb0px||||false|false\u00bb custom_margin_phone=\u00bb0px||||false|false\u00bb custom_margin_last_edited=\u00bbon|desktop\u00bb custom_padding=\u00bb0px||0px||true|false\u00bb mix_blend_mode=\u00bbdarken\u00bb background_last_edited=\u00bbon|tablet\u00bb locked=\u00bboff\u00bb global_colors_info=\u00bb{}\u00bb da_is_popup=\u00bboff\u00bb da_exit_intent=\u00bboff\u00bb da_has_close=\u00bbon\u00bb da_alt_close=\u00bboff\u00bb da_dark_close=\u00bboff\u00bb da_not_modal=\u00bbon\u00bb da_is_singular=\u00bboff\u00bb da_with_loader=\u00bboff\u00bb da_has_shadow=\u00bbon\u00bb da_disable_devices=\u00bboff|off|off\u00bb][et_pb_row _builder_version=\u00bb4.21.0&#8243; _module_preset=\u00bbdefault\u00bb custom_margin=\u00bb0px||0px||true|false\u00bb custom_padding=\u00bb0px||0px||true|false\u00bb global_colors_info=\u00bb{}\u00bb][et_pb_column type=\u00bb4_4&#8243; _builder_version=\u00bb4.21.0&#8243; _module_preset=\u00bbdefault\u00bb global_colors_info=\u00bb{}\u00bb][et_pb_code admin_label=\u00bbPhoto slider\u00bb _builder_version=\u00bb4.21.0&#8243; _module_preset=\u00bbdefault\u00bb custom_margin=\u00bb-30px||||false|false\u00bb global_colors_info=\u00bb{}\u00bb]\n\t\t\t\t<p class=\"rs-p-wp-fix\"><\/p>\n\t\t\t\t<sr7-module data-alias=\"junior-photo-slider-es\" data-id=\"49\" id=\"SR7_49_1\" class=\"rs-respect-topbar rs-ov-hidden\" data-version=\"6.7.54\">\n\t\t\t\t\t<sr7-adjuster><\/sr7-adjuster>\n\t\t\t\t\t<sr7-content>\n\t\t\t\t\t\t<sr7-slide id=\"SR7_49_1-108\" data-key=\"108\">\n\t\t\t\t\t\t\t<sr7-bg id=\"SR7_49_1-108-1\" class=\"sr7-layer\"><noscript><img decoding=\"async\" src=\"https:\/\/d1qc9vxcd0jvni.cloudfront.net\/wordpress_files\/wp-content\/uploads\/2023\/07\/arenal-manoa-jr-suite-front-1536x1024.jpg\" alt=\"Arenal Manoa Junior Suite\" title=\"Arenal Manoa Junior Suite\"><\/noscript><\/sr7-bg>\n\t\t\t\t\t\t<\/sr7-slide>\n\t\t\t\t\t\t<sr7-slide id=\"SR7_49_1-107\" data-key=\"107\">\n\t\t\t\t\t\t\t<sr7-bg id=\"SR7_49_1-107-1\" class=\"sr7-layer\"><noscript><img decoding=\"async\" src=\"https:\/\/d1qc9vxcd0jvni.cloudfront.net\/wordpress_files\/wp-content\/uploads\/2023\/02\/arenal-junior-suite.jpg\" alt=\"Arenal Manoa Junior Suite\" title=\"Arenal Manoa Junior Suite\"><\/noscript><\/sr7-bg>\n\t\t\t\t\t\t<\/sr7-slide>\n\t\t\t\t\t\t<sr7-slide id=\"SR7_49_1-206\" data-key=\"206\">\n\t\t\t\t\t\t<\/sr7-slide>\n\t\t\t\t\t<\/sr7-content>\n\t\t\t\t\t<image_lists style=\"display:none\">\n\t\t\t\t\t\t<img data-src=\"\/\/arenalmanoa.com\/wp-content\/uploads\/2023\/02\/arenal-junior-suite.jpg\" data-libid=\"241705\" data-lib=\"medialibrary\" alt=\"Arenal Manoa Junior Suite\" title=\"Arenal Manoa Junior Suite\" width=\"0\" height=\"0\" data-dbsrc=\"Ly9hcmVuYWxtYW5vYS5jb20vd3AtY29udGVudC91cGxvYWRzLzIwMjMvMDIvYXJlbmFsLWp1bmlvci1zdWl0ZS5qcGc=\"\/>\n\t\t\t\t\t\t<img data-src=\"\/\/arenalmanoa.com\/wp-content\/uploads\/2023\/07\/arenal-manoa-jr-suite-front-1536x1024.jpg\" data-libid=\"244885\" data-lib=\"medialibrary\" alt=\"Arenal Manoa Junior Suite\" title=\"Arenal Manoa Junior Suite\" width=\"0\" height=\"0\" data-dbsrc=\"Ly9hcmVuYWxtYW5vYS5jb20vd3AtY29udGVudC91cGxvYWRzLzIwMjMvMDcvYXJlbmFsLW1hbm9hLWpyLXN1aXRlLWZyb250LTE1MzZ4MTAyNC5qcGc=\"\/>\n\t\t\t\t\t<\/image_lists>\n\t\t\t\t<\/sr7-module>\n\t\t\t\t<script>\n\t\t\t\t\twindow.SR7 ??={};SR7.PMH ??={}; SR7.PMH[\"SR7_49_1\"] = {cn:100,state:false,fn: function() { if (window._tpt!==undefined && window._tpt.prepareModuleHeight !== undefined) {  _tpt.prepareModuleHeight({id:\"SR7_49_1\",el:[900,900,768,960,720],type:'standard',shdw:'0',gh:[900,900,768,960,720],gw:[1240,1240,1024,778,480],vpt:['-200px&#039;,&#039;-200px&#039;,&#039;-200px&#039;,&#039;-200px&#039;,&#039;-200px'],size:{fullWidth:true, fullHeight:true},fho:'#masthead,',mh:'0',onh:0,onw:0,bg:{color:'{\"orig\":\"transparent\",\"type\":\"solid\",\"string\":\"transparent\"}'}});   SR7.PMH[\"SR7_49_1\"].state=true;} else if(SR7.PMH[\"SR7_49_1\"].cn-->0)\tsetTimeout( SR7.PMH[\"SR7_49_1\"].fn,19);}};SR7.PMH[\"SR7_49_1\" ].fn();\n\t\t\t\t<\/script>\n[\/et_pb_code][\/et_pb_column][\/et_pb_row][\/et_pb_section][et_pb_section fb_built=\u00bb1&#8243; admin_label=\u00bbWhite intro\u00bb _builder_version=\u00bb4.21.0&#8243; _module_preset=\u00bbdefault\u00bb background_color=\u00bb#FFFFFF\u00bb custom_margin=\u00bb0px||0px||false|false\u00bb custom_padding=\u00bb0px||0px||false|false\u00bb global_colors_info=\u00bb{}\u00bb da_is_popup=\u00bboff\u00bb da_exit_intent=\u00bboff\u00bb da_has_close=\u00bbon\u00bb da_alt_close=\u00bboff\u00bb da_dark_close=\u00bboff\u00bb da_not_modal=\u00bbon\u00bb da_is_singular=\u00bboff\u00bb da_with_loader=\u00bboff\u00bb da_has_shadow=\u00bbon\u00bb da_disable_devices=\u00bboff|off|off\u00bb][et_pb_row column_structure=\u00bb1_2,1_2&#8243; _builder_version=\u00bb4.27.4&#8243; _module_preset=\u00bbdefault\u00bb z_index=\u00bb1&#8243; custom_margin=\u00bb70px||||false|false\u00bb custom_margin_tablet=\u00bb30px||||false|false\u00bb custom_margin_phone=\u00bb30px||||false|false\u00bb custom_margin_last_edited=\u00bbon|phone\u00bb custom_padding=\u00bb0px||0px||false|false\u00bb hover_enabled=\u00bb0&#8243; global_colors_info=\u00bb{}\u00bb sticky_enabled=\u00bb0&#8243;][et_pb_column type=\u00bb1_2&#8243; _builder_version=\u00bb4.20.2&#8243; _module_preset=\u00bbdefault\u00bb global_colors_info=\u00bb{}\u00bb][et_pb_text _builder_version=\u00bb4.21.0&#8243; _module_preset=\u00bbdefault\u00bb header_font=\u00bbBarlow|200||on|||||\u00bb header_text_color=\u00bb#434D57&#8243; header_font_size=\u00bb40px\u00bb header_letter_spacing=\u00bb0.05em\u00bb header_line_height=\u00bb48px\u00bb custom_padding=\u00bb||10px||false|false\u00bb border_width_bottom=\u00bb4px\u00bb border_color_bottom=\u00bb#B8D45F\u00bb global_colors_info=\u00bb{}\u00bb]<\/p>\n<h1>Echa un vistazo a nuestras hermosas<br \/>\n<span style=\"color: #b8d45f; font-weight: bold; letter-spacing: 0.05em;\">JUNIOR SUITES<\/span><\/h1>\n<p>[\/et_pb_text][et_pb_code _builder_version=\u00bb4.27.0&#8243; _module_preset=\u00bbdefault\u00bb background_color=\u00bbRGBA(255,255,255,0)\u00bb global_colors_info=\u00bb{}\u00bb]<\/p>\n<div class=\"amenities-container\" style=\"display:flex; justify-content:space-between;\"><!-- [et_pb_line_break_holder] -->  <img decoding=\"async\" class=\"amenity-icon\" src=\"https:\/\/d1qc9vxcd0jvni.cloudfront.net\/wordpress_files\/wp-content\/uploads\/2023\/06\/icon-lg-queen-beds.png\" title=\"2 camas Queen\"><!-- [et_pb_line_break_holder] -->    <img decoding=\"async\" class=\"amenity-icon\" src=\"https:\/\/d1qc9vxcd0jvni.cloudfront.net\/wordpress_files\/wp-content\/uploads\/2023\/06\/icon-lg-ac.png\" title=\"Aire acondicionado\"><!-- [et_pb_line_break_holder] -->  <img decoding=\"async\" class=\"amenity-icon\" src=\"https:\/\/d1qc9vxcd0jvni.cloudfront.net\/wordpress_files\/wp-content\/uploads\/2023\/06\/icon-lg-shower.png\" title=\"Ducha con agua caliente\"><!-- [et_pb_line_break_holder] -->  <img decoding=\"async\" class=\"amenity-icon\" src=\"https:\/\/d1qc9vxcd0jvni.cloudfront.net\/wordpress_files\/wp-content\/uploads\/2023\/06\/icon-lg-hot-beverage.png\" title=\"Coffee\/tea maker\"><!-- [et_pb_line_break_holder] -->  <img decoding=\"async\" class=\"amenity-icon\" src=\"https:\/\/d1qc9vxcd0jvni.cloudfront.net\/wordpress_files\/wp-content\/uploads\/2023\/06\/icon-lg-tv.png\" title=\"Flatscreen TV\"><!-- [et_pb_line_break_holder] --><\/div>\n<p><!-- [et_pb_line_break_holder] --><!-- [et_pb_line_break_holder] --><\/p>\n<div class=\"amenities-container\" style=\"display: flex; justify-content:space-between;\"><!-- [et_pb_line_break_holder] -->  <img decoding=\"async\" class=\"phone-amenity\" src=\"https:\/\/d1qc9vxcd0jvni.cloudfront.net\/wordpress_files\/wp-content\/uploads\/2023\/06\/icon-lg-phone.png\" title=\"Tel\u00e9fono fijo\" style=\"height:40px;\"><!-- [et_pb_line_break_holder] -->  <img decoding=\"async\" class=\"amenity-icon\" src=\"https:\/\/d1qc9vxcd0jvni.cloudfront.net\/wordpress_files\/wp-content\/uploads\/2023\/06\/icon-lg-safe.png\" title=\"Caja fuerte\"><!-- [et_pb_line_break_holder] -->  <img decoding=\"async\" class=\"amenity-icon\" src=\"https:\/\/d1qc9vxcd0jvni.cloudfront.net\/wordpress_files\/wp-content\/uploads\/2023\/06\/icon-lg-wifi.png\" title=\"Wi-fi gratis\"><!-- [et_pb_line_break_holder] -->  <img decoding=\"async\" class=\"amenity-icon\" src=\"https:\/\/d1qc9vxcd0jvni.cloudfront.net\/wordpress_files\/wp-content\/uploads\/2023\/06\/icon-lg-wheelchair.png\" title=\"Acceso para silla de ruedas\"><!-- [et_pb_line_break_holder] -->  <img decoding=\"async\" class=\"amenity-icon\" src=\"https:\/\/d1qc9vxcd0jvni.cloudfront.net\/wordpress_files\/wp-content\/uploads\/2023\/07\/icon-lg-park.png\" style=\"width:45px; height:45px;\" title=\"Estacionamiento gratuito junto a la suite\"><!-- [et_pb_line_break_holder] --><\/div>\n<p>[\/et_pb_code][\/et_pb_column][et_pb_column type=\u00bb1_2&#8243; _builder_version=\u00bb4.20.2&#8243; _module_preset=\u00bbdefault\u00bb global_colors_info=\u00bb{}\u00bb][et_pb_text _builder_version=\u00bb4.27.0&#8243; _module_preset=\u00bbdefault\u00bb text_font=\u00bbBarlow|300|||||||\u00bb text_text_color=\u00bb#434D57&#8243; text_font_size=\u00bb20px\u00bb text_letter_spacing=\u00bb0.03em\u00bb text_line_height=\u00bb24px\u00bb global_colors_info=\u00bb{}\u00bb]<span style=\"font-weight: 400;\">Suites, donde el confort se une a la naturaleza. Estas suites est\u00e1n cuidadosamente dise\u00f1adas para brindar un retiro sereno, rodeadas de frondosos \u00e1rboles y jardines bellamente cuidados, creando un escape tranquilo del ajetreo y el bullicio de la vida cotidiana.<\/span><\/p>\n<p><span style=\"font-weight: 400;\">Los toques adicionales incluyen camas Queen, aire acondicionado, Wi-Fi de cortes\u00eda, TV de pantalla plana con cable, cafetera, caja de seguridad, mini refrigerador, secador de cabello, acceso para sillas de ruedas, terraza privada amueblada y estacionamiento de cortes\u00eda junto a la suite.<\/span>[\/et_pb_text][\/et_pb_column][\/et_pb_row][et_pb_row _builder_version=\u00bb4.21.0&#8243; _module_preset=\u00bbdefault\u00bb custom_margin=\u00bb||0px||false|false\u00bb custom_padding=\u00bb||0px||false|false\u00bb global_colors_info=\u00bb{}\u00bb][et_pb_column type=\u00bb4_4&#8243; _builder_version=\u00bb4.20.2&#8243; _module_preset=\u00bbdefault\u00bb global_colors_info=\u00bb{}\u00bb][et_pb_slider _builder_version=\u00bb4.21.0&#8243; _module_preset=\u00bbdefault\u00bb min_height=\u00bb65vh\u00bb animation_style=\u00bbfade\u00bb animation_duration=\u00bb1500ms\u00bb auto=\u00bbon\u00bb auto_speed=\u00bb10000&#8243; global_colors_info=\u00bb{}\u00bb][et_pb_slide admin_title=\u00bbJunior slider photo 1&#8243; _builder_version=\u00bb4.21.0&#8243; _module_preset=\u00bbdefault\u00bb background_enable_color=\u00bboff\u00bb background_image=\u00bbhttps:\/\/d1qc9vxcd0jvni.cloudfront.net\/wordpress_files\/wp-content\/uploads\/2023\/02\/arenal-junior-suite.jpg\u00bb background_enable_image=\u00bbon\u00bb global_colors_info=\u00bb{}\u00bb sticky_transition=\u00bbon\u00bb][\/et_pb_slide][et_pb_slide admin_title=\u00bbJunior slider photo 2&#8243; _builder_version=\u00bb4.21.0&#8243; _module_preset=\u00bbdefault\u00bb background_enable_color=\u00bboff\u00bb background_image=\u00bbhttps:\/\/d1qc9vxcd0jvni.cloudfront.net\/wordpress_files\/wp-content\/uploads\/2023\/05\/junior-suite1-arenal-manoa-costa-rica.jpg\u00bb background_enable_image=\u00bbon\u00bb global_colors_info=\u00bb{}\u00bb sticky_transition=\u00bbon\u00bb][\/et_pb_slide][\/et_pb_slider][\/et_pb_column][\/et_pb_row][et_pb_row disabled_on=\u00bbon|on|off\u00bb admin_label=\u00bbDesktop carousel container\u00bb _builder_version=\u00bb4.21.0&#8243; _module_preset=\u00bbdefault\u00bb custom_margin=\u00bb0px||||false|false\u00bb custom_padding=\u00bb0px||30px||false|false\u00bb locked=\u00bboff\u00bb global_colors_info=\u00bb{}\u00bb][et_pb_column type=\u00bb4_4&#8243; _builder_version=\u00bb4.21.0&#8243; _module_preset=\u00bbdefault\u00bb custom_padding=\u00bb0px||0px||true|false\u00bb global_colors_info=\u00bb{}\u00bb][et_pb_code admin_label=\u00bbDesktop carousel shortcode\u00bb _builder_version=\u00bb4.21.0&#8243; _module_preset=\u00bbdefault\u00bb position_origin_a=\u00bbbottom_center\u00bb width=\u00bb100%\u00bb custom_margin=\u00bb0px||0px||false|false\u00bb custom_padding=\u00bb0px||0px||true|false\u00bb global_colors_info=\u00bb{}\u00bb]<script>console.log(\"Other-suites-jr ES: No active slides found\")<\/script>\n[\/et_pb_code][\/et_pb_column][\/et_pb_row][\/et_pb_section][et_pb_section fb_built=\u00bb1&#8243; disabled_on=\u00bboff|off|on\u00bb admin_label=\u00bbOther categories section &#8211; mobile\u00bb module_id=\u00bbsite\u00bb _builder_version=\u00bb4.21.0&#8243; _module_preset=\u00bbdefault\u00bb background_color=\u00bb#FFFFFF\u00bb custom_margin=\u00bb0px||||false|false\u00bb custom_padding=\u00bb0px||||false|false\u00bb locked=\u00bboff\u00bb global_colors_info=\u00bb{}\u00bb da_is_popup=\u00bboff\u00bb da_exit_intent=\u00bboff\u00bb da_has_close=\u00bbon\u00bb da_alt_close=\u00bboff\u00bb da_dark_close=\u00bboff\u00bb da_not_modal=\u00bbon\u00bb da_is_singular=\u00bboff\u00bb da_with_loader=\u00bboff\u00bb da_has_shadow=\u00bbon\u00bb da_disable_devices=\u00bboff|off|off\u00bb][et_pb_row disabled_on=\u00bboff|off|on\u00bb admin_label=\u00bbOther sections title\u00bb _builder_version=\u00bb4.21.0&#8243; _module_preset=\u00bbdefault\u00bb positioning=\u00bbnone\u00bb position_origin_a=\u00bbcenter_center\u00bb vertical_offset=\u00bb20px\u00bb z_index=\u00bb1&#8243; custom_margin=\u00bb0px||0px||false|false\u00bb custom_padding=\u00bb0px||0px||false|false\u00bb locked=\u00bboff\u00bb global_colors_info=\u00bb{}\u00bb][et_pb_column type=\u00bb4_4&#8243; _builder_version=\u00bb4.19.5&#8243; _module_preset=\u00bbdefault\u00bb global_colors_info=\u00bb{}\u00bb][et_pb_text admin_label=\u00bbHotel name &#038; description\u00bb _builder_version=\u00bb4.21.0&#8243; _module_preset=\u00bbdefault\u00bb text_font=\u00bbBarlow|300|||||||\u00bb text_text_color=\u00bb#434D57&#8243; text_font_size=\u00bb20px\u00bb text_letter_spacing=\u00bb0.5px\u00bb text_line_height=\u00bb1.2em\u00bb header_font=\u00bbBarlow||||||||\u00bb header_text_align=\u00bbcenter\u00bb header_text_color=\u00bb#434D57&#8243; header_font_size=\u00bb39px\u00bb header_letter_spacing=\u00bb0.2em\u00bb header_line_height=\u00bb48px\u00bb header_2_font=\u00bbBarlow|200|||||||\u00bb header_2_font_size=\u00bb32px\u00bb header_2_letter_spacing=\u00bb0.03em\u00bb header_2_line_height=\u00bb1.1em\u00bb z_index=\u00bb1&#8243; custom_margin=\u00bb40px||||false|false\u00bb custom_margin_tablet=\u00bb||||false|false\u00bb custom_margin_phone=\u00bb||||false|false\u00bb custom_margin_last_edited=\u00bbon|phone\u00bb header_font_size_tablet=\u00bb39px\u00bb header_font_size_phone=\u00bb24px\u00bb header_font_size_last_edited=\u00bbon|phone\u00bb header_line_height_tablet=\u00bb48px\u00bb header_line_height_phone=\u00bb32px\u00bb header_line_height_last_edited=\u00bbon|desktop\u00bb header_2_letter_spacing_tablet=\u00bb0.03em\u00bb header_2_letter_spacing_phone=\u00bb0.03em\u00bb header_2_letter_spacing_last_edited=\u00bbon|phone\u00bb global_colors_info=\u00bb{}\u00bb]<\/p>\n<h2 style=\"font-weight: 200; margin-bottom: 30px; text-align: left;\">NUESTROS HU\u00c9SPEDES TAMBI\u00c9N VIERON<br \/>\n<span style=\"text-align: center; color: #b8d45f; font-weight: bold;\">OTRAS OPCIONES DE HOSPEDAJE<\/span><\/h2>\n<p>[\/et_pb_text][\/et_pb_column][\/et_pb_row][et_pb_row column_structure=\u00bb1_3,1_3,1_3&#8243; disabled_on=\u00bboff|off|on\u00bb admin_label=\u00bbRoom cards container\u00bb _builder_version=\u00bb4.22.1&#8243; _module_preset=\u00bbdefault\u00bb custom_margin=\u00bb0px||0px||false|false\u00bb custom_padding=\u00bb0px||0px||false|false\u00bb locked=\u00bboff\u00bb global_colors_info=\u00bb{}\u00bb][et_pb_column type=\u00bb1_3&#8243; _builder_version=\u00bb4.19.5&#8243; _module_preset=\u00bbdefault\u00bb global_colors_info=\u00bb{}\u00bb][et_pb_blurb url=\u00bb\/es\/chato-suite\u00bb image=\u00bbhttps:\/\/d1qc9vxcd0jvni.cloudfront.net\/wordpress_files\/wp-content\/uploads\/2023\/07\/arenal-manoa-premium-suite-fortuna-costa-rica.jpg\u00bb alt=\u00bbPremium volcano view suite in Arenal Manoa Costa Rica\u00bb admin_label=\u00bbpremium-suite-card\u00bb module_class=\u00bbroom-card\u00bb _builder_version=\u00bb4.22.1&#8243; _module_preset=\u00bbdefault\u00bb header_level=\u00bbh3&#8243; header_font=\u00bbBarlow|700|||||||\u00bb header_font_size=\u00bb39px\u00bb header_line_height=\u00bb1.1em\u00bb body_font=\u00bbBarlow|300|||||||\u00bb body_text_color=\u00bb#434D57&#8243; body_font_size=\u00bb20px\u00bb body_letter_spacing=\u00bb0.5px\u00bb body_line_height=\u00bb1.1em\u00bb background_color=\u00bb#f1f1f1&#8243; max_width=\u00bb550px\u00bb custom_padding=\u00bb||20px||false|false\u00bb link_option_url=\u00bb\/es\/chato-suite\u00bb text_orientation_tablet=\u00bb\u00bb text_orientation_phone=\u00bbleft\u00bb text_orientation_last_edited=\u00bbon|phone\u00bb locked=\u00bboff\u00bb global_colors_info=\u00bb{}\u00bb]<\/p>\n<h4 class=\"room-card-title\"><span class=\"green-title\">CHATO<\/span> SUITES<\/h4>\n<p class=\"room-card-body\" style=\"text-align: left;\"><span style=\"font-weight: 400;\">El ep\u00edtome de la elegancia y el refinamiento. Rodeadas de exuberantes jardines tropicales, cada suite ofrece una piscina privada con una amplia terraza,\u00a0 e impresionantes vistas del volc\u00e1n Arenal.<\/span><\/p>\n<p style=\"text-align: center;\"><a class=\"green-center-link\" href=\"https:\/\/d1qc9vxcd0jvni.cloudfront.net\/wordpress_files\/es\/suites\/chato-suite\/\" style=\"font-weight: 500;\" target=\"_blank\" rel=\"noopener\">VER M\u00c1S<\/a><\/p>\n<p>[\/et_pb_blurb][\/et_pb_column][et_pb_column type=\u00bb1_3&#8243; _builder_version=\u00bb4.22.1&#8243; _module_preset=\u00bbdefault\u00bb global_colors_info=\u00bb{}\u00bb][et_pb_blurb url=\u00bb\/premium-suite\u00bb image=\u00bbhttps:\/\/d1qc9vxcd0jvni.cloudfront.net\/wordpress_files\/wp-content\/uploads\/2023\/07\/arenal-manoa-premium-suite-fortuna-costa-rica.jpg\u00bb alt=\u00bbPremium volcano view suite in Arenal Manoa Costa Rica\u00bb admin_label=\u00bbpremium-suite-card\u00bb module_class=\u00bbroom-card\u00bb _builder_version=\u00bb4.22.1&#8243; _module_preset=\u00bbdefault\u00bb header_level=\u00bbh3&#8243; header_font=\u00bbBarlow|700|||||||\u00bb header_font_size=\u00bb39px\u00bb header_line_height=\u00bb1.1em\u00bb body_font=\u00bbBarlow|300|||||||\u00bb body_text_color=\u00bb#434D57&#8243; body_font_size=\u00bb20px\u00bb body_letter_spacing=\u00bb0.5px\u00bb body_line_height=\u00bb1.1em\u00bb background_color=\u00bb#f1f1f1&#8243; max_width=\u00bb550px\u00bb custom_padding=\u00bb||20px||false|false\u00bb link_option_url=\u00bb\/premium-suite\u00bb text_orientation_tablet=\u00bb\u00bb text_orientation_phone=\u00bbleft\u00bb text_orientation_last_edited=\u00bbon|phone\u00bb locked=\u00bboff\u00bb global_colors_info=\u00bb{}\u00bb]<\/p>\n<h4 class=\"room-card-title\"><span class=\"green-title\">PREMIUM<\/span> SUITES<\/h4>\n<p class=\"room-card-body\" style=\"text-align: left;\"><span style=\"font-weight: 400;\">El favorito de las parejas que buscan una experiencia de placer, comodidad extra y espacio en cama King Size y por supuesto, vistas panor\u00e1micas al Volc\u00e1n Arenal.<\/span><\/p>\n<p style=\"text-align: center;\"><a class=\"green-center-link\" href=\"https:\/\/d1qc9vxcd0jvni.cloudfront.net\/wordpress_files\/es\/suites\/premium-suite\/\" style=\"font-weight: 500;\" target=\"_blank\" rel=\"noopener\">VER M\u00c1S<\/a><\/p>\n<p>[\/et_pb_blurb][\/et_pb_column][et_pb_column type=\u00bb1_3&#8243; _builder_version=\u00bb4.21.0&#8243; _module_preset=\u00bbdefault\u00bb global_colors_info=\u00bb{}\u00bb][et_pb_blurb url=\u00bb\/superior-suite\u00bb image=\u00bbhttps:\/\/d1qc9vxcd0jvni.cloudfront.net\/wordpress_files\/wp-content\/uploads\/2023\/05\/superior-suite1-arenal-manoa-costa-rica.jpg\u00bb alt=\u00bbSuperior Suite Arenal Manoa Costa Rica\u00bb admin_label=\u00bbsuperior-suite-card\u00bb module_class=\u00bbroom-card\u00bb _builder_version=\u00bb4.22.1&#8243; _module_preset=\u00bbdefault\u00bb header_level=\u00bbh3&#8243; header_font=\u00bbBarlow|700|||||||\u00bb header_font_size=\u00bb39px\u00bb header_line_height=\u00bb1.1em\u00bb body_font=\u00bbBarlow|300|||||||\u00bb body_text_color=\u00bb#434D57&#8243; body_font_size=\u00bb20px\u00bb body_letter_spacing=\u00bb0.5px\u00bb body_line_height=\u00bb1.1em\u00bb background_color=\u00bb#f1f1f1&#8243; max_width=\u00bb550px\u00bb custom_padding=\u00bb||20px||false|false\u00bb link_option_url=\u00bb\/superior-suite\u00bb text_orientation_tablet=\u00bbleft\u00bb text_orientation_phone=\u00bbleft\u00bb text_orientation_last_edited=\u00bbon|phone\u00bb global_colors_info=\u00bb{}\u00bb]<\/p>\n<h4 class=\"room-card-title\"><span class=\"green-title\">SUPERIOR<\/span> SUITES<\/h4>\n<p class=\"room-card-body\" style=\"text-align: left;\"><span style=\"font-weight: 400;\">Experiencia mejorada con amenidades superiores, \u00e1reas espaciosas, un entorno tropical exuberante y vistas incre\u00edbles del Volc\u00e1n Arenal desde tu propio porche.<\/span><\/p>\n<p style=\"text-align: center;\"><a class=\"green-center-link\" href=\"https:\/\/d1qc9vxcd0jvni.cloudfront.net\/wordpress_files\/suites\/superior-suite\/\" style=\"font-weight: 500;\" target=\"_blank\" rel=\"noopener\">VER M\u00c1S<\/a><\/p>\n<p>[\/et_pb_blurb][\/et_pb_column][\/et_pb_row][\/et_pb_section]<\/p>\n","protected":false},"excerpt":{"rendered":"<p>\n\t\t\t\t<p class=\"rs-p-wp-fix\"><\/p>\n\t\t\t\t<sr7-module data-alias=\"junior-photo-slider-es\" data-id=\"49\" id=\"SR7_49_3\" class=\"rs-respect-topbar rs-ov-hidden\" data-version=\"6.7.54\">\n\t\t\t\t\t<sr7-adjuster><\/sr7-adjuster>\n\t\t\t\t\t<sr7-content>\n\t\t\t\t\t\t<sr7-slide id=\"SR7_49_3-108\" data-key=\"108\">\n\t\t\t\t\t\t\t<sr7-bg id=\"SR7_49_3-108-1\" class=\"sr7-layer\"><noscript><img decoding=\"async\" src=\"https:\/\/arenalmanoa.com\/wp-content\/uploads\/2023\/07\/arenal-manoa-jr-suite-front-1536x1024.jpg\" alt=\"Arenal Manoa Junior Suite\" title=\"Arenal Manoa Junior Suite\"><\/noscript><\/sr7-bg>\n\t\t\t\t\t\t<\/sr7-slide>\n\t\t\t\t\t\t<sr7-slide id=\"SR7_49_3-107\" data-key=\"107\">\n\t\t\t\t\t\t\t<sr7-bg id=\"SR7_49_3-107-1\" class=\"sr7-layer\"><noscript><img decoding=\"async\" src=\"https:\/\/arenalmanoa.com\/wp-content\/uploads\/2023\/02\/arenal-junior-suite.jpg\" alt=\"Arenal Manoa Junior Suite\" title=\"Arenal Manoa Junior Suite\"><\/noscript><\/sr7-bg>\n\t\t\t\t\t\t<\/sr7-slide>\n\t\t\t\t\t\t<sr7-slide id=\"SR7_49_3-206\" data-key=\"206\">\n\t\t\t\t\t\t<\/sr7-slide>\n\t\t\t\t\t<\/sr7-content>\n\t\t\t\t\t<image_lists style=\"display:none\">\n\t\t\t\t\t\t<img data-src=\"\/\/arenalmanoa.com\/wp-content\/uploads\/2023\/02\/arenal-junior-suite.jpg\" data-libid=\"241705\" data-lib=\"medialibrary\" alt=\"Arenal Manoa Junior Suite\" title=\"Arenal Manoa Junior Suite\" width=\"0\" height=\"0\" data-dbsrc=\"Ly9hcmVuYWxtYW5vYS5jb20vd3AtY29udGVudC91cGxvYWRzLzIwMjMvMDIvYXJlbmFsLWp1bmlvci1zdWl0ZS5qcGc=\"\/>\n\t\t\t\t\t\t<img data-src=\"\/\/arenalmanoa.com\/wp-content\/uploads\/2023\/07\/arenal-manoa-jr-suite-front-1536x1024.jpg\" data-libid=\"244885\" data-lib=\"medialibrary\" alt=\"Arenal Manoa Junior Suite\" title=\"Arenal Manoa Junior Suite\" width=\"0\" height=\"0\" data-dbsrc=\"Ly9hcmVuYWxtYW5vYS5jb20vd3AtY29udGVudC91cGxvYWRzLzIwMjMvMDcvYXJlbmFsLW1hbm9hLWpyLXN1aXRlLWZyb250LTE1MzZ4MTAyNC5qcGc=\"\/>\n\t\t\t\t\t<\/image_lists>\n\t\t\t\t<\/sr7-module>\n\t\t\t\t<script>\n\t\t\t\t\twindow.SR7 ??={};SR7.PMH ??={}; SR7.PMH[\"SR7_49_3\"] = {cn:100,state:false,fn: function() { if (window._tpt!==undefined && window._tpt.prepareModuleHeight !== undefined) {  _tpt.prepareModuleHeight({id:\"SR7_49_3\",el:[900,900,768,960,720],type:'standard',shdw:'0',gh:[900,900,768,960,720],gw:[1240,1240,1024,778,480],vpt:['-200px&#039;,&#039;-200px&#039;,&#039;-200px&#039;,&#039;-200px&#039;,&#039;-200px'],size:{fullWidth:true, fullHeight:true},fho:'#masthead,',mh:'0',onh:0,onw:0,bg:{color:'{\"orig\":\"transparent\",\"type\":\"solid\",\"string\":\"transparent\"}'}});   SR7.PMH[\"SR7_49_3\"].state=true;} else if(SR7.PMH[\"SR7_49_3\"].cn-->0)\tsetTimeout( SR7.PMH[\"SR7_49_3\"].fn,19);}};SR7.PMH[\"SR7_49_3\" ].fn();\n\t\t\t\t<\/script>\nEcha un vistazo a nuestras hermosas JUNIOR SUITESSuites, donde el confort se une a la naturaleza. Estas suites est\u00e1n cuidadosamente dise\u00f1adas para brindar un retiro sereno, rodeadas de frondosos \u00e1rboles y jardines bellamente cuidados, creando un escape tranquilo del ajetreo y el bullicio de la vida cotidiana. Los toques adicionales incluyen camas Queen, aire [&hellip;]<\/p>\n","protected":false},"author":1,"featured_media":246924,"parent":249313,"menu_order":0,"comment_status":"closed","ping_status":"closed","template":"","meta":{"_acf_changed":false,"_et_pb_use_builder":"on","_et_pb_old_content":"<!-- wp:divi\/placeholder \/-->","_et_gb_content_width":"","ngg_post_thumbnail":0,"footnotes":""},"sustainability-manoa":[],"class_list":["post-245126","page","type-page","status-publish","has-post-thumbnail","hentry"],"acf":[],"_links":{"self":[{"href":"https:\/\/arenalmanoa.com\/es\/wp-json\/wp\/v2\/pages\/245126","targetHints":{"allow":["GET"]}}],"collection":[{"href":"https:\/\/arenalmanoa.com\/es\/wp-json\/wp\/v2\/pages"}],"about":[{"href":"https:\/\/arenalmanoa.com\/es\/wp-json\/wp\/v2\/types\/page"}],"author":[{"embeddable":true,"href":"https:\/\/arenalmanoa.com\/es\/wp-json\/wp\/v2\/users\/1"}],"replies":[{"embeddable":true,"href":"https:\/\/arenalmanoa.com\/es\/wp-json\/wp\/v2\/comments?post=245126"}],"version-history":[{"count":13,"href":"https:\/\/arenalmanoa.com\/es\/wp-json\/wp\/v2\/pages\/245126\/revisions"}],"predecessor-version":[{"id":251602,"href":"https:\/\/arenalmanoa.com\/es\/wp-json\/wp\/v2\/pages\/245126\/revisions\/251602"}],"up":[{"embeddable":true,"href":"https:\/\/arenalmanoa.com\/es\/wp-json\/wp\/v2\/pages\/249313"}],"wp:featuredmedia":[{"embeddable":true,"href":"https:\/\/arenalmanoa.com\/es\/wp-json\/wp\/v2\/media\/246924"}],"wp:attachment":[{"href":"https:\/\/arenalmanoa.com\/es\/wp-json\/wp\/v2\/media?parent=245126"}],"wp:term":[{"taxonomy":"sustainability-manoa","embeddable":true,"href":"https:\/\/arenalmanoa.com\/es\/wp-json\/wp\/v2\/sustainability-manoa?post=245126"}],"curies":[{"name":"wp","href":"https:\/\/api.w.org\/{rel}","templated":true}]}}