{"id":244270,"date":"2023-02-09T04:37:34","date_gmt":"2023-02-09T04:37:34","guid":{"rendered":"https:\/\/arenalmanoa.com\/tours\/"},"modified":"2026-01-11T17:43:42","modified_gmt":"2026-01-11T17:43:42","slug":"tours","status":"publish","type":"page","link":"https:\/\/arenalmanoa.com\/es\/tours\/","title":{"rendered":"Tours"},"content":{"rendered":"<p>[et_pb_section fb_built=\u00bb1&#8243; disabled_on=\u00bboff|off|off\u00bb admin_label=\u00bbPhoto hero\u00bb module_class=\u00bbcag-hero-section.\u00bb _builder_version=\u00bb4.21.0&#8243; _module_preset=\u00bbdefault\u00bb background_enable_video_mp4=\u00bboff\u00bb height=\u00bb100vh\u00bb custom_margin=\u00bb0px||0px||true|false\u00bb custom_margin_tablet=\u00bb0px||||false|false\u00bb custom_margin_phone=\u00bb0px||||false|false\u00bb custom_margin_last_edited=\u00bbon|desktop\u00bb custom_padding=\u00bb0px||0px||true|false\u00bb mix_blend_mode=\u00bbdarken\u00bb background_last_edited=\u00bbon|tablet\u00bb da_disable_devices=\u00bboff|off|off\u00bb locked=\u00bboff\u00bb global_colors_info=\u00bb{}\u00bb da_is_popup=\u00bboff\u00bb da_exit_intent=\u00bboff\u00bb da_has_close=\u00bbon\u00bb da_alt_close=\u00bboff\u00bb da_dark_close=\u00bboff\u00bb da_not_modal=\u00bbon\u00bb da_is_singular=\u00bboff\u00bb da_with_loader=\u00bboff\u00bb da_has_shadow=\u00bbon\u00bb][et_pb_row _builder_version=\u00bb4.21.0&#8243; _module_preset=\u00bbdefault\u00bb custom_margin=\u00bb0px||0px||true|false\u00bb custom_padding=\u00bb0px||0px||true|false\u00bb global_colors_info=\u00bb{}\u00bb][et_pb_column type=\u00bb4_4&#8243; _builder_version=\u00bb4.21.0&#8243; _module_preset=\u00bbdefault\u00bb custom_padding=\u00bb0px|0px|0px|0px|true|true\u00bb global_colors_info=\u00bb{}\u00bb][et_pb_code admin_label=\u00bbPhoto slider shortcode\u00bb _builder_version=\u00bb4.23&#8243; _module_preset=\u00bbdefault\u00bb custom_margin=\u00bb-30px||||false|false\u00bb custom_padding=\u00bb0px||||false|false\u00bb global_colors_info=\u00bb{}\u00bb]\n\t\t\t<!-- START Tours image hero REVOLUTION SLIDER 6.7.41 --><p class=\"rs-p-wp-fix\"><\/p>\n\t\t\t<rs-module-wrap id=\"rev_slider_64_1_wrapper\" data-source=\"gallery\" style=\"visibility:hidden;background:transparent;padding:0;\">\n\t\t\t\t<rs-module id=\"rev_slider_64_1\" style=\"\" data-version=\"6.7.41\">\n\t\t\t\t\t<rs-slides style=\"overflow: hidden; position: absolute;\">\n\t\t\t\t\t\t<rs-slide style=\"position: absolute;\" data-key=\"rs-274\" data-title=\"Intro\" data-anim=\"ms:2000;\" data-in=\"o:-0.5;sx:1.6;sy:1.6;e:power4.inOut;\" data-out=\"o:0;sx:0.6;sy:0.6;e:power4.inOut;\">\n\t\t\t\t\t\t\t<img decoding=\"async\" src=\"\/\/arenalmanoa.com\/wp-content\/plugins\/revslider\/sr6\/assets\/assets\/dummy.png\" alt=\"Combined nature tour in Arenal Costa Rica\" title=\"Combined nature tour in Arenal Costa Rica\" width=\"1280\" height=\"853\" class=\"rev-slidebg tp-rs-img rs-lazyload\" data-lazyload=\"\/\/d1qc9vxcd0jvni.cloudfront.net\/wordpress_files\/wp-content\/uploads\/2023\/07\/combined-tours-arenal-costa-rica4-1280x853.jpg\" data-bg=\"p:center top;\" data-parallax=\"10\" data-no-retina>\n<!--\n\t\t\t\t\t\t\t--><rs-layer\n\t\t\t\t\t\t\t\tid=\"slider-64-slide-274-layer-0\" \n\t\t\t\t\t\t\t\tdata-type=\"shape\"\n\t\t\t\t\t\t\t\tdata-rsp_ch=\"on\"\n\t\t\t\t\t\t\t\tdata-text=\"w:normal;s:20,16,12,7;l:0,20,15,9;\"\n\t\t\t\t\t\t\t\tdata-dim=\"w:100%;h:100%;\"\n\t\t\t\t\t\t\t\tdata-basealign=\"slide\"\n\t\t\t\t\t\t\t\tdata-frame_999=\"o:0;st:w;\"\n\t\t\t\t\t\t\t\tstyle=\"z-index:6;background-color:rgba(0,0,0,0.35);\"\n\t\t\t\t\t\t\t> \n\t\t\t\t\t\t\t<\/rs-layer><!--\n-->\t\t\t\t\t<\/rs-slide>\n\t\t\t\t\t<\/rs-slides>\n\t\t\t\t\t<rs-static-layers><!--\n\t\t\t\t\t--><\/rs-static-layers>\n\t\t\t\t<\/rs-module>\n\t\t\t\t<script>\n\t\t\t\t\tsetREVStartSize({c: 'rev_slider_64_1',rl:[1240,1024,778,480],el:[900,768,960,720],gw:[1240,1024,778,480],gh:[900,768,960,720],type:'hero',justify:'',layout:'fullscreen',offsetContainer:'#masthead',offset:'0px',mh:\"0\"});if (window.RS_MODULES!==undefined && window.RS_MODULES.modules!==undefined && window.RS_MODULES.modules[\"revslider641\"]!==undefined) {window.RS_MODULES.modules[\"revslider641\"].once = false;window.revapi64 = undefined;if (window.RS_MODULES.checkMinimal!==undefined) window.RS_MODULES.checkMinimal()}\n\t\t\t\t<\/script>\n\t\t\t<\/rs-module-wrap>\n\t\t\t<!-- END REVOLUTION SLIDER -->\n[\/et_pb_code][\/et_pb_column][\/et_pb_row][\/et_pb_section][et_pb_section fb_built=\u00bb1&#8243; admin_label=\u00bbWhite intro\u00bb _builder_version=\u00bb4.20.2&#8243; _module_preset=\u00bbdefault\u00bb background_color=\u00bb#FFFFFF\u00bb custom_margin=\u00bb0px||||false|false\u00bb custom_padding=\u00bb0px||||false|false\u00bb da_disable_devices=\u00bboff|off|off\u00bb global_colors_info=\u00bb{}\u00bb da_is_popup=\u00bboff\u00bb da_exit_intent=\u00bboff\u00bb da_has_close=\u00bbon\u00bb da_alt_close=\u00bboff\u00bb da_dark_close=\u00bboff\u00bb da_not_modal=\u00bbon\u00bb da_is_singular=\u00bboff\u00bb da_with_loader=\u00bboff\u00bb da_has_shadow=\u00bbon\u00bb][et_pb_row _builder_version=\u00bb4.27.4&#8243; _module_preset=\u00bbdefault\u00bb z_index=\u00bb1&#8243; custom_margin=\u00bb||||false|false\u00bb custom_margin_tablet=\u00bb||||false|false\u00bb custom_margin_phone=\u00bb||||false|false\u00bb custom_margin_last_edited=\u00bbon|phone\u00bb custom_padding=\u00bb0px||0px||false|false\u00bb global_colors_info=\u00bb{}\u00bb][et_pb_column type=\u00bb4_4&#8243; _builder_version=\u00bb4.20.2&#8243; _module_preset=\u00bbdefault\u00bb global_colors_info=\u00bb{}\u00bb][et_pb_text admin_label=\u00bbHotel name &#038; description\u00bb _builder_version=\u00bb4.27.4&#8243; _module_preset=\u00bbdefault\u00bb text_font=\u00bbBarlow|300|||||||\u00bb text_text_color=\u00bb#434D57&#8243; text_font_size=\u00bb20px\u00bb text_letter_spacing=\u00bb0.5px\u00bb text_line_height=\u00bb1.2em\u00bb header_font=\u00bbBarlow||||||||\u00bb header_text_align=\u00bbcenter\u00bb header_text_color=\u00bb#434D57&#8243; header_font_size=\u00bb39px\u00bb header_letter_spacing=\u00bb0.2em\u00bb header_line_height=\u00bb48px\u00bb z_index=\u00bb1&#8243; custom_margin=\u00bb30px||||false|false\u00bb custom_margin_tablet=\u00bb30px||||false|false\u00bb custom_margin_phone=\u00bb120px||||false|false\u00bb custom_margin_last_edited=\u00bbon|desktop\u00bb header_font_size_tablet=\u00bb39px\u00bb header_font_size_phone=\u00bb24px\u00bb header_font_size_last_edited=\u00bbon|phone\u00bb header_line_height_tablet=\u00bb48px\u00bb header_line_height_phone=\u00bb32px\u00bb header_line_height_last_edited=\u00bbon|desktop\u00bb locked=\u00bboff\u00bb global_colors_info=\u00bb{}\u00bb]<\/p>\n<h1 style=\"text-align: center; font-weight: 200; margin-bottom: 20px;\">ACTIVIDADES PARA REALIZAR EN <span style=\"text-align: center; color: #b8d45f; font-weight: bold;\">LA FORTUNA<\/span><\/h1>\n<p>Perm\u00edtenos llevarte en la aventura de tu vida con uno de nuestros tours en el \u00e1rea de Arenal &#8211; La Fortuna. Te esperan actividades como canopy, rafting en aguas bravas, observaci\u00f3n de aves, barranquismo, paseos en veh\u00edculos todo terreno (ATVs) \u00a1y mucho m\u00e1s!<\/p>\n<p><strong>Importante <\/strong><\/p>\n<ul>\n<li>Todos los tours en esta p\u00e1gina son actividades compartidas, NO son actividades privadas. Si deseaw, tambi\u00e9n podemos coordinar servicios privados. Por favor ten en cuenta que estos se encuentran sujetos a disponibilidad del operador y tienen un mayor precio.<\/li>\n<li>Todos los precios mencionados a continuaci\u00f3n son por persona en d\u00f3lares estadounidenses y est\u00e1n sujetos a cambios dependiendo de la fecha y del proveedor.<\/li>\n<li>Para reservar cualquiera de los tours, cont\u00e1ctanos v\u00eda telef\u00f3nica, e-mail o WhatsApp. Para poder brindarte una cotizaci\u00f3n precisa, requerimos:\n<ul>\n<li>Cantidad de personas.<\/li>\n<li>Edades de los ni\u00f1os, si los hay.<\/li>\n<li>Fecha deseada.<\/li>\n<li>Necesidades especiales.<\/li>\n<\/ul>\n<\/li>\n<li>Si deseas reservar m\u00e1s de un tour, por favor env\u00edanos todos los detalles en un mismo mensaje.<\/li>\n<li>Consultar la disponbilidad de un servicio no garantiza una reservaci\u00f3n, el tour deseado no estar\u00e1 reservado hasta que un miembro de nuestro equipo as\u00ed lo confirme.<\/li>\n<li>Solamente podemos ofrecer tours a hu\u00e9spedes de Arenal Manoa, si te vas a hospedar en otro hotel, por favor coordina a trav\u00e9s de su equipo.<\/li>\n<\/ul>\n<p>[\/et_pb_text][\/et_pb_column][\/et_pb_row][\/et_pb_section][et_pb_section fb_built=\u00bb1&#8243; disabled_on=\u00bbon|on|on\u00bb module_id=\u00bbtour-availability\u00bb _builder_version=\u00bb4.24.2&#8243; _module_preset=\u00bbdefault\u00bb background_color=\u00bb#434D57&#8243; da_disable_devices=\u00bboff|off|off\u00bb disabled=\u00bbon\u00bb global_colors_info=\u00bb{}\u00bb da_is_popup=\u00bboff\u00bb da_exit_intent=\u00bboff\u00bb da_has_close=\u00bbon\u00bb da_alt_close=\u00bboff\u00bb da_dark_close=\u00bboff\u00bb da_not_modal=\u00bbon\u00bb da_is_singular=\u00bboff\u00bb da_with_loader=\u00bboff\u00bb da_has_shadow=\u00bbon\u00bb][et_pb_row admin_label=\u00bbbook-tour-form-row\u00bb _builder_version=\u00bb4.24.2&#8243; _module_preset=\u00bbdefault\u00bb background_color=\u00bb#434D57&#8243; custom_padding=\u00bb||||false|true\u00bb locked=\u00bboff\u00bb global_colors_info=\u00bb{}\u00bb][et_pb_column type=\u00bb4_4&#8243; _builder_version=\u00bb4.24.0&#8243; _module_preset=\u00bbdefault\u00bb global_colors_info=\u00bb{}\u00bb][et_pb_text admin_label=\u00bbt1-title\u00bb _builder_version=\u00bb4.24.2&#8243; _module_preset=\u00bbdefault\u00bb text_font=\u00bbBarlow|300|||||||\u00bb text_text_color=\u00bb#FFFFFF\u00bb text_font_size=\u00bb20px\u00bb text_letter_spacing=\u00bb0.01em\u00bb text_line_height=\u00bb1.1em\u00bb header_font_size=\u00bb42px\u00bb header_2_font=\u00bbBarlow|300||on|||||\u00bb header_2_font_size=\u00bb40px\u00bb header_2_letter_spacing=\u00bb0.03em\u00bb header_2_line_height=\u00bb48px\u00bb header_4_font=\u00bbBarlow|300|||||||\u00bb header_4_text_align=\u00bbleft\u00bb header_4_text_color=\u00bb#434D57&#8243; header_4_font_size=\u00bb42px\u00bb header_4_line_height=\u00bb44px\u00bb header_6_font=\u00bbBarlow|200|||||||\u00bb header_6_text_color=\u00bb#6D7D8A\u00bb header_6_font_size=\u00bb30px\u00bb header_6_letter_spacing=\u00bb0.01em\u00bb header_6_line_height=\u00bb34px\u00bb text_orientation=\u00bbjustified\u00bb custom_margin=\u00bb0px||10px||false|false\u00bb custom_padding=\u00bb||||false|false\u00bb border_color_bottom=\u00bb#FFFFFF\u00bb locked=\u00bboff\u00bb global_colors_info=\u00bb{}\u00bb]<\/p>\n<p style=\"text-align: left;\"><strong>Consultar disponibilidad de tours.<\/strong><\/p>\n<p>Selecciona los tours de tu inter\u00e9s<\/p>\n<p>[\/et_pb_text][et_pb_contact_form use_spam_service=\u00bbon\u00bb recaptcha_list=\u00bbArenal Manoa|Arenal Manoa-0&#8243; email=\u00bbinfo@arenalmanoa.com\u00bb custom_message=\u00bbFormulario de tours (ES)||et_pb_line_break_holder||Tours: %%tours-check%%||et_pb_line_break_holder||Check-in: %%check-in-date%%||et_pb_line_break_holder||Check-out: %%check-out-date%%||et_pb_line_break_holder||Adultos: %%adults%%||et_pb_line_break_holder||Ni\u00f1os: %%kids%%||et_pb_line_break_holder||Nombre: %%name%%||et_pb_line_break_holder||Email: %%email%%||et_pb_line_break_holder||Notas: %%notes%%\u00bb success_message=\u00bbGracias por tu mensaje, nuestro equipo responder\u00e1 dentro de las pr\u00f3ximas 24 horas. Si necesitas ayuda m\u00e1s pronto, puedes llamarnos o enviarnos un mensaje por WhatsApp.\u00bb submit_button_text=\u00bbENVIAR\u00bb admin_label=\u00bbt1-form\u00bb module_class=\u00bbpa-checkboxes-radio-buttons-inline\u00bb _builder_version=\u00bb4.24.2&#8243; _module_preset=\u00bb5e3e188f-e30c-4fb5-a14e-87f877a4619f\u00bb _unique_id=\u00bb60edf8df-2d6a-43cb-8a03-b2fe229307d4&#8243; form_field_background_color=\u00bbrgba(255,255,255,0.9)\u00bb form_field_text_color=\u00bb#434D57&#8243; form_field_custom_margin=\u00bb0px||14px||false|false\u00bb form_field_custom_padding=\u00bb22px|24px|22px|24px|true|true\u00bb title_font=\u00bbBarlow||||||||\u00bb title_text_color=\u00bb#FFFFFF\u00bb captcha_font=\u00bbBarlow|300|||||||\u00bb captcha_text_color=\u00bb#ffffff\u00bb captcha_font_size=\u00bb20px\u00bb captcha_letter_spacing=\u00bb0.5em\u00bb captcha_line_height=\u00bb24px\u00bb form_field_font=\u00bbBarlow|700|||||||\u00bb form_field_text_align=\u00bbleft\u00bb form_field_font_size=\u00bb18px\u00bb form_field_letter_spacing=\u00bb0.03em\u00bb form_field_line_height=\u00bb20px\u00bb background_color=\u00bb#434D57&#8243; custom_button=\u00bbon\u00bb button_text_size=\u00bb20px\u00bb button_text_color=\u00bb#434D57&#8243; button_bg_color=\u00bb#B8D45F\u00bb button_border_width=\u00bb0px\u00bb button_border_color=\u00bb#FFFFFF\u00bb button_border_radius=\u00bb0px\u00bb button_letter_spacing=\u00bb0.03em\u00bb button_font=\u00bbBarlow|300||on|||||\u00bb button_use_icon=\u00bboff\u00bb button_custom_margin=\u00bb20px||||false|false\u00bb button_custom_padding=\u00bb0px|30px|0px|30px|true|true\u00bb border_width_all=\u00bb0px\u00bb border_color_all=\u00bb#FFFFFF\u00bb locked=\u00bboff\u00bb global_colors_info=\u00bb{}\u00bb button_bg_color__hover_enabled=\u00bbon|hover\u00bb button_bg_color__hover=\u00bb#FABF4F\u00bb button_bg_enable_color__hover=\u00bbon\u00bb button_letter_spacing__hover_enabled=\u00bbon|desktop\u00bb button_text_size__hover_enabled=\u00bbon|hover\u00bb button_text_size__hover=\u00bb22px\u00bb button_letter_spacing__hover=\u00bb0.03em\u00bb][et_pb_contact_field field_id=\u00bbtours-check\u00bb field_title=\u00bb \u00bb field_type=\u00bbcheckbox\u00bb checkbox_options=\u00bb%91{%22value%22:%22Aventuras combinadas (Especifica tu favorita en notas)%22,%22checked%22:0,%22dragID%22:-1},{%22value%22:%22Minicombos (Especifica tu favorito en notas)%22,%22checked%22:0,%22dragID%22:0},{%22value%22:%22Puentes colgantes%22,%22checked%22:0,%22dragID%22:1},{%22value%22:%22Caminata sobre lava%22,%22checked%22:0,%22dragID%22:2},{%22value%22:%22Caminata y termales%22,%22checked%22:0,%22dragID%22:3},{%22value%22:%22Caminata en R\u00edo Celeste%22,%22checked%22:0,%22dragID%22:4},{%22value%22:%22Safari flotante%22,%22checked%22:0,%22dragID%22:5},{%22value%22:%22Ca\u00f1o Negro%22,%22checked%22:0,%22dragID%22:6},{%22value%22:%22Caminata de perezosos%22,%22checked%22:0,%22dragID%22:7},{%22value%22:%22Caminata nocturna%22,%22checked%22:0,%22dragID%22:8},{%22value%22:%22Observaci\u00f3n de aves%22,%22checked%22:0,%22dragID%22:9},{%22value%22:%22Tour de caf\u00e9 y cacao%22,%22checked%22:0,%22dragID%22:10},{%22value%22:%22Rafting%22,%22checked%22:0,%22dragID%22:11},{%22value%22:%22Rappel%22,%22checked%22:0,%22dragID%22:12},{%22value%22:%22Tour de ATV%22,%22checked%22:0,%22dragID%22:13},{%22value%22:%22Zipline%22,%22checked%22:0,%22dragID%22:14},{%22value%22:%22Telef\u00e9rico%22,%22checked%22:0,%22dragID%22:15},{%22value%22:%22Cabalgata%22,%22checked%22:0,%22dragID%22:16},{%22value%22:%22Tubing%22,%22checked%22:0,%22dragID%22:17},{%22value%22:%22Clases de cocina%22,%22checked%22:0,%22dragID%22:18},{%22value%22:%22Ciclismo de monta\u00f1a%22,%22checked%22:0,%22dragID%22:19},{%22value%22:%22Kayak\/paddle en el lago%22,%22checked%22:0,%22dragID%22:20}%93&#8243; fullwidth_field=\u00bbon\u00bb _builder_version=\u00bb4.24.2&#8243; _module_preset=\u00bbdefault\u00bb form_field_text_color=\u00bb#FFFFFF\u00bb form_field_focus_background_color=\u00bbRGBA(255,255,255,0)\u00bb form_field_focus_text_color=\u00bb#B8D45F\u00bb form_field_font=\u00bbBarlow|300|||||||\u00bb text_orientation=\u00bbleft\u00bb global_colors_info=\u00bb{}\u00bb][\/et_pb_contact_field][et_pb_contact_field field_id=\u00bbcheck-in-date\u00bb field_title=\u00bbFecha de check-in (MM\/DD\/YYYY)\u00bb _builder_version=\u00bb4.24.2&#8243; _module_preset=\u00bbdefault\u00bb form_field_text_color=\u00bb#434D57&#8243; form_field_focus_background_color=\u00bb#FFFFFF\u00bb form_field_focus_text_color=\u00bb#434D57&#8243; form_field_font=\u00bbBarlow|300|||||||\u00bb form_field_font_size=\u00bb18px\u00bb form_field_line_height=\u00bb20px\u00bb global_colors_info=\u00bb{}\u00bb][\/et_pb_contact_field][et_pb_contact_field field_id=\u00bbcheck-out-date\u00bb field_title=\u00bbFecha de check-out (MM\/DD\/YYYY)\u00bb _builder_version=\u00bb4.24.2&#8243; _module_preset=\u00bbdefault\u00bb form_field_text_color=\u00bb#434D57&#8243; form_field_focus_background_color=\u00bb#FFFFFF\u00bb form_field_focus_text_color=\u00bb#434D57&#8243; form_field_font=\u00bbBarlow|300|||||||\u00bb form_field_font_size=\u00bb18px\u00bb form_field_line_height=\u00bb20px\u00bb global_colors_info=\u00bb{}\u00bb][\/et_pb_contact_field][et_pb_contact_field field_id=\u00bbadults\u00bb field_title=\u00bb# de adultos (mayores de 12)\u00bb min_length=\u00bb1&#8243; max_length=\u00bb3&#8243; allowed_symbols=\u00bbnumbers\u00bb _builder_version=\u00bb4.24.2&#8243; _module_preset=\u00bbdefault\u00bb form_field_text_color=\u00bb#434D57&#8243; form_field_focus_background_color=\u00bb#FFFFFF\u00bb form_field_focus_text_color=\u00bb#434D57&#8243; form_field_font=\u00bbBarlow|300|||||||\u00bb form_field_font_size=\u00bb18px\u00bb form_field_line_height=\u00bb20px\u00bb global_colors_info=\u00bb{}\u00bb][\/et_pb_contact_field][et_pb_contact_field field_id=\u00bbkids\u00bb field_title=\u00bb# de ni\u00f1os (hasta 12 a\u00f1os)\u00bb min_length=\u00bb1&#8243; max_length=\u00bb3&#8243; allowed_symbols=\u00bbnumbers\u00bb _builder_version=\u00bb4.24.2&#8243; _module_preset=\u00bbdefault\u00bb form_field_text_color=\u00bb#434D57&#8243; form_field_focus_background_color=\u00bb#FFFFFF\u00bb form_field_focus_text_color=\u00bb#434D57&#8243; form_field_font=\u00bbBarlow|300|||||||\u00bb form_field_font_size=\u00bb18px\u00bb form_field_line_height=\u00bb20px\u00bb global_colors_info=\u00bb{}\u00bb][\/et_pb_contact_field][et_pb_contact_field field_id=\u00bbname\u00bb field_title=\u00bbNombre (titular de reserva en Arenal Manoa)\u00bb _builder_version=\u00bb4.24.2&#8243; form_field_text_color=\u00bb#434D57&#8243; form_field_focus_background_color=\u00bb#FFFFFF\u00bb form_field_focus_text_color=\u00bb#434D57&#8243; form_field_font=\u00bbBarlow|300|||||||\u00bb form_field_font_size=\u00bb18px\u00bb form_field_line_height=\u00bb20px\u00bb global_colors_info=\u00bb{}\u00bb button_text_size__hover_enabled=\u00bboff\u00bb button_one_text_size__hover_enabled=\u00bboff\u00bb button_two_text_size__hover_enabled=\u00bboff\u00bb button_text_color__hover_enabled=\u00bboff\u00bb button_one_text_color__hover_enabled=\u00bboff\u00bb button_two_text_color__hover_enabled=\u00bboff\u00bb button_border_width__hover_enabled=\u00bboff\u00bb button_one_border_width__hover_enabled=\u00bboff\u00bb button_two_border_width__hover_enabled=\u00bboff\u00bb button_border_color__hover_enabled=\u00bboff\u00bb button_one_border_color__hover_enabled=\u00bboff\u00bb button_two_border_color__hover_enabled=\u00bboff\u00bb button_border_radius__hover_enabled=\u00bboff\u00bb button_one_border_radius__hover_enabled=\u00bboff\u00bb button_two_border_radius__hover_enabled=\u00bboff\u00bb button_letter_spacing__hover_enabled=\u00bboff\u00bb button_one_letter_spacing__hover_enabled=\u00bboff\u00bb button_two_letter_spacing__hover_enabled=\u00bboff\u00bb button_bg_color__hover_enabled=\u00bboff\u00bb button_one_bg_color__hover_enabled=\u00bboff\u00bb button_two_bg_color__hover_enabled=\u00bboff\u00bb][\/et_pb_contact_field][et_pb_contact_field field_id=\u00bbemail\u00bb field_title=\u00bbCorreo electr\u00f3nico\u00bb field_type=\u00bbemail\u00bb _builder_version=\u00bb4.24.2&#8243; form_field_text_color=\u00bb#434D57&#8243; form_field_focus_background_color=\u00bb#FFFFFF\u00bb form_field_focus_text_color=\u00bb#434D57&#8243; form_field_font=\u00bbBarlow|300|||||||\u00bb form_field_font_size=\u00bb18px\u00bb form_field_line_height=\u00bb20px\u00bb global_colors_info=\u00bb{}\u00bb button_text_size__hover_enabled=\u00bboff\u00bb button_one_text_size__hover_enabled=\u00bboff\u00bb button_two_text_size__hover_enabled=\u00bboff\u00bb button_text_color__hover_enabled=\u00bboff\u00bb button_one_text_color__hover_enabled=\u00bboff\u00bb button_two_text_color__hover_enabled=\u00bboff\u00bb button_border_width__hover_enabled=\u00bboff\u00bb button_one_border_width__hover_enabled=\u00bboff\u00bb button_two_border_width__hover_enabled=\u00bboff\u00bb button_border_color__hover_enabled=\u00bboff\u00bb button_one_border_color__hover_enabled=\u00bboff\u00bb button_two_border_color__hover_enabled=\u00bboff\u00bb button_border_radius__hover_enabled=\u00bboff\u00bb button_one_border_radius__hover_enabled=\u00bboff\u00bb button_two_border_radius__hover_enabled=\u00bboff\u00bb button_letter_spacing__hover_enabled=\u00bboff\u00bb button_one_letter_spacing__hover_enabled=\u00bboff\u00bb button_two_letter_spacing__hover_enabled=\u00bboff\u00bb button_bg_color__hover_enabled=\u00bboff\u00bb button_one_bg_color__hover_enabled=\u00bboff\u00bb button_two_bg_color__hover_enabled=\u00bboff\u00bb][\/et_pb_contact_field][et_pb_contact_field field_id=\u00bbnotes\u00bb field_title=\u00bbNotas\u00bb field_type=\u00bbtext\u00bb fullwidth_field=\u00bbon\u00bb _builder_version=\u00bb4.24.2&#8243; form_field_text_color=\u00bb#434D57&#8243; form_field_focus_background_color=\u00bb#FFFFFF\u00bb form_field_focus_text_color=\u00bb#434D57&#8243; form_field_font=\u00bbBarlow|300|||||||\u00bb form_field_font_size=\u00bb18px\u00bb form_field_line_height=\u00bb20px\u00bb global_colors_info=\u00bb{}\u00bb button_text_size__hover_enabled=\u00bboff\u00bb button_one_text_size__hover_enabled=\u00bboff\u00bb button_two_text_size__hover_enabled=\u00bboff\u00bb button_text_color__hover_enabled=\u00bboff\u00bb button_one_text_color__hover_enabled=\u00bboff\u00bb button_two_text_color__hover_enabled=\u00bboff\u00bb button_border_width__hover_enabled=\u00bboff\u00bb button_one_border_width__hover_enabled=\u00bboff\u00bb button_two_border_width__hover_enabled=\u00bboff\u00bb button_border_color__hover_enabled=\u00bboff\u00bb button_one_border_color__hover_enabled=\u00bboff\u00bb button_two_border_color__hover_enabled=\u00bboff\u00bb button_border_radius__hover_enabled=\u00bboff\u00bb button_one_border_radius__hover_enabled=\u00bboff\u00bb button_two_border_radius__hover_enabled=\u00bboff\u00bb button_letter_spacing__hover_enabled=\u00bboff\u00bb button_one_letter_spacing__hover_enabled=\u00bboff\u00bb button_two_letter_spacing__hover_enabled=\u00bboff\u00bb button_bg_color__hover_enabled=\u00bboff\u00bb button_one_bg_color__hover_enabled=\u00bboff\u00bb button_two_bg_color__hover_enabled=\u00bboff\u00bb][\/et_pb_contact_field][\/et_pb_contact_form][\/et_pb_column][\/et_pb_row][\/et_pb_section]<\/p>\n","protected":false},"excerpt":{"rendered":"<p>\n\t\t\t<!-- START Tours image hero REVOLUTION SLIDER 6.7.41 --><p class=\"rs-p-wp-fix\"><\/p>\n\t\t\t<rs-module-wrap id=\"rev_slider_64_2_wrapper\" data-source=\"gallery\" style=\"visibility:hidden;background:transparent;padding:0;\">\n\t\t\t\t<rs-module id=\"rev_slider_64_2\" style=\"\" data-version=\"6.7.41\">\n\t\t\t\t\t<rs-slides style=\"overflow: hidden; position: absolute;\">\n\t\t\t\t\t\t<rs-slide style=\"position: absolute;\" data-key=\"rs-274\" data-title=\"Intro\" data-anim=\"ms:2000;\" data-in=\"o:-0.5;sx:1.6;sy:1.6;e:power4.inOut;\" data-out=\"o:0;sx:0.6;sy:0.6;e:power4.inOut;\">\n\t\t\t\t\t\t\t<img decoding=\"async\" src=\"\/\/arenalmanoa.com\/wp-content\/plugins\/revslider\/sr6\/assets\/assets\/dummy.png\" alt=\"Combined nature tour in Arenal Costa Rica\" title=\"Combined nature tour in Arenal Costa Rica\" width=\"1280\" height=\"853\" class=\"rev-slidebg tp-rs-img rs-lazyload\" data-lazyload=\"\/\/d1qc9vxcd0jvni.cloudfront.net\/wordpress_files\/wp-content\/uploads\/2023\/07\/combined-tours-arenal-costa-rica4-1280x853.jpg\" data-bg=\"p:center top;\" data-parallax=\"10\" data-no-retina>\n<!--\n\t\t\t\t\t\t\t--><rs-layer\n\t\t\t\t\t\t\t\tid=\"slider-64-slide-274-layer-0\" \n\t\t\t\t\t\t\t\tdata-type=\"shape\"\n\t\t\t\t\t\t\t\tdata-rsp_ch=\"on\"\n\t\t\t\t\t\t\t\tdata-text=\"w:normal;s:20,16,12,7;l:0,20,15,9;\"\n\t\t\t\t\t\t\t\tdata-dim=\"w:100%;h:100%;\"\n\t\t\t\t\t\t\t\tdata-basealign=\"slide\"\n\t\t\t\t\t\t\t\tdata-frame_999=\"o:0;st:w;\"\n\t\t\t\t\t\t\t\tstyle=\"z-index:6;background-color:rgba(0,0,0,0.35);\"\n\t\t\t\t\t\t\t> \n\t\t\t\t\t\t\t<\/rs-layer><!--\n-->\t\t\t\t\t<\/rs-slide>\n\t\t\t\t\t<\/rs-slides>\n\t\t\t\t\t<rs-static-layers><!--\n\t\t\t\t\t--><\/rs-static-layers>\n\t\t\t\t<\/rs-module>\n\t\t\t\t<script>\n\t\t\t\t\tsetREVStartSize({c: 'rev_slider_64_2',rl:[1240,1024,778,480],el:[900,768,960,720],gw:[1240,1024,778,480],gh:[900,768,960,720],type:'hero',justify:'',layout:'fullscreen',offsetContainer:'#masthead',offset:'0px',mh:\"0\"});if (window.RS_MODULES!==undefined && window.RS_MODULES.modules!==undefined && window.RS_MODULES.modules[\"revslider642\"]!==undefined) {window.RS_MODULES.modules[\"revslider642\"].once = false;window.revapi64_2 = undefined;if (window.RS_MODULES.checkMinimal!==undefined) window.RS_MODULES.checkMinimal()}\n\t\t\t\t<\/script>\n\t\t\t<\/rs-module-wrap>\n\t\t\t<!-- END REVOLUTION SLIDER -->\nACTIVIDADES PARA REALIZAR EN LA FORTUNA Perm\u00edtenos llevarte en la aventura de tu vida con uno de nuestros tours en el \u00e1rea de Arenal &#8211; La Fortuna. Te esperan actividades como canopy, rafting en aguas bravas, observaci\u00f3n de aves, barranquismo, paseos en veh\u00edculos todo terreno (ATVs) \u00a1y mucho m\u00e1s! Importante Todos los tours en [&hellip;]<\/p>\n","protected":false},"author":1,"featured_media":0,"parent":0,"menu_order":0,"comment_status":"closed","ping_status":"closed","template":"page-tour-list.php","meta":{"_acf_changed":false,"_et_pb_use_builder":"on","_et_pb_old_content":"<!-- wp:divi\/placeholder \/-->","_et_gb_content_width":"","ngg_post_thumbnail":0,"footnotes":""},"sustainability-manoa":[],"class_list":["post-244270","page","type-page","status-publish","hentry"],"acf":[],"_links":{"self":[{"href":"https:\/\/arenalmanoa.com\/es\/wp-json\/wp\/v2\/pages\/244270","targetHints":{"allow":["GET"]}}],"collection":[{"href":"https:\/\/arenalmanoa.com\/es\/wp-json\/wp\/v2\/pages"}],"about":[{"href":"https:\/\/arenalmanoa.com\/es\/wp-json\/wp\/v2\/types\/page"}],"author":[{"embeddable":true,"href":"https:\/\/arenalmanoa.com\/es\/wp-json\/wp\/v2\/users\/1"}],"replies":[{"embeddable":true,"href":"https:\/\/arenalmanoa.com\/es\/wp-json\/wp\/v2\/comments?post=244270"}],"version-history":[{"count":45,"href":"https:\/\/arenalmanoa.com\/es\/wp-json\/wp\/v2\/pages\/244270\/revisions"}],"predecessor-version":[{"id":253567,"href":"https:\/\/arenalmanoa.com\/es\/wp-json\/wp\/v2\/pages\/244270\/revisions\/253567"}],"wp:attachment":[{"href":"https:\/\/arenalmanoa.com\/es\/wp-json\/wp\/v2\/media?parent=244270"}],"wp:term":[{"taxonomy":"sustainability-manoa","embeddable":true,"href":"https:\/\/arenalmanoa.com\/es\/wp-json\/wp\/v2\/sustainability-manoa?post=244270"}],"curies":[{"name":"wp","href":"https:\/\/api.w.org\/{rel}","templated":true}]}}