{"id":244264,"date":"2023-04-02T18:41:16","date_gmt":"2023-04-02T18:41:16","guid":{"rendered":"https:\/\/arenalmanoa.com\/terms-of-service\/"},"modified":"2025-11-01T10:23:39","modified_gmt":"2025-11-01T10:23:39","slug":"terminos-de-servicio","status":"publish","type":"page","link":"https:\/\/arenalmanoa.com\/es\/terminos-de-servicio\/","title":{"rendered":"T\u00e9rminos de servicio"},"content":{"rendered":"<p>[et_pb_section fb_built=\u00bb1&#8243; disabled_on=\u00bboff|off|off\u00bb admin_label=\u00bbPhoto hero\u00bb module_class=\u00bbcag-hero-section.\u00bb _builder_version=\u00bb4.21.0&#8243; _module_preset=\u00bbdefault\u00bb background_enable_video_mp4=\u00bboff\u00bb height=\u00bb100vh\u00bb custom_margin=\u00bb0px||0px||true|false\u00bb custom_margin_tablet=\u00bb0px||||false|false\u00bb custom_margin_phone=\u00bb0px||||false|false\u00bb custom_margin_last_edited=\u00bbon|desktop\u00bb custom_padding=\u00bb0px||0px||true|false\u00bb mix_blend_mode=\u00bbdarken\u00bb background_last_edited=\u00bbon|tablet\u00bb locked=\u00bboff\u00bb global_colors_info=\u00bb{}\u00bb da_is_popup=\u00bboff\u00bb da_exit_intent=\u00bboff\u00bb da_has_close=\u00bbon\u00bb da_alt_close=\u00bboff\u00bb da_dark_close=\u00bboff\u00bb da_not_modal=\u00bbon\u00bb da_is_singular=\u00bboff\u00bb da_with_loader=\u00bboff\u00bb da_has_shadow=\u00bbon\u00bb da_disable_devices=\u00bboff|off|off\u00bb][et_pb_row _builder_version=\u00bb4.21.0&#8243; _module_preset=\u00bbdefault\u00bb custom_margin=\u00bb0px||0px||true|false\u00bb custom_padding=\u00bb0px||0px||true|false\u00bb global_colors_info=\u00bb{}\u00bb][et_pb_column type=\u00bb4_4&#8243; _builder_version=\u00bb4.21.0&#8243; _module_preset=\u00bbdefault\u00bb custom_padding=\u00bb0px|0px|0px|0px|true|true\u00bb global_colors_info=\u00bb{}\u00bb][et_pb_code admin_label=\u00bbPhoto hero shortcode\u00bb _builder_version=\u00bb4.21.0&#8243; _module_preset=\u00bbdefault\u00bb custom_margin=\u00bb-30px||||false|false\u00bb custom_padding=\u00bb0px||||false|false\u00bb global_colors_info=\u00bb{}\u00bb]\n\t\t\t\t<p class=\"rs-p-wp-fix\"><\/p>\n\t\t\t\t<sr7-module data-alias=\"Cancellation-hero\" data-id=\"41\" id=\"SR7_41_1\" class=\"rs-ov-hidden\" data-version=\"6.7.54\">\n\t\t\t\t\t<sr7-adjuster><\/sr7-adjuster>\n\t\t\t\t\t<sr7-content>\n\t\t\t\t\t\t<sr7-slide id=\"SR7_41_1-90\" data-key=\"90\">\n\t\t\t\t\t\t\t<sr7-bg id=\"SR7_41_1-90-1\" class=\"sr7-layer\"><noscript><img decoding=\"async\" src=\"https:\/\/arenalmanoa.com\/wp-content\/uploads\/2023\/04\/agreement-1280x853.jpg\" alt=\"Terms of service\" title=\"Terms of service\"><\/noscript><\/sr7-bg>\n\t\t\t\t\t\t<\/sr7-slide>\n\t\t\t\t\t\t<sr7-slide id=\"SR7_41_1-199\" data-key=\"199\">\n\t\t\t\t\t\t<\/sr7-slide>\n\t\t\t\t\t<\/sr7-content>\n\t\t\t\t\t<image_lists style=\"display:none\">\n\t\t\t\t\t\t<img data-src=\"\/\/arenalmanoa.com\/wp-content\/uploads\/2023\/04\/agreement-1280x853.jpg\" data-libid=\"242370\" data-lib=\"medialibrary\" alt=\"Terms of service\" title=\"Terms of service\" width=\"0\" height=\"0\" data-dbsrc=\"Ly9hcmVuYWxtYW5vYS5jb20vd3AtY29udGVudC91cGxvYWRzLzIwMjMvMDQvYWdyZWVtZW50LTEyODB4ODUzLmpwZw==\"\/>\n\t\t\t\t\t<\/image_lists>\n\t\t\t\t<\/sr7-module>\n\t\t\t\t<script>\n\t\t\t\t\twindow.SR7 ??={};SR7.PMH ??={}; SR7.PMH[\"SR7_41_1\"] = {cn:100,state:false,fn: function() { if (window._tpt!==undefined && window._tpt.prepareModuleHeight !== undefined) {  _tpt.prepareModuleHeight({id:\"SR7_41_1\",el:[867.998,867.998,768,960,720],type:'hero',shdw:'0',gh:[868,868,768,960,720],gw:[1240,1240,1024,778,480],vpt:['-200px&#039;,&#039;-200px&#039;,&#039;-200px&#039;,&#039;-200px&#039;,&#039;-200px'],size:{fullWidth:true, fullHeight:true},fho:',60px',mh:'0',onh:0,onw:0,bg:{color:'{\"orig\":\"transparent\",\"type\":\"solid\",\"string\":\"transparent\"}'},plType:'-1',plColor:'#FFFFFF'});   SR7.PMH[\"SR7_41_1\"].state=true;} else if(SR7.PMH[\"SR7_41_1\"].cn-->0)\tsetTimeout( SR7.PMH[\"SR7_41_1\"].fn,19);}};SR7.PMH[\"SR7_41_1\" ].fn();\n\t\t\t\t<\/script>\n[\/et_pb_code][\/et_pb_column][\/et_pb_row][\/et_pb_section][et_pb_section fb_built=\u00bb1&#8243; admin_label=\u00bbWhite intro\u00bb module_id=\u00bbsite\u00bb _builder_version=\u00bb4.20.0&#8243; _module_preset=\u00bbdefault\u00bb background_color=\u00bb#FFFFFF\u00bb custom_margin=\u00bb0px||||false|false\u00bb custom_padding=\u00bb0px||||false|false\u00bb global_colors_info=\u00bb{}\u00bb da_is_popup=\u00bboff\u00bb da_exit_intent=\u00bboff\u00bb da_has_close=\u00bbon\u00bb da_alt_close=\u00bboff\u00bb da_dark_close=\u00bboff\u00bb da_not_modal=\u00bbon\u00bb da_is_singular=\u00bboff\u00bb da_with_loader=\u00bboff\u00bb da_has_shadow=\u00bbon\u00bb da_disable_devices=\u00bboff|off|off\u00bb][et_pb_row _builder_version=\u00bb4.27.4&#8243; _module_preset=\u00bbdefault\u00bb custom_margin=\u00bb||||false|false\u00bb custom_margin_tablet=\u00bb||||false|false\u00bb custom_margin_phone=\u00bb||||false|false\u00bb custom_margin_last_edited=\u00bbon|phone\u00bb custom_padding=\u00bb0px||0px||false|false\u00bb global_colors_info=\u00bb{}\u00bb][et_pb_column type=\u00bb4_4&#8243; _builder_version=\u00bb4.20.2&#8243; _module_preset=\u00bbdefault\u00bb global_colors_info=\u00bb{}\u00bb][et_pb_text _builder_version=\u00bb4.27.4&#8243; _module_preset=\u00bbdefault\u00bb header_font=\u00bbBarlow|300||on|||||\u00bb header_text_align=\u00bbcenter\u00bb header_text_color=\u00bb#434D57&#8243; header_font_size=\u00bb36px\u00bb header_letter_spacing=\u00bb0.03em\u00bb header_line_height=\u00bb42px\u00bb custom_padding=\u00bb||10px||false|false\u00bb hover_enabled=\u00bb0&#8243; border_color_bottom=\u00bb#B8D45F\u00bb global_colors_info=\u00bb{}\u00bb sticky_enabled=\u00bb0&#8243;]<\/p>\n<h1>T\u00e9rminos de servicio<br \/><span class=\"green-title\">ARENAL MANOA<\/span><\/h1>\n<p>[\/et_pb_text][et_pb_text _builder_version=\u00bb4.21.0&#8243; _module_preset=\u00bbdefault\u00bb text_font=\u00bbBarlow|300|||||||\u00bb text_text_color=\u00bb#434D57&#8243; text_font_size=\u00bb20px\u00bb text_line_height=\u00bb24px\u00bb text_orientation=\u00bbjustified\u00bb global_colors_info=\u00bb{}\u00bb]<\/p>\n<p><span style=\"font-weight: 400;\">Bienvenido a Arenal Manoa Hot Springs Resort &amp; Spa (\u201cHotel Arenal Manoa\u201d). Lea estos T\u00e9rminos de servicio (\u00abAcuerdo\u00bb) detenidamente, ya que rigen el uso de nuestro sitio web ubicado en www.arenalmanoa.com (\u00abel sitio\u00bb) y los servicios proporcionados en el sitio. Este Acuerdo establece los t\u00e9rminos legalmente vinculantes y condiciones para su uso del sitio, propiedad de Ganadera Manoa de La Fortuna S.A., una empresa costarricense.<\/span><\/p>\n<p><span style=\"font-weight: 400;\">Al usar el sitio, usted acepta estar sujeto a este Acuerdo. Si no est\u00e1 de acuerdo con estos t\u00e9rminos y condiciones, no puede ni debe usar el sitio o cualquier servicio proporcionado por Arenal Manoa Hotel a trav\u00e9s del sitio.<\/span><\/p>\n<p><strong>Uso del sitio<\/strong><\/p>\n<p><span style=\"font-weight: 400;\">El sitio est\u00e1 destinado \u00fanicamente para uso personal, no comercial. No puede usar el sitio para ning\u00fan prop\u00f3sito ilegal o no autorizado. No puede usar el sitio para transmitir ning\u00fan contenido que sea ilegal, amenazante, acosador, difamatorio, obsceno o de otra manera objetable.<\/span><\/p>\n<p><b>Pol\u00edtica de reserva.<\/b><\/p>\n<p><span style=\"font-weight: 400;\">Todas las reservaciones est\u00e1n sujetas a disponibilidad. Consulte m\u00e1s detalles en nuestra p\u00e1gina dedicada a la pol\u00edtica de reservas y cancelaciones.<\/span><\/p>\n<p><b>Pol\u00edtica de pago<\/b><\/p>\n<p><span style=\"font-weight: 400;\">Todos los pagos vencen en el momento de la reserva. Arenal Manoa Hotel acepta todas las principales marcas de tarjetas de cr\u00e9dito\/d\u00e9bito, incluidas Visa, Mastercard, American Express y Discover. Tambi\u00e9n aceptamos pagos con criptomoneda Bitcoin.<\/span><\/p>\n<p><b>Pol\u00edtica de cancelaci\u00f3n<\/b><\/p>\n<p><span style=\"font-weight: 400;\">Consulte m\u00e1s detalles en nuestra p\u00e1gina dedicada a la pol\u00edtica de reservas y cancelaciones.<\/span><\/p>\n<p><strong>Descargo de responsabilidad de garant\u00edas<\/strong><\/p>\n<p><span style=\"font-weight: 400;\">El sitio y los servicios ofrecidos por Arenal Manoa Hotel se proporcionan \u00abtal cual\u00bb y \u00abseg\u00fan disponibilidad\u00bb. Arenal Manoa Hotel no hace representaciones o garant\u00edas de ning\u00fan tipo, expresa o impl\u00edcita, en cuanto a la operaci\u00f3n del sitio o los servicios proporcionados por Arenal Manoa Hotel. Usted acepta expresamente que su uso del sitio y los servicios proporcionados por Arenal Manoa Hotel es bajo su propio riesgo.<\/span><\/p>\n<p><strong>Limitaci\u00f3n de Responsabilidad<\/strong><\/p>\n<p><span style=\"font-weight: 400;\">En ning\u00fan caso Arenal Manoa Hotel ser\u00e1 responsable de ning\u00fan da\u00f1o directo, indirecto, incidental, especial o consecuente que surja de o en relaci\u00f3n con el uso del sitio o los servicios prestados por Arenal Manoa Hotel, ya sea por contrato, agravio, responsabilidad estricta, o cualquier otra teor\u00eda legal.<\/span><\/p>\n<p><b>Indemnizaci\u00f3n<\/b><\/p>\n<p><span style=\"font-weight: 400;\">Usted acepta indemnizar, defender y eximir de responsabilidad a Arenal Manoa Hotel, sus funcionarios, directores, empleados y agentes de y contra cualquier reclamo, responsabilidad, da\u00f1o, p\u00e9rdida, costo, gasto u honorario (incluidos los honorarios razonables de los abogados). derivados del uso que usted haga del sitio o de los servicios prestados por Arenal Manoa Hotel.<\/span><\/p>\n<p><b style=\"font-size: 20px;\">Ley que rige<\/b><b><\/b><\/p>\n<p><span style=\"font-weight: 400;\">Este Acuerdo se regir\u00e1 e interpretar\u00e1 de conformidad con las leyes de Costa Rica, sin dar efecto a ning\u00fan principio de conflicto de leyes.<\/span><\/p>\n<p><strong>Cambios al Acuerdo<\/strong><\/p>\n<p><span style=\"font-weight: 400;\">Arenal Manoa Hotel se reserva el derecho de modificar este Acuerdo en cualquier momento y sin previo aviso. Su uso continuado del sitio y los servicios proporcionados por Arenal Manoa Hotel despu\u00e9s de cualquier modificaci\u00f3n constituye su aceptaci\u00f3n de estar sujeto a este Acuerdo modificado.<\/span><\/p>\n<p><b><\/b><\/p>\n<p><b>Cont\u00e1ctenos<\/b><\/p>\n<p><span style=\"font-weight: 400;\">Si tiene alguna pregunta o comentario sobre estos T\u00e9rminos de Servicio, por favor cont\u00e1ctenos enviando un mensaje a <a class=\"green-inline-link\" href=\"mailto:info@arenalmanoa.com\" style=\"font-weight: bold;\">info@arenalmanoa.com<\/a> o llamando al +506-2479-111.<\/span><\/p>\n<p>[\/et_pb_text][\/et_pb_column][\/et_pb_row][\/et_pb_section]<\/p>\n","protected":false},"excerpt":{"rendered":"<p>\n\t\t\t\t<p class=\"rs-p-wp-fix\"><\/p>\n\t\t\t\t<sr7-module data-alias=\"Cancellation-hero\" data-id=\"41\" id=\"SR7_41_2\" class=\"rs-ov-hidden\" data-version=\"6.7.54\">\n\t\t\t\t\t<sr7-adjuster><\/sr7-adjuster>\n\t\t\t\t\t<sr7-content>\n\t\t\t\t\t\t<sr7-slide id=\"SR7_41_2-90\" data-key=\"90\">\n\t\t\t\t\t\t\t<sr7-bg id=\"SR7_41_2-90-1\" class=\"sr7-layer\"><noscript><img decoding=\"async\" src=\"https:\/\/arenalmanoa.com\/wp-content\/uploads\/2023\/04\/agreement-1280x853.jpg\" alt=\"Terms of service\" title=\"Terms of service\"><\/noscript><\/sr7-bg>\n\t\t\t\t\t\t<\/sr7-slide>\n\t\t\t\t\t\t<sr7-slide id=\"SR7_41_2-199\" data-key=\"199\">\n\t\t\t\t\t\t<\/sr7-slide>\n\t\t\t\t\t<\/sr7-content>\n\t\t\t\t\t<image_lists style=\"display:none\">\n\t\t\t\t\t\t<img data-src=\"\/\/arenalmanoa.com\/wp-content\/uploads\/2023\/04\/agreement-1280x853.jpg\" data-libid=\"242370\" data-lib=\"medialibrary\" alt=\"Terms of service\" title=\"Terms of service\" width=\"0\" height=\"0\" data-dbsrc=\"Ly9hcmVuYWxtYW5vYS5jb20vd3AtY29udGVudC91cGxvYWRzLzIwMjMvMDQvYWdyZWVtZW50LTEyODB4ODUzLmpwZw==\"\/>\n\t\t\t\t\t<\/image_lists>\n\t\t\t\t<\/sr7-module>\n\t\t\t\t<script>\n\t\t\t\t\twindow.SR7 ??={};SR7.PMH ??={}; SR7.PMH[\"SR7_41_2\"] = {cn:100,state:false,fn: function() { if (window._tpt!==undefined && window._tpt.prepareModuleHeight !== undefined) {  _tpt.prepareModuleHeight({id:\"SR7_41_2\",el:[867.998,867.998,768,960,720],type:'hero',shdw:'0',gh:[868,868,768,960,720],gw:[1240,1240,1024,778,480],vpt:['-200px&#039;,&#039;-200px&#039;,&#039;-200px&#039;,&#039;-200px&#039;,&#039;-200px'],size:{fullWidth:true, fullHeight:true},fho:',60px',mh:'0',onh:0,onw:0,bg:{color:'{\"orig\":\"transparent\",\"type\":\"solid\",\"string\":\"transparent\"}'},plType:'-1',plColor:'#FFFFFF'});   SR7.PMH[\"SR7_41_2\"].state=true;} else if(SR7.PMH[\"SR7_41_2\"].cn-->0)\tsetTimeout( SR7.PMH[\"SR7_41_2\"].fn,19);}};SR7.PMH[\"SR7_41_2\" ].fn();\n\t\t\t\t<\/script>\nT\u00e9rminos de servicioARENAL MANOABienvenido a Arenal Manoa Hot Springs Resort &amp; Spa (\u201cHotel Arenal Manoa\u201d). Lea estos T\u00e9rminos de servicio (\u00abAcuerdo\u00bb) detenidamente, ya que rigen el uso de nuestro sitio web ubicado en www.arenalmanoa.com (\u00abel sitio\u00bb) y los servicios proporcionados en el sitio. Este Acuerdo establece los t\u00e9rminos legalmente vinculantes y condiciones para su [&hellip;]<\/p>\n","protected":false},"author":1,"featured_media":0,"parent":0,"menu_order":0,"comment_status":"closed","ping_status":"closed","template":"","meta":{"_acf_changed":false,"_et_pb_use_builder":"on","_et_pb_old_content":"","_et_gb_content_width":"","ngg_post_thumbnail":0,"footnotes":""},"sustainability-manoa":[],"class_list":["post-244264","page","type-page","status-publish","hentry"],"acf":[],"_links":{"self":[{"href":"https:\/\/arenalmanoa.com\/es\/wp-json\/wp\/v2\/pages\/244264","targetHints":{"allow":["GET"]}}],"collection":[{"href":"https:\/\/arenalmanoa.com\/es\/wp-json\/wp\/v2\/pages"}],"about":[{"href":"https:\/\/arenalmanoa.com\/es\/wp-json\/wp\/v2\/types\/page"}],"author":[{"embeddable":true,"href":"https:\/\/arenalmanoa.com\/es\/wp-json\/wp\/v2\/users\/1"}],"replies":[{"embeddable":true,"href":"https:\/\/arenalmanoa.com\/es\/wp-json\/wp\/v2\/comments?post=244264"}],"version-history":[{"count":3,"href":"https:\/\/arenalmanoa.com\/es\/wp-json\/wp\/v2\/pages\/244264\/revisions"}],"predecessor-version":[{"id":251612,"href":"https:\/\/arenalmanoa.com\/es\/wp-json\/wp\/v2\/pages\/244264\/revisions\/251612"}],"wp:attachment":[{"href":"https:\/\/arenalmanoa.com\/es\/wp-json\/wp\/v2\/media?parent=244264"}],"wp:term":[{"taxonomy":"sustainability-manoa","embeddable":true,"href":"https:\/\/arenalmanoa.com\/es\/wp-json\/wp\/v2\/sustainability-manoa?post=244264"}],"curies":[{"name":"wp","href":"https:\/\/api.w.org\/{rel}","templated":true}]}}