{"id":244243,"date":"2023-01-03T04:45:39","date_gmt":"2023-01-03T04:45:39","guid":{"rendered":"https:\/\/arenalmanoa.com\/privacy-policy\/"},"modified":"2025-11-01T10:25:02","modified_gmt":"2025-11-01T10:25:02","slug":"privacidad-datos","status":"publish","type":"page","link":"https:\/\/arenalmanoa.com\/es\/privacidad-datos\/","title":{"rendered":"Privacidad de datos"},"content":{"rendered":"<p>[et_pb_section fb_built=\u00bb1&#8243; disabled_on=\u00bboff|off|off\u00bb admin_label=\u00bbPhoto hero\u00bb module_class=\u00bbcag-hero-section.\u00bb _builder_version=\u00bb4.21.0&#8243; _module_preset=\u00bbdefault\u00bb background_enable_video_mp4=\u00bboff\u00bb height=\u00bb100vh\u00bb custom_margin=\u00bb0px||0px||true|false\u00bb custom_margin_tablet=\u00bb0px||||false|false\u00bb custom_margin_phone=\u00bb0px||||false|false\u00bb custom_margin_last_edited=\u00bbon|desktop\u00bb custom_padding=\u00bb0px||0px||true|false\u00bb mix_blend_mode=\u00bbdarken\u00bb background_last_edited=\u00bbon|tablet\u00bb locked=\u00bboff\u00bb global_colors_info=\u00bb{}\u00bb da_is_popup=\u00bboff\u00bb da_exit_intent=\u00bboff\u00bb da_has_close=\u00bbon\u00bb da_alt_close=\u00bboff\u00bb da_dark_close=\u00bboff\u00bb da_not_modal=\u00bbon\u00bb da_is_singular=\u00bboff\u00bb da_with_loader=\u00bboff\u00bb da_has_shadow=\u00bbon\u00bb da_disable_devices=\u00bboff|off|off\u00bb][et_pb_row _builder_version=\u00bb4.21.0&#8243; _module_preset=\u00bbdefault\u00bb custom_margin=\u00bb0px||0px||true|false\u00bb custom_padding=\u00bb0px||0px||true|false\u00bb global_colors_info=\u00bb{}\u00bb][et_pb_column type=\u00bb4_4&#8243; _builder_version=\u00bb4.21.0&#8243; _module_preset=\u00bbdefault\u00bb custom_padding=\u00bb0px|0px|0px|0px|true|true\u00bb global_colors_info=\u00bb{}\u00bb][et_pb_code admin_label=\u00bbPhoto hero shortcode\u00bb _builder_version=\u00bb4.21.0&#8243; _module_preset=\u00bbdefault\u00bb custom_margin=\u00bb-30px||||false|false\u00bb custom_padding=\u00bb0px||||false|false\u00bb global_colors_info=\u00bb{}\u00bb]\n\t\t\t<!-- START Privacy hero REVOLUTION SLIDER 6.7.41 --><p class=\"rs-p-wp-fix\"><\/p>\n\t\t\t<rs-module-wrap id=\"rev_slider_43_1_wrapper\" data-source=\"gallery\" style=\"visibility:hidden;background:transparent;padding:0;\">\n\t\t\t\t<rs-module id=\"rev_slider_43_1\" style=\"\" data-version=\"6.7.41\">\n\t\t\t\t\t<rs-slides style=\"overflow: hidden; position: absolute;\">\n\t\t\t\t\t\t<rs-slide style=\"position: absolute;\" data-key=\"rs-193\" data-title=\"Intro\" data-anim=\"ms:2000;\" data-in=\"o:-0.5;sx:1.6;sy:1.6;e:power4.inOut;\" data-out=\"o:0;sx:0.6;sy:0.6;e:power4.inOut;\">\n\t\t\t\t\t\t\t<img decoding=\"async\" src=\"\/\/arenalmanoa.com\/wp-content\/plugins\/revslider\/sr6\/assets\/assets\/dummy.png\" alt=\"Data privacy\" title=\"Data privacy\" width=\"1536\" height=\"865\" class=\"rev-slidebg tp-rs-img rs-lazyload\" data-lazyload=\"\/\/arenalmanoa.com\/wp-content\/uploads\/2023\/04\/privacy-1536x865.jpg\" data-parallax=\"10\" data-no-retina>\n<!--\n\t\t\t\t\t\t\t--><rs-layer\n\t\t\t\t\t\t\t\tid=\"slider-43-slide-193-layer-0\" \n\t\t\t\t\t\t\t\tdata-type=\"shape\"\n\t\t\t\t\t\t\t\tdata-rsp_ch=\"on\"\n\t\t\t\t\t\t\t\tdata-text=\"w:normal;s:20,16,12,7;l:0,20,15,9;\"\n\t\t\t\t\t\t\t\tdata-dim=\"w:100%;h:100%;\"\n\t\t\t\t\t\t\t\tdata-basealign=\"slide\"\n\t\t\t\t\t\t\t\tdata-frame_999=\"o:0;st:w;\"\n\t\t\t\t\t\t\t\tstyle=\"z-index:6;background-color:rgba(0,0,0,0.35);\"\n\t\t\t\t\t\t\t> \n\t\t\t\t\t\t\t<\/rs-layer><!--\n-->\t\t\t\t\t<\/rs-slide>\n\t\t\t\t\t<\/rs-slides>\n\t\t\t\t\t<rs-static-layers><!--\n\t\t\t\t\t--><\/rs-static-layers>\n\t\t\t\t<\/rs-module>\n\t\t\t\t<script>\n\t\t\t\t\tsetREVStartSize({c: 'rev_slider_43_1',rl:[1240,1024,778,480],el:[867.998,768,960,720],gw:[1240,1024,778,480],gh:[868,768,960,720],type:'hero',justify:'',layout:'fullscreen',offsetContainer:'',offset:'60px',mh:\"0\"});if (window.RS_MODULES!==undefined && window.RS_MODULES.modules!==undefined && window.RS_MODULES.modules[\"revslider431\"]!==undefined) {window.RS_MODULES.modules[\"revslider431\"].once = false;window.revapi43 = undefined;if (window.RS_MODULES.checkMinimal!==undefined) window.RS_MODULES.checkMinimal()}\n\t\t\t\t<\/script>\n\t\t\t<\/rs-module-wrap>\n\t\t\t<!-- END REVOLUTION SLIDER -->\n[\/et_pb_code][\/et_pb_column][\/et_pb_row][\/et_pb_section][et_pb_section fb_built=\u00bb1&#8243; admin_label=\u00bbWhite intro\u00bb module_id=\u00bbsite\u00bb _builder_version=\u00bb4.20.0&#8243; _module_preset=\u00bbdefault\u00bb background_color=\u00bb#FFFFFF\u00bb custom_margin=\u00bb0px||||false|false\u00bb custom_padding=\u00bb0px||||false|false\u00bb global_colors_info=\u00bb{}\u00bb da_is_popup=\u00bboff\u00bb da_exit_intent=\u00bboff\u00bb da_has_close=\u00bbon\u00bb da_alt_close=\u00bboff\u00bb da_dark_close=\u00bboff\u00bb da_not_modal=\u00bbon\u00bb da_is_singular=\u00bboff\u00bb da_with_loader=\u00bboff\u00bb da_has_shadow=\u00bbon\u00bb da_disable_devices=\u00bboff|off|off\u00bb][et_pb_row _builder_version=\u00bb4.27.4&#8243; _module_preset=\u00bbdefault\u00bb custom_margin=\u00bb||||false|false\u00bb custom_margin_tablet=\u00bb||||false|false\u00bb custom_margin_phone=\u00bb||||false|false\u00bb custom_margin_last_edited=\u00bbon|phone\u00bb custom_padding=\u00bb0px||0px||false|false\u00bb hover_enabled=\u00bb0&#8243; global_colors_info=\u00bb{}\u00bb sticky_enabled=\u00bb0&#8243;][et_pb_column type=\u00bb4_4&#8243; _builder_version=\u00bb4.20.2&#8243; _module_preset=\u00bbdefault\u00bb global_colors_info=\u00bb{}\u00bb][et_pb_text _builder_version=\u00bb4.27.4&#8243; _module_preset=\u00bbdefault\u00bb header_font=\u00bbBarlow|300||on|||||\u00bb header_text_align=\u00bbcenter\u00bb header_text_color=\u00bb#434D57&#8243; header_font_size=\u00bb36px\u00bb header_letter_spacing=\u00bb0.03em\u00bb header_line_height=\u00bb42px\u00bb custom_padding=\u00bb||10px||false|false\u00bb hover_enabled=\u00bb0&#8243; border_color_bottom=\u00bb#B8D45F\u00bb global_colors_info=\u00bb{}\u00bb sticky_enabled=\u00bb0&#8243;]<\/p>\n<h1>Pol\u00edtica de privacidad<br \/><span class=\"green-title\">ARENAL MANOA<\/span><\/h1>\n<p>[\/et_pb_text][et_pb_text _builder_version=\u00bb4.21.0&#8243; _module_preset=\u00bbdefault\u00bb text_font=\u00bbBarlow|300|||||||\u00bb text_text_color=\u00bb#434D57&#8243; text_font_size=\u00bb20px\u00bb text_line_height=\u00bb24px\u00bb global_colors_info=\u00bb{}\u00bb]<\/p>\n<p><span style=\"font-weight: 400;\">Esta Pol\u00edtica de privacidad describe c\u00f3mo recopilamos, usamos y divulgamos su informaci\u00f3n personal cuando utiliza el sitio web de nuestro hotel.<\/span><\/p>\n<p><span style=\"font-weight: 400;\">Tenga en cuenta que a lo largo de este documento encontrar\u00e1 \u00abInformaci\u00f3n personal\u00bb a la que otras organizaciones pueden referirse como una de las siguientes: \u00abInformaci\u00f3n de identificaci\u00f3n personal\u00bb (PII), \u00abInformaci\u00f3n personal confidencial\u00bb, \u00abDatos personales\u00bb, \u00abInformaci\u00f3n identificable\u00bb, \u201cInformaci\u00f3n Privada\u201d, \u201cInformaci\u00f3n Confidencial\u201d, o similar.<\/span><\/p>\n<p><b><\/b><\/p>\n<p><b>Nuestro Compromiso<\/b><\/p>\n<p><span style=\"font-weight: 400;\">En Arenal Manoa Hotel, nos tomamos muy en serio la privacidad de los datos y entendemos la importancia de mantenerse al d\u00eda con las \u00faltimas pol\u00edticas y regulaciones de privacidad de datos. Hemos implementado un programa de capacitaci\u00f3n integral para todos los miembros de nuestro personal para garantizar que conozcan nuestras pol\u00edticas de privacidad de datos y las mejores pr\u00e1cticas.<\/span><\/p>\n<p><span style=\"font-weight: 400;\">Nuestro programa de capacitaci\u00f3n incluye actualizaciones peri\u00f3dicas sobre leyes, pautas y mejores pr\u00e1cticas de privacidad de datos, as\u00ed como capacitaci\u00f3n espec\u00edfica sobre c\u00f3mo manejar la informaci\u00f3n personal y protegerla del acceso, uso o divulgaci\u00f3n no autorizados. Tambi\u00e9n llevamos a cabo evaluaciones peri\u00f3dicas para garantizar que los miembros de nuestro personal se adhieran a nuestras pol\u00edticas y pautas de privacidad de datos.<\/span><\/p>\n<p><span style=\"font-weight: 400;\">Creemos que la privacidad de los datos es una responsabilidad compartida, y los miembros de nuestro personal juegan un papel crucial en la protecci\u00f3n de la informaci\u00f3n personal de nuestros hu\u00e9spedes. Nos comprometemos a proporcionarles los conocimientos y las herramientas necesarias para mantener nuestros altos est\u00e1ndares de privacidad de datos y garantizar que su informaci\u00f3n personal est\u00e9 siempre segura y protegida.<\/span><\/p>\n<p><b><\/b><\/p>\n<p><b>Recopilaci\u00f3n de informaci\u00f3n personal<\/b><\/p>\n<p><span style=\"font-weight: 400;\">Cuando realiza una reserva en nuestro sitio web, recopilamos informaci\u00f3n personal como su nombre, direcci\u00f3n de correo electr\u00f3nico, n\u00famero de tel\u00e9fono e informaci\u00f3n de pago. Utilizamos esta informaci\u00f3n para procesar su reserva y brindarle el mejor servicio posible.<\/span><\/p>\n<p><b>Uso de informaci\u00f3n personal<\/b><\/p>\n<p><span style=\"font-weight: 400;\">Usamos su informaci\u00f3n personal solo para los fines para los que fue recopilada, como procesar su reserva y comunicarnos con usted sobre su estad\u00eda. Tambi\u00e9n podemos usar su informaci\u00f3n para enviarle correos electr\u00f3nicos promocionales sobre nuestro hotel y sus servicios, pero solo si nos ha dado su consentimiento para hacerlo.<\/span><\/p>\n<p><strong>Divulgaci\u00f3n de informaci\u00f3n personal<\/strong><b><\/b><\/p>\n<p><span style=\"font-weight: 400;\">No vendemos, intercambiamos ni transferimos su informaci\u00f3n personal a terceros. Sin embargo, podemos divulgar su informaci\u00f3n a proveedores de servicios externos que nos ayudan con nuestras operaciones comerciales, como el procesamiento de pagos y el servicio al cliente. Estos proveedores de servicios est\u00e1n obligados a proteger su informaci\u00f3n personal y utilizarla \u00fanicamente para los fines para los que los hemos contratado.<\/span><strong><\/strong><\/p>\n<p><b><\/b><\/p>\n<p><strong>Seguridad de la informaci\u00f3n personal<\/strong><\/p>\n<p><span style=\"font-weight: 400;\">Tomamos medidas razonables para proteger su informaci\u00f3n personal del acceso, uso y divulgaci\u00f3n no autorizados. Utilizamos medidas de seguridad est\u00e1ndar de la industria, incluido el cifrado y la tecnolog\u00eda de capa de conexi\u00f3n segura (SSL), para proteger su informaci\u00f3n personal durante la transmisi\u00f3n. Tambi\u00e9n mantenemos medidas de seguridad f\u00edsicas, administrativas y t\u00e9cnicas para proteger su informaci\u00f3n personal.<\/span><\/p>\n<p><b><\/b><\/p>\n<p><strong>Retenci\u00f3n de informaci\u00f3n personal<\/strong><\/p>\n<p><span style=\"font-weight: 400;\">Retenemos su informaci\u00f3n personal s\u00f3lo durante el tiempo que sea necesario para cumplir con los fines para los que fue recopilada o seg\u00fan lo exija la ley. Cuando ya no necesitemos su informaci\u00f3n personal, la eliminaremos de forma segura.<\/span><\/p>\n<p><b><\/b><\/p>\n<p><strong>Sus derechos y opciones<\/strong><\/p>\n<p><span style=\"font-weight: 400;\">Tiene derecho a acceder, corregir o eliminar su informaci\u00f3n personal. Tambi\u00e9n puede retirar su consentimiento para que usemos su informaci\u00f3n personal con fines promocionales en cualquier momento. Para ejercer sus derechos o realizar una solicitud, comun\u00edquese con nosotros utilizando la informaci\u00f3n que se proporciona a continuaci\u00f3n.<\/span><\/p>\n<p><b><\/b><\/p>\n<p><strong>Actualizaciones a esta Pol\u00edtica de Privacidad<\/strong><\/p>\n<p><span style=\"font-weight: 400;\">Podemos actualizar esta Pol\u00edtica de privacidad de vez en cuando para reflejar cambios en nuestras pr\u00e1cticas o requisitos legales. Publicaremos la Pol\u00edtica de privacidad actualizada en nuestro sitio web e indicaremos la fecha de la \u00faltima revisi\u00f3n.<\/span><\/p>\n<p><strong>Cont\u00e1ctenos<\/strong><\/p>\n<p><span style=\"font-weight: 400;\">Si tiene alguna pregunta o inquietud sobre nuestra Pol\u00edtica de Privacidad, cont\u00e1ctenos enviando un mensaje a <a class=\"green-inline-link\" href=\"mailto:info@arenalmanoa.com\" style=\"font-weight: bold;\">info@arenalmanoa.com<\/a> o llamando al +506-2479-1111.<\/span><\/p>\n<p>&nbsp;<\/p>\n<p>[\/et_pb_text][\/et_pb_column][\/et_pb_row][\/et_pb_section]<\/p>\n","protected":false},"excerpt":{"rendered":"<p>\n\t\t\t<!-- START Privacy hero REVOLUTION SLIDER 6.7.41 --><p class=\"rs-p-wp-fix\"><\/p>\n\t\t\t<rs-module-wrap id=\"rev_slider_43_2_wrapper\" data-source=\"gallery\" style=\"visibility:hidden;background:transparent;padding:0;\">\n\t\t\t\t<rs-module id=\"rev_slider_43_2\" style=\"\" data-version=\"6.7.41\">\n\t\t\t\t\t<rs-slides style=\"overflow: hidden; position: absolute;\">\n\t\t\t\t\t\t<rs-slide style=\"position: absolute;\" data-key=\"rs-193\" data-title=\"Intro\" data-anim=\"ms:2000;\" data-in=\"o:-0.5;sx:1.6;sy:1.6;e:power4.inOut;\" data-out=\"o:0;sx:0.6;sy:0.6;e:power4.inOut;\">\n\t\t\t\t\t\t\t<img decoding=\"async\" src=\"\/\/arenalmanoa.com\/wp-content\/plugins\/revslider\/sr6\/assets\/assets\/dummy.png\" alt=\"Data privacy\" title=\"Data privacy\" width=\"1536\" height=\"865\" class=\"rev-slidebg tp-rs-img rs-lazyload\" data-lazyload=\"\/\/arenalmanoa.com\/wp-content\/uploads\/2023\/04\/privacy-1536x865.jpg\" data-parallax=\"10\" data-no-retina>\n<!--\n\t\t\t\t\t\t\t--><rs-layer\n\t\t\t\t\t\t\t\tid=\"slider-43-slide-193-layer-0\" \n\t\t\t\t\t\t\t\tdata-type=\"shape\"\n\t\t\t\t\t\t\t\tdata-rsp_ch=\"on\"\n\t\t\t\t\t\t\t\tdata-text=\"w:normal;s:20,16,12,7;l:0,20,15,9;\"\n\t\t\t\t\t\t\t\tdata-dim=\"w:100%;h:100%;\"\n\t\t\t\t\t\t\t\tdata-basealign=\"slide\"\n\t\t\t\t\t\t\t\tdata-frame_999=\"o:0;st:w;\"\n\t\t\t\t\t\t\t\tstyle=\"z-index:6;background-color:rgba(0,0,0,0.35);\"\n\t\t\t\t\t\t\t> \n\t\t\t\t\t\t\t<\/rs-layer><!--\n-->\t\t\t\t\t<\/rs-slide>\n\t\t\t\t\t<\/rs-slides>\n\t\t\t\t\t<rs-static-layers><!--\n\t\t\t\t\t--><\/rs-static-layers>\n\t\t\t\t<\/rs-module>\n\t\t\t\t<script>\n\t\t\t\t\tsetREVStartSize({c: 'rev_slider_43_2',rl:[1240,1024,778,480],el:[867.998,768,960,720],gw:[1240,1024,778,480],gh:[868,768,960,720],type:'hero',justify:'',layout:'fullscreen',offsetContainer:'',offset:'60px',mh:\"0\"});if (window.RS_MODULES!==undefined && window.RS_MODULES.modules!==undefined && window.RS_MODULES.modules[\"revslider432\"]!==undefined) {window.RS_MODULES.modules[\"revslider432\"].once = false;window.revapi43_2 = undefined;if (window.RS_MODULES.checkMinimal!==undefined) window.RS_MODULES.checkMinimal()}\n\t\t\t\t<\/script>\n\t\t\t<\/rs-module-wrap>\n\t\t\t<!-- END REVOLUTION SLIDER -->\nPol\u00edtica de privacidadARENAL MANOAEsta Pol\u00edtica de privacidad describe c\u00f3mo recopilamos, usamos y divulgamos su informaci\u00f3n personal cuando utiliza el sitio web de nuestro hotel. Tenga en cuenta que a lo largo de este documento encontrar\u00e1 \u00abInformaci\u00f3n personal\u00bb a la que otras organizaciones pueden referirse como una de las siguientes: \u00abInformaci\u00f3n de identificaci\u00f3n personal\u00bb (PII), [&hellip;]<\/p>\n","protected":false},"author":1,"featured_media":0,"parent":0,"menu_order":0,"comment_status":"closed","ping_status":"open","template":"","meta":{"_acf_changed":false,"_et_pb_use_builder":"on","_et_pb_old_content":"<!-- wp:heading --><h2>Who we are<\/h2><!-- \/wp:heading --><!-- wp:paragraph --><p><strong class=\"privacy-policy-tutorial\">Suggested text: <\/strong>Our website address is: https:\/\/arenalmanoa.com.<\/p><!-- \/wp:paragraph --><!-- wp:heading --><h2>Comments<\/h2><!-- \/wp:heading --><!-- wp:paragraph --><p><strong class=\"privacy-policy-tutorial\">Suggested text: <\/strong>When visitors leave comments on the site we collect the data shown in the comments form, and also the visitor&#8217;s IP address and browser user agent string to help spam detection.<\/p><!-- \/wp:paragraph --><!-- wp:paragraph --><p>An anonymized string created from your email address (also called a hash) may be provided to the Gravatar service to see if you are using it. The Gravatar service privacy policy is available here: https:\/\/automattic.com\/privacy\/. After approval of your comment, your profile picture is visible to the public in the context of your comment.<\/p><!-- \/wp:paragraph --><!-- wp:heading --><h2>Media<\/h2><!-- \/wp:heading --><!-- wp:paragraph --><p><strong class=\"privacy-policy-tutorial\">Suggested text: <\/strong>If you upload images to the website, you should avoid uploading images with embedded location data (EXIF GPS) included. Visitors to the website can download and extract any location data from images on the website.<\/p><!-- \/wp:paragraph --><!-- wp:heading --><h2>Cookies<\/h2><!-- \/wp:heading --><!-- wp:paragraph --><p><strong class=\"privacy-policy-tutorial\">Suggested text: <\/strong>If you leave a comment on our site you may opt-in to saving your name, email address and website in cookies. These are for your convenience so that you do not have to fill in your details again when you leave another comment. These cookies will last for one year.<\/p><!-- \/wp:paragraph --><!-- wp:paragraph --><p>If you visit our login page, we will set a temporary cookie to determine if your browser accepts cookies. This cookie contains no personal data and is discarded when you close your browser.<\/p><!-- \/wp:paragraph --><!-- wp:paragraph --><p>When you log in, we will also set up several cookies to save your login information and your screen display choices. Login cookies last for two days, and screen options cookies last for a year. If you select &quot;Remember Me&quot;, your login will persist for two weeks. If you log out of your account, the login cookies will be removed.<\/p><!-- \/wp:paragraph --><!-- wp:paragraph --><p>If you edit or publish an article, an additional cookie will be saved in your browser. This cookie includes no personal data and simply indicates the post ID of the article you just edited. It expires after 1 day.<\/p><!-- \/wp:paragraph --><!-- wp:heading --><h2>Embedded content from other websites<\/h2><!-- \/wp:heading --><!-- wp:paragraph --><p><strong class=\"privacy-policy-tutorial\">Suggested text: <\/strong>Articles on this site may include embedded content (e.g. videos, images, articles, etc.). Embedded content from other websites behaves in the exact same way as if the visitor has visited the other website.<\/p><!-- \/wp:paragraph --><!-- wp:paragraph --><p>These websites may collect data about you, use cookies, embed additional third-party tracking, and monitor your interaction with that embedded content, including tracking your interaction with the embedded content if you have an account and are logged in to that website.<\/p><!-- \/wp:paragraph --><!-- wp:heading --><h2>Who we share your data with<\/h2><!-- \/wp:heading --><!-- wp:paragraph --><p><strong class=\"privacy-policy-tutorial\">Suggested text: <\/strong>If you request a password reset, your IP address will be included in the reset email.<\/p><!-- \/wp:paragraph --><!-- wp:heading --><h2>How long we retain your data<\/h2><!-- \/wp:heading --><!-- wp:paragraph --><p><strong class=\"privacy-policy-tutorial\">Suggested text: <\/strong>If you leave a comment, the comment and its metadata are retained indefinitely. This is so we can recognize and approve any follow-up comments automatically instead of holding them in a moderation queue.<\/p><!-- \/wp:paragraph --><!-- wp:paragraph --><p>For users that register on our website (if any), we also store the personal information they provide in their user profile. All users can see, edit, or delete their personal information at any time (except they cannot change their username). Website administrators can also see and edit that information.<\/p><!-- \/wp:paragraph --><!-- wp:heading --><h2>What rights you have over your data<\/h2><!-- \/wp:heading --><!-- wp:paragraph --><p><strong class=\"privacy-policy-tutorial\">Suggested text: <\/strong>If you have an account on this site, or have left comments, you can request to receive an exported file of the personal data we hold about you, including any data you have provided to us. You can also request that we erase any personal data we hold about you. This does not include any data we are obliged to keep for administrative, legal, or security purposes.<\/p><!-- \/wp:paragraph --><!-- wp:heading --><h2>Where your data is sent<\/h2><!-- \/wp:heading --><!-- wp:paragraph --><p><strong class=\"privacy-policy-tutorial\">Suggested text: <\/strong>Visitor comments may be checked through an automated spam detection service.<\/p><!-- \/wp:paragraph -->","_et_gb_content_width":"","ngg_post_thumbnail":0,"footnotes":""},"sustainability-manoa":[],"class_list":["post-244243","page","type-page","status-publish","hentry"],"acf":[],"_links":{"self":[{"href":"https:\/\/arenalmanoa.com\/es\/wp-json\/wp\/v2\/pages\/244243","targetHints":{"allow":["GET"]}}],"collection":[{"href":"https:\/\/arenalmanoa.com\/es\/wp-json\/wp\/v2\/pages"}],"about":[{"href":"https:\/\/arenalmanoa.com\/es\/wp-json\/wp\/v2\/types\/page"}],"author":[{"embeddable":true,"href":"https:\/\/arenalmanoa.com\/es\/wp-json\/wp\/v2\/users\/1"}],"replies":[{"embeddable":true,"href":"https:\/\/arenalmanoa.com\/es\/wp-json\/wp\/v2\/comments?post=244243"}],"version-history":[{"count":3,"href":"https:\/\/arenalmanoa.com\/es\/wp-json\/wp\/v2\/pages\/244243\/revisions"}],"predecessor-version":[{"id":251613,"href":"https:\/\/arenalmanoa.com\/es\/wp-json\/wp\/v2\/pages\/244243\/revisions\/251613"}],"wp:attachment":[{"href":"https:\/\/arenalmanoa.com\/es\/wp-json\/wp\/v2\/media?parent=244243"}],"wp:term":[{"taxonomy":"sustainability-manoa","embeddable":true,"href":"https:\/\/arenalmanoa.com\/es\/wp-json\/wp\/v2\/sustainability-manoa?post=244243"}],"curies":[{"name":"wp","href":"https:\/\/api.w.org\/{rel}","templated":true}]}}