{"id":244232,"date":"2023-04-02T18:16:00","date_gmt":"2023-04-02T18:16:00","guid":{"rendered":"https:\/\/arenalmanoa.com\/cookie-policy\/"},"modified":"2025-11-01T10:26:11","modified_gmt":"2025-11-01T10:26:11","slug":"cookies","status":"publish","type":"page","link":"https:\/\/arenalmanoa.com\/es\/cookies\/","title":{"rendered":"Cookies"},"content":{"rendered":"<p>[et_pb_section fb_built=\u00bb1&#8243; disabled_on=\u00bboff|off|off\u00bb admin_label=\u00bbPhoto hero\u00bb module_class=\u00bbcag-hero-section.\u00bb _builder_version=\u00bb4.21.0&#8243; _module_preset=\u00bbdefault\u00bb background_enable_video_mp4=\u00bboff\u00bb height=\u00bb100vh\u00bb custom_margin=\u00bb0px||0px||true|false\u00bb custom_margin_tablet=\u00bb0px||||false|false\u00bb custom_margin_phone=\u00bb0px||||false|false\u00bb custom_margin_last_edited=\u00bbon|desktop\u00bb custom_padding=\u00bb0px||0px||true|false\u00bb mix_blend_mode=\u00bbdarken\u00bb background_last_edited=\u00bbon|tablet\u00bb locked=\u00bboff\u00bb global_colors_info=\u00bb{}\u00bb da_is_popup=\u00bboff\u00bb da_exit_intent=\u00bboff\u00bb da_has_close=\u00bbon\u00bb da_alt_close=\u00bboff\u00bb da_dark_close=\u00bboff\u00bb da_not_modal=\u00bbon\u00bb da_is_singular=\u00bboff\u00bb da_with_loader=\u00bboff\u00bb da_has_shadow=\u00bbon\u00bb da_disable_devices=\u00bboff|off|off\u00bb][et_pb_row _builder_version=\u00bb4.21.0&#8243; _module_preset=\u00bbdefault\u00bb custom_margin=\u00bb0px||0px||true|false\u00bb custom_padding=\u00bb0px||0px||true|false\u00bb global_colors_info=\u00bb{}\u00bb][et_pb_column type=\u00bb4_4&#8243; _builder_version=\u00bb4.21.0&#8243; _module_preset=\u00bbdefault\u00bb custom_padding=\u00bb0px|0px|0px|0px|true|true\u00bb global_colors_info=\u00bb{}\u00bb][et_pb_code admin_label=\u00bbPhoto hero shortcode\u00bb _builder_version=\u00bb4.21.0&#8243; _module_preset=\u00bbdefault\u00bb custom_margin=\u00bb-30px||||false|false\u00bb custom_padding=\u00bb0px||||false|false\u00bb global_colors_info=\u00bb{}\u00bb]\n\t\t\t<!-- START Privacy hero REVOLUTION SLIDER 6.7.41 --><p class=\"rs-p-wp-fix\"><\/p>\n\t\t\t<rs-module-wrap id=\"rev_slider_43_1_wrapper\" data-source=\"gallery\" style=\"visibility:hidden;background:transparent;padding:0;\">\n\t\t\t\t<rs-module id=\"rev_slider_43_1\" style=\"\" data-version=\"6.7.41\">\n\t\t\t\t\t<rs-slides style=\"overflow: hidden; position: absolute;\">\n\t\t\t\t\t\t<rs-slide style=\"position: absolute;\" data-key=\"rs-193\" data-title=\"Intro\" data-anim=\"ms:2000;\" data-in=\"o:-0.5;sx:1.6;sy:1.6;e:power4.inOut;\" data-out=\"o:0;sx:0.6;sy:0.6;e:power4.inOut;\">\n\t\t\t\t\t\t\t<img decoding=\"async\" src=\"\/\/arenalmanoa.com\/wp-content\/plugins\/revslider\/sr6\/assets\/assets\/dummy.png\" alt=\"Data privacy\" title=\"Data privacy\" width=\"1536\" height=\"865\" class=\"rev-slidebg tp-rs-img rs-lazyload\" data-lazyload=\"\/\/arenalmanoa.com\/wp-content\/uploads\/2023\/04\/privacy-1536x865.jpg\" data-parallax=\"10\" data-no-retina>\n<!--\n\t\t\t\t\t\t\t--><rs-layer\n\t\t\t\t\t\t\t\tid=\"slider-43-slide-193-layer-0\" \n\t\t\t\t\t\t\t\tdata-type=\"shape\"\n\t\t\t\t\t\t\t\tdata-rsp_ch=\"on\"\n\t\t\t\t\t\t\t\tdata-text=\"w:normal;s:20,16,12,7;l:0,20,15,9;\"\n\t\t\t\t\t\t\t\tdata-dim=\"w:100%;h:100%;\"\n\t\t\t\t\t\t\t\tdata-basealign=\"slide\"\n\t\t\t\t\t\t\t\tdata-frame_999=\"o:0;st:w;\"\n\t\t\t\t\t\t\t\tstyle=\"z-index:6;background-color:rgba(0,0,0,0.35);\"\n\t\t\t\t\t\t\t> \n\t\t\t\t\t\t\t<\/rs-layer><!--\n-->\t\t\t\t\t<\/rs-slide>\n\t\t\t\t\t<\/rs-slides>\n\t\t\t\t\t<rs-static-layers><!--\n\t\t\t\t\t--><\/rs-static-layers>\n\t\t\t\t<\/rs-module>\n\t\t\t\t<script>\n\t\t\t\t\tsetREVStartSize({c: 'rev_slider_43_1',rl:[1240,1024,778,480],el:[867.998,768,960,720],gw:[1240,1024,778,480],gh:[868,768,960,720],type:'hero',justify:'',layout:'fullscreen',offsetContainer:'',offset:'60px',mh:\"0\"});if (window.RS_MODULES!==undefined && window.RS_MODULES.modules!==undefined && window.RS_MODULES.modules[\"revslider431\"]!==undefined) {window.RS_MODULES.modules[\"revslider431\"].once = false;window.revapi43 = undefined;if (window.RS_MODULES.checkMinimal!==undefined) window.RS_MODULES.checkMinimal()}\n\t\t\t\t<\/script>\n\t\t\t<\/rs-module-wrap>\n\t\t\t<!-- END REVOLUTION SLIDER -->\n[\/et_pb_code][\/et_pb_column][\/et_pb_row][\/et_pb_section][et_pb_section fb_built=\u00bb1&#8243; admin_label=\u00bbWhite intro\u00bb module_id=\u00bbsite\u00bb _builder_version=\u00bb4.20.0&#8243; _module_preset=\u00bbdefault\u00bb background_color=\u00bb#FFFFFF\u00bb custom_margin=\u00bb0px||||false|false\u00bb custom_padding=\u00bb0px||||false|false\u00bb global_colors_info=\u00bb{}\u00bb da_is_popup=\u00bboff\u00bb da_exit_intent=\u00bboff\u00bb da_has_close=\u00bbon\u00bb da_alt_close=\u00bboff\u00bb da_dark_close=\u00bboff\u00bb da_not_modal=\u00bbon\u00bb da_is_singular=\u00bboff\u00bb da_with_loader=\u00bboff\u00bb da_has_shadow=\u00bbon\u00bb da_disable_devices=\u00bboff|off|off\u00bb][et_pb_row _builder_version=\u00bb4.20.2&#8243; _module_preset=\u00bbdefault\u00bb custom_margin=\u00bb||||false|false\u00bb custom_margin_tablet=\u00bb||||false|false\u00bb custom_margin_phone=\u00bb||||false|false\u00bb custom_margin_last_edited=\u00bbon|phone\u00bb custom_padding=\u00bb0px||0px||false|false\u00bb hover_enabled=\u00bb0&#8243; global_colors_info=\u00bb{}\u00bb sticky_enabled=\u00bb0&#8243;][et_pb_column type=\u00bb4_4&#8243; _builder_version=\u00bb4.20.2&#8243; _module_preset=\u00bbdefault\u00bb global_colors_info=\u00bb{}\u00bb][et_pb_text _builder_version=\u00bb4.20.2&#8243; _module_preset=\u00bbdefault\u00bb header_font=\u00bbBarlow|300||on|||||\u00bb header_text_align=\u00bbcenter\u00bb header_text_color=\u00bb#434D57&#8243; header_font_size=\u00bb36px\u00bb header_letter_spacing=\u00bb0.03em\u00bb header_line_height=\u00bb42px\u00bb custom_padding=\u00bb||10px||false|false\u00bb hover_enabled=\u00bb0&#8243; border_color_bottom=\u00bb#B8D45F\u00bb global_colors_info=\u00bb{}\u00bb sticky_enabled=\u00bb0&#8243;]<\/p>\n<h1>pol\u00edtica de COOKIEs<br \/><span class=\"green-title\">ARENAL MANOA<\/span><\/h1>\n<p>[\/et_pb_text][et_pb_text _builder_version=\u00bb4.20.2&#8243; _module_preset=\u00bbdefault\u00bb text_font=\u00bbBarlow|300|||||||\u00bb text_text_color=\u00bb#434D57&#8243; text_font_size=\u00bb20px\u00bb text_line_height=\u00bb24px\u00bb text_orientation=\u00bbjustified\u00bb global_colors_info=\u00bb{}\u00bb]<\/p>\n<p><span style=\"font-weight: 400;\">Esta Pol\u00edtica de Cookies explica c\u00f3mo usamos las cookies y tecnolog\u00edas similares en nuestro sitio web del Hotel Arenal Manoa. Al utilizar nuestro sitio web, acepta nuestro uso de cookies de acuerdo con esta pol\u00edtica.<\/span><\/p>\n<p><b><\/b><\/p>\n<p><b>\u00a0\u00bfQu\u00e9 son las cookies?<\/b><\/p>\n<p><span style=\"font-weight: 400;\">Las cookies son peque\u00f1os archivos de texto que se colocan en su dispositivo (computadora, tableta o tel\u00e9fono m\u00f3vil) cuando visita un sitio web. Se utilizan ampliamente para hacer que los sitios web funcionen o para que funcionen de manera m\u00e1s eficiente, as\u00ed como para proporcionar informaci\u00f3n a los propietarios del sitio.<\/span><\/p>\n<p><b><\/b><\/p>\n<p><b>Tipos de cookies que utilizamos<\/b><\/p>\n<p><span style=\"font-weight: 400;\">Utilizamos cookies de sesi\u00f3n y cookies persistentes en nuestro sitio web. Las cookies de sesi\u00f3n son cookies temporales que se borran cuando cierra su navegador web. Las cookies persistentes permanecen en su dispositivo durante un per\u00edodo de tiempo m\u00e1s prolongado y nos ayudan a reconocerlo como un visitante recurrente.<\/span><\/p>\n<p><span style=\"font-weight: 400;\">Tambi\u00e9n utilizamos cookies propias (establecidas por nuestro sitio web) y cookies de terceros (establecidas por servicios de terceros). Usamos cookies de terceros con fines anal\u00edticos para ayudarnos a comprender c\u00f3mo los visitantes usan nuestro sitio web y para mejorar nuestros servicios.<\/span><\/p>\n<p><b><\/b><\/p>\n<p><strong>\u00bfC\u00f3mo usamos las cookies?<\/strong><\/p>\n<p><span style=\"font-weight: 400;\">Utilizamos cookies para los siguientes fines:<\/span><\/p>\n<ol>\n<li style=\"font-weight: 400;\" aria-level=\"1\"><span style=\"font-weight: 400;\">Cookies Esenciales: estas cookies son necesarias para que nuestro sitio web funcione correctamente y no se pueden desactivar en nuestros sistemas. Por lo general, solo se configuran en respuesta a acciones realizadas por usted, como configurar sus preferencias de privacidad, iniciar sesi\u00f3n o completar formularios.<\/span><\/li>\n<li style=\"font-weight: 400;\" aria-level=\"1\"><span style=\"font-weight: 400;\">Cookies de rendimiento y an\u00e1lisis: estas cookies nos permiten contar las visitas y las fuentes de tr\u00e1fico para que podamos medir y mejorar el rendimiento de nuestro sitio web. Nos ayudan a comprender qu\u00e9 p\u00e1ginas son las m\u00e1s y las menos populares y a ver c\u00f3mo se mueven los visitantes por el sitio.<\/span><\/li>\n<li style=\"font-weight: 400;\" aria-level=\"1\"><span style=\"font-weight: 400;\">Cookies de publicidad y mercadeo: estas cookies se utilizan para enviarle anuncios relevantes en funci\u00f3n de sus intereses. Tambi\u00e9n nos ayudan a medir la eficacia de nuestras campa\u00f1as de marketing.<\/span><\/li>\n<\/ol>\n<p><b><\/b><\/p>\n<p><strong>Sus opciones de cookies<\/strong><\/p>\n<p><span style=\"font-weight: 400;\">Puede controlar y administrar las cookies de varias maneras. La mayor\u00eda de los navegadores web aceptan autom\u00e1ticamente las cookies, pero normalmente puede modificar la configuraci\u00f3n de su navegador para rechazar las cookies si lo prefiere. Sin embargo, tenga en cuenta que deshabilitar las cookies puede impedirle acceder a ciertas funciones de nuestro sitio web.<\/span><\/p>\n<p><span style=\"font-weight: 400;\">Tambi\u00e9n puede optar por no recibir cookies espec\u00edficas de terceros utilizando las herramientas de exclusi\u00f3n proporcionadas por el servicio de terceros. Consulte sus respectivas pol\u00edticas de privacidad para obtener m\u00e1s informaci\u00f3n.<\/span><\/p>\n<p><b><\/b><\/p>\n<p><b>Actualizaciones a esta Pol\u00edtica de Cookies<\/b><\/p>\n<p><span style=\"font-weight: 400;\">Es posible que actualicemos esta Pol\u00edtica de cookies de vez en cuando para reflejar cambios en nuestras pr\u00e1cticas o requisitos legales. Publicaremos la Pol\u00edtica de cookies actualizada en nuestro sitio web e indicaremos la fecha de la \u00faltima revisi\u00f3n.<\/span><\/p>\n<p><b><\/b><\/p>\n<p><strong>Cont\u00e1ctenos<\/strong><\/p>\n<p><span style=\"font-weight: 400;\">Si tiene alguna pregunta o inquietud sobre nuestra Pol\u00edtica de Cookies, cont\u00e1ctenos enviando un mensaje a info@arenalmanoa.com o llamando al +506-2479-1111.<\/span><\/p>\n<p>&nbsp;<\/p>\n<p>[\/et_pb_text][\/et_pb_column][\/et_pb_row][\/et_pb_section]<\/p>\n","protected":false},"excerpt":{"rendered":"<p>\n\t\t\t<!-- START Privacy hero REVOLUTION SLIDER 6.7.41 --><p class=\"rs-p-wp-fix\"><\/p>\n\t\t\t<rs-module-wrap id=\"rev_slider_43_2_wrapper\" data-source=\"gallery\" style=\"visibility:hidden;background:transparent;padding:0;\">\n\t\t\t\t<rs-module id=\"rev_slider_43_2\" style=\"\" data-version=\"6.7.41\">\n\t\t\t\t\t<rs-slides style=\"overflow: hidden; position: absolute;\">\n\t\t\t\t\t\t<rs-slide style=\"position: absolute;\" data-key=\"rs-193\" data-title=\"Intro\" data-anim=\"ms:2000;\" data-in=\"o:-0.5;sx:1.6;sy:1.6;e:power4.inOut;\" data-out=\"o:0;sx:0.6;sy:0.6;e:power4.inOut;\">\n\t\t\t\t\t\t\t<img decoding=\"async\" src=\"\/\/arenalmanoa.com\/wp-content\/plugins\/revslider\/sr6\/assets\/assets\/dummy.png\" alt=\"Data privacy\" title=\"Data privacy\" width=\"1536\" height=\"865\" class=\"rev-slidebg tp-rs-img rs-lazyload\" data-lazyload=\"\/\/arenalmanoa.com\/wp-content\/uploads\/2023\/04\/privacy-1536x865.jpg\" data-parallax=\"10\" data-no-retina>\n<!--\n\t\t\t\t\t\t\t--><rs-layer\n\t\t\t\t\t\t\t\tid=\"slider-43-slide-193-layer-0\" \n\t\t\t\t\t\t\t\tdata-type=\"shape\"\n\t\t\t\t\t\t\t\tdata-rsp_ch=\"on\"\n\t\t\t\t\t\t\t\tdata-text=\"w:normal;s:20,16,12,7;l:0,20,15,9;\"\n\t\t\t\t\t\t\t\tdata-dim=\"w:100%;h:100%;\"\n\t\t\t\t\t\t\t\tdata-basealign=\"slide\"\n\t\t\t\t\t\t\t\tdata-frame_999=\"o:0;st:w;\"\n\t\t\t\t\t\t\t\tstyle=\"z-index:6;background-color:rgba(0,0,0,0.35);\"\n\t\t\t\t\t\t\t> \n\t\t\t\t\t\t\t<\/rs-layer><!--\n-->\t\t\t\t\t<\/rs-slide>\n\t\t\t\t\t<\/rs-slides>\n\t\t\t\t\t<rs-static-layers><!--\n\t\t\t\t\t--><\/rs-static-layers>\n\t\t\t\t<\/rs-module>\n\t\t\t\t<script>\n\t\t\t\t\tsetREVStartSize({c: 'rev_slider_43_2',rl:[1240,1024,778,480],el:[867.998,768,960,720],gw:[1240,1024,778,480],gh:[868,768,960,720],type:'hero',justify:'',layout:'fullscreen',offsetContainer:'',offset:'60px',mh:\"0\"});if (window.RS_MODULES!==undefined && window.RS_MODULES.modules!==undefined && window.RS_MODULES.modules[\"revslider432\"]!==undefined) {window.RS_MODULES.modules[\"revslider432\"].once = false;window.revapi43_2 = undefined;if (window.RS_MODULES.checkMinimal!==undefined) window.RS_MODULES.checkMinimal()}\n\t\t\t\t<\/script>\n\t\t\t<\/rs-module-wrap>\n\t\t\t<!-- END REVOLUTION SLIDER -->\npol\u00edtica de COOKIEsARENAL MANOAEsta Pol\u00edtica de Cookies explica c\u00f3mo usamos las cookies y tecnolog\u00edas similares en nuestro sitio web del Hotel Arenal Manoa. Al utilizar nuestro sitio web, acepta nuestro uso de cookies de acuerdo con esta pol\u00edtica. \u00a0\u00bfQu\u00e9 son las cookies? Las cookies son peque\u00f1os archivos de texto que se colocan en su [&hellip;]<\/p>\n","protected":false},"author":1,"featured_media":0,"parent":0,"menu_order":0,"comment_status":"closed","ping_status":"closed","template":"","meta":{"_acf_changed":false,"_et_pb_use_builder":"on","_et_pb_old_content":"","_et_gb_content_width":"","ngg_post_thumbnail":0,"footnotes":""},"sustainability-manoa":[],"class_list":["post-244232","page","type-page","status-publish","hentry"],"acf":[],"_links":{"self":[{"href":"https:\/\/arenalmanoa.com\/es\/wp-json\/wp\/v2\/pages\/244232","targetHints":{"allow":["GET"]}}],"collection":[{"href":"https:\/\/arenalmanoa.com\/es\/wp-json\/wp\/v2\/pages"}],"about":[{"href":"https:\/\/arenalmanoa.com\/es\/wp-json\/wp\/v2\/types\/page"}],"author":[{"embeddable":true,"href":"https:\/\/arenalmanoa.com\/es\/wp-json\/wp\/v2\/users\/1"}],"replies":[{"embeddable":true,"href":"https:\/\/arenalmanoa.com\/es\/wp-json\/wp\/v2\/comments?post=244232"}],"version-history":[{"count":5,"href":"https:\/\/arenalmanoa.com\/es\/wp-json\/wp\/v2\/pages\/244232\/revisions"}],"predecessor-version":[{"id":251614,"href":"https:\/\/arenalmanoa.com\/es\/wp-json\/wp\/v2\/pages\/244232\/revisions\/251614"}],"wp:attachment":[{"href":"https:\/\/arenalmanoa.com\/es\/wp-json\/wp\/v2\/media?parent=244232"}],"wp:term":[{"taxonomy":"sustainability-manoa","embeddable":true,"href":"https:\/\/arenalmanoa.com\/es\/wp-json\/wp\/v2\/sustainability-manoa?post=244232"}],"curies":[{"name":"wp","href":"https:\/\/api.w.org\/{rel}","templated":true}]}}