{"id":248022,"date":"2023-02-09T04:37:34","date_gmt":"2023-02-09T04:37:34","guid":{"rendered":"https:\/\/arenalmanoa.com\/tours\/"},"modified":"2026-01-11T17:53:44","modified_gmt":"2026-01-11T17:53:44","slug":"tours","status":"publish","type":"page","link":"https:\/\/arenalmanoa.com\/de\/tours\/","title":{"rendered":"Touren"},"content":{"rendered":"<p>[et_pb_section fb_built=&#8220;1&#8243; disabled_on=&#8220;off|off|off&#8220; admin_label=&#8220;Photo hero&#8220; module_class=&#8220;cag-hero-section.&#8220; _builder_version=&#8220;4.21.0&#8243; _module_preset=&#8220;default&#8220; background_enable_video_mp4=&#8220;off&#8220; height=&#8220;100vh&#8220; custom_margin=&#8220;0px||0px||true|false&#8220; custom_margin_tablet=&#8220;0px||||false|false&#8220; custom_margin_phone=&#8220;0px||||false|false&#8220; custom_margin_last_edited=&#8220;on|desktop&#8220; custom_padding=&#8220;0px||0px||true|false&#8220; mix_blend_mode=&#8220;darken&#8220; background_last_edited=&#8220;on|tablet&#8220; da_disable_devices=&#8220;off|off|off&#8220; locked=&#8220;off&#8220; global_colors_info=&#8220;{}&#8220; da_is_popup=&#8220;off&#8220; da_exit_intent=&#8220;off&#8220; da_has_close=&#8220;on&#8220; da_alt_close=&#8220;off&#8220; da_dark_close=&#8220;off&#8220; da_not_modal=&#8220;on&#8220; da_is_singular=&#8220;off&#8220; da_with_loader=&#8220;off&#8220; da_has_shadow=&#8220;on&#8220;][et_pb_row _builder_version=&#8220;4.21.0&#8243; _module_preset=&#8220;default&#8220; custom_margin=&#8220;0px||0px||true|false&#8220; custom_padding=&#8220;0px||0px||true|false&#8220; global_colors_info=&#8220;{}&#8220;][et_pb_column type=&#8220;4_4&#8243; _builder_version=&#8220;4.21.0&#8243; _module_preset=&#8220;default&#8220; custom_padding=&#8220;0px|0px|0px|0px|true|true&#8220; global_colors_info=&#8220;{}&#8220;][et_pb_code admin_label=&#8220;Photo slider shortcode&#8220; _builder_version=&#8220;4.27.2&#8243; _module_preset=&#8220;default&#8220; custom_margin=&#8220;-30px||||false|false&#8220; custom_padding=&#8220;0px||||false|false&#8220; global_colors_info=&#8220;{}&#8220;]\n\t\t\t<!-- START Tours image hero REVOLUTION SLIDER 6.7.41 --><p class=\"rs-p-wp-fix\"><\/p>\n\t\t\t<rs-module-wrap id=\"rev_slider_64_1_wrapper\" data-source=\"gallery\" style=\"visibility:hidden;background:transparent;padding:0;\">\n\t\t\t\t<rs-module id=\"rev_slider_64_1\" style=\"\" data-version=\"6.7.41\">\n\t\t\t\t\t<rs-slides style=\"overflow: hidden; position: absolute;\">\n\t\t\t\t\t\t<rs-slide style=\"position: absolute;\" data-key=\"rs-274\" data-title=\"Intro\" data-anim=\"ms:2000;\" data-in=\"o:-0.5;sx:1.6;sy:1.6;e:power4.inOut;\" data-out=\"o:0;sx:0.6;sy:0.6;e:power4.inOut;\">\n\t\t\t\t\t\t\t<img decoding=\"async\" src=\"\/\/arenalmanoa.com\/wp-content\/plugins\/revslider\/sr6\/assets\/assets\/dummy.png\" alt=\"Combined nature tour in Arenal Costa Rica\" title=\"Combined nature tour in Arenal Costa Rica\" width=\"1280\" height=\"853\" class=\"rev-slidebg tp-rs-img rs-lazyload\" data-lazyload=\"\/\/d1qc9vxcd0jvni.cloudfront.net\/wordpress_files\/wp-content\/uploads\/2023\/07\/combined-tours-arenal-costa-rica4-1280x853.jpg\" data-bg=\"p:center top;\" data-parallax=\"10\" data-no-retina>\n<!--\n\t\t\t\t\t\t\t--><rs-layer\n\t\t\t\t\t\t\t\tid=\"slider-64-slide-274-layer-0\" \n\t\t\t\t\t\t\t\tdata-type=\"shape\"\n\t\t\t\t\t\t\t\tdata-rsp_ch=\"on\"\n\t\t\t\t\t\t\t\tdata-text=\"w:normal;s:20,16,12,7;l:0,20,15,9;\"\n\t\t\t\t\t\t\t\tdata-dim=\"w:100%;h:100%;\"\n\t\t\t\t\t\t\t\tdata-basealign=\"slide\"\n\t\t\t\t\t\t\t\tdata-frame_999=\"o:0;st:w;\"\n\t\t\t\t\t\t\t\tstyle=\"z-index:6;background-color:rgba(0,0,0,0.35);\"\n\t\t\t\t\t\t\t> \n\t\t\t\t\t\t\t<\/rs-layer><!--\n-->\t\t\t\t\t<\/rs-slide>\n\t\t\t\t\t<\/rs-slides>\n\t\t\t\t\t<rs-static-layers><!--\n\t\t\t\t\t--><\/rs-static-layers>\n\t\t\t\t<\/rs-module>\n\t\t\t\t<script>\n\t\t\t\t\tsetREVStartSize({c: 'rev_slider_64_1',rl:[1240,1024,778,480],el:[900,768,960,720],gw:[1240,1024,778,480],gh:[900,768,960,720],type:'hero',justify:'',layout:'fullscreen',offsetContainer:'#masthead',offset:'0px',mh:\"0\"});if (window.RS_MODULES!==undefined && window.RS_MODULES.modules!==undefined && window.RS_MODULES.modules[\"revslider641\"]!==undefined) {window.RS_MODULES.modules[\"revslider641\"].once = false;window.revapi64 = undefined;if (window.RS_MODULES.checkMinimal!==undefined) window.RS_MODULES.checkMinimal()}\n\t\t\t\t<\/script>\n\t\t\t<\/rs-module-wrap>\n\t\t\t<!-- END REVOLUTION SLIDER -->\n[\/et_pb_code][\/et_pb_column][\/et_pb_row][\/et_pb_section][et_pb_section fb_built=&#8220;1&#8243; admin_label=&#8220;White intro&#8220; _builder_version=&#8220;4.20.2&#8243; _module_preset=&#8220;default&#8220; background_color=&#8220;#FFFFFF&#8220; custom_margin=&#8220;0px||||false|false&#8220; custom_padding=&#8220;0px||||false|false&#8220; da_disable_devices=&#8220;off|off|off&#8220; global_colors_info=&#8220;{}&#8220; da_is_popup=&#8220;off&#8220; da_exit_intent=&#8220;off&#8220; da_has_close=&#8220;on&#8220; da_alt_close=&#8220;off&#8220; da_dark_close=&#8220;off&#8220; da_not_modal=&#8220;on&#8220; da_is_singular=&#8220;off&#8220; da_with_loader=&#8220;off&#8220; da_has_shadow=&#8220;on&#8220;][et_pb_row _builder_version=&#8220;4.27.4&#8243; _module_preset=&#8220;default&#8220; z_index=&#8220;1&#8243; custom_margin=&#8220;||||false|false&#8220; custom_margin_tablet=&#8220;||||false|false&#8220; custom_margin_phone=&#8220;||||false|false&#8220; custom_margin_last_edited=&#8220;on|phone&#8220; custom_padding=&#8220;0px||0px||false|false&#8220; global_colors_info=&#8220;{}&#8220;][et_pb_column type=&#8220;4_4&#8243; _builder_version=&#8220;4.20.2&#8243; _module_preset=&#8220;default&#8220; global_colors_info=&#8220;{}&#8220;][et_pb_text admin_label=&#8220;Hotel name &#038; description&#8220; _builder_version=&#8220;4.27.4&#8243; _module_preset=&#8220;default&#8220; text_font=&#8220;Barlow|300|||||||&#8220; text_text_color=&#8220;#434D57&#8243; text_font_size=&#8220;20px&#8220; text_letter_spacing=&#8220;0.5px&#8220; text_line_height=&#8220;1.2em&#8220; header_font=&#8220;Barlow||||||||&#8220; header_text_align=&#8220;center&#8220; header_text_color=&#8220;#434D57&#8243; header_font_size=&#8220;39px&#8220; header_letter_spacing=&#8220;0.2em&#8220; header_line_height=&#8220;48px&#8220; z_index=&#8220;1&#8243; custom_margin=&#8220;30px||||false|false&#8220; custom_margin_tablet=&#8220;30px||||false|false&#8220; custom_margin_phone=&#8220;30px||||false|false&#8220; custom_margin_last_edited=&#8220;on|phone&#8220; header_font_size_tablet=&#8220;39px&#8220; header_font_size_phone=&#8220;24px&#8220; header_font_size_last_edited=&#8220;on|phone&#8220; header_line_height_tablet=&#8220;48px&#8220; header_line_height_phone=&#8220;32px&#8220; header_line_height_last_edited=&#8220;on|desktop&#8220; locked=&#8220;off&#8220; global_colors_info=&#8220;{}&#8220;]<\/p>\n<h1 style=\"text-align: center; font-weight: 200; margin-bottom: 20px;\">UNTERNEHMUNGEN IN <span style=\"text-align: center; color: #b8d45f; font-weight: bold;\">LA FORTUNA<\/span><\/h1>\n<p>Erleben Sie bei uns das Abenteuer Ihres Lebens auf einer unserer Touren in der Region Arenal &#8211; La Fortuna. Aktivit\u00e4ten wie Canopy, Wildwasser-Rafting, Vogelbeobachtung, Schluchtenwandern, Ausfl\u00fcge mit Quads und vieles mehr warten auf Sie!<\/p>\n<p><strong>Wichtig: <\/strong><\/p>\n<ul>\n<li>Alle Touren auf dieser Seite sind Aktivit\u00e4ten in Gruppen, KEINE privaten Touren. Wenn Sie es w\u00fcnschen, k\u00f6nnen wir auch private Touren organisieren. Bitte beachten Sie, dass diese von der Verf\u00fcgbarkeit des Veranstalters abh\u00e4ngig sind und einen h\u00f6heren Preis haben.<\/li>\n<li>Alle unten aufgef\u00fchrten Preise verstehen sich pro Person in US-Dollar und k\u00f6nnen sich je nach Datum \u00e4ndern.<\/li>\n<li>Um eine der Touren zu buchen, kontaktieren Sie uns bitte per Telefon, E-Mail oder WhatsApp. Um Ihnen ein genaues Angebot machen zu k\u00f6nnen, ben\u00f6tigen wir folgende Angaben:\n<ul>\n<li>Anzahl der Personen.<\/li>\n<li>Alter der Kinder, falls vorhanden.<\/li>\n<li>Gew\u00fcnschtes Datum.<\/li>\n<li>Besondere W\u00fcnsche.<\/li>\n<\/ul>\n<\/li>\n<li>Wenn Sie mehr als eine Tour buchen m\u00f6chten, senden Sie uns bitte alle Details in einer Nachricht.<\/li>\n<li>Die Anfrage nach der Verf\u00fcgbarkeit einer Dienstleistung garantiert keine Reservierung. Die gew\u00fcnschte Tour gilt erst dann als gebucht, wenn sie von einem Mitglied unseres Teams best\u00e4tigt wurde.<\/li>\n<li>Wir k\u00f6nnen nur Touren f\u00fcr G\u00e4ste von Arenal Manoa anbieten. Wenn Sie in einem anderen Hotel \u00fcbernachten, buchen Sie bitte \u00fcber dessen Team.<\/li>\n<\/ul>\n<p>[\/et_pb_text][\/et_pb_column][\/et_pb_row][\/et_pb_section]<\/p>\n","protected":false},"excerpt":{"rendered":"<p>\n\t\t\t<!-- START Tours image hero REVOLUTION SLIDER 6.7.41 --><p class=\"rs-p-wp-fix\"><\/p>\n\t\t\t<rs-module-wrap id=\"rev_slider_64_2_wrapper\" data-source=\"gallery\" style=\"visibility:hidden;background:transparent;padding:0;\">\n\t\t\t\t<rs-module id=\"rev_slider_64_2\" style=\"\" data-version=\"6.7.41\">\n\t\t\t\t\t<rs-slides style=\"overflow: hidden; position: absolute;\">\n\t\t\t\t\t\t<rs-slide style=\"position: absolute;\" data-key=\"rs-274\" data-title=\"Intro\" data-anim=\"ms:2000;\" data-in=\"o:-0.5;sx:1.6;sy:1.6;e:power4.inOut;\" data-out=\"o:0;sx:0.6;sy:0.6;e:power4.inOut;\">\n\t\t\t\t\t\t\t<img decoding=\"async\" src=\"\/\/arenalmanoa.com\/wp-content\/plugins\/revslider\/sr6\/assets\/assets\/dummy.png\" alt=\"Combined nature tour in Arenal Costa Rica\" title=\"Combined nature tour in Arenal Costa Rica\" width=\"1280\" height=\"853\" class=\"rev-slidebg tp-rs-img rs-lazyload\" data-lazyload=\"\/\/d1qc9vxcd0jvni.cloudfront.net\/wordpress_files\/wp-content\/uploads\/2023\/07\/combined-tours-arenal-costa-rica4-1280x853.jpg\" data-bg=\"p:center top;\" data-parallax=\"10\" data-no-retina>\n<!--\n\t\t\t\t\t\t\t--><rs-layer\n\t\t\t\t\t\t\t\tid=\"slider-64-slide-274-layer-0\" \n\t\t\t\t\t\t\t\tdata-type=\"shape\"\n\t\t\t\t\t\t\t\tdata-rsp_ch=\"on\"\n\t\t\t\t\t\t\t\tdata-text=\"w:normal;s:20,16,12,7;l:0,20,15,9;\"\n\t\t\t\t\t\t\t\tdata-dim=\"w:100%;h:100%;\"\n\t\t\t\t\t\t\t\tdata-basealign=\"slide\"\n\t\t\t\t\t\t\t\tdata-frame_999=\"o:0;st:w;\"\n\t\t\t\t\t\t\t\tstyle=\"z-index:6;background-color:rgba(0,0,0,0.35);\"\n\t\t\t\t\t\t\t> \n\t\t\t\t\t\t\t<\/rs-layer><!--\n-->\t\t\t\t\t<\/rs-slide>\n\t\t\t\t\t<\/rs-slides>\n\t\t\t\t\t<rs-static-layers><!--\n\t\t\t\t\t--><\/rs-static-layers>\n\t\t\t\t<\/rs-module>\n\t\t\t\t<script>\n\t\t\t\t\tsetREVStartSize({c: 'rev_slider_64_2',rl:[1240,1024,778,480],el:[900,768,960,720],gw:[1240,1024,778,480],gh:[900,768,960,720],type:'hero',justify:'',layout:'fullscreen',offsetContainer:'#masthead',offset:'0px',mh:\"0\"});if (window.RS_MODULES!==undefined && window.RS_MODULES.modules!==undefined && window.RS_MODULES.modules[\"revslider642\"]!==undefined) {window.RS_MODULES.modules[\"revslider642\"].once = false;window.revapi64_2 = undefined;if (window.RS_MODULES.checkMinimal!==undefined) window.RS_MODULES.checkMinimal()}\n\t\t\t\t<\/script>\n\t\t\t<\/rs-module-wrap>\n\t\t\t<!-- END REVOLUTION SLIDER -->\nUNTERNEHMUNGEN IN LA FORTUNA Erleben Sie bei uns das Abenteuer Ihres Lebens auf einer unserer Touren in der Region Arenal &#8211; La Fortuna. Aktivit\u00e4ten wie Canopy, Wildwasser-Rafting, Vogelbeobachtung, Schluchtenwandern, Ausfl\u00fcge mit Quads und vieles mehr warten auf Sie! Wichtig: Alle Touren auf dieser Seite sind Aktivit\u00e4ten in Gruppen, KEINE privaten Touren. Wenn Sie es [&hellip;]<\/p>\n","protected":false},"author":1,"featured_media":0,"parent":0,"menu_order":0,"comment_status":"closed","ping_status":"closed","template":"page-tour-list.php","meta":{"_acf_changed":false,"_et_pb_use_builder":"on","_et_pb_old_content":"<!-- wp:divi\/placeholder \/-->","_et_gb_content_width":"","ngg_post_thumbnail":0,"footnotes":""},"sustainability-manoa":[],"class_list":["post-248022","page","type-page","status-publish","hentry"],"acf":[],"_links":{"self":[{"href":"https:\/\/arenalmanoa.com\/de\/wp-json\/wp\/v2\/pages\/248022","targetHints":{"allow":["GET"]}}],"collection":[{"href":"https:\/\/arenalmanoa.com\/de\/wp-json\/wp\/v2\/pages"}],"about":[{"href":"https:\/\/arenalmanoa.com\/de\/wp-json\/wp\/v2\/types\/page"}],"author":[{"embeddable":true,"href":"https:\/\/arenalmanoa.com\/de\/wp-json\/wp\/v2\/users\/1"}],"replies":[{"embeddable":true,"href":"https:\/\/arenalmanoa.com\/de\/wp-json\/wp\/v2\/comments?post=248022"}],"version-history":[{"count":49,"href":"https:\/\/arenalmanoa.com\/de\/wp-json\/wp\/v2\/pages\/248022\/revisions"}],"predecessor-version":[{"id":253570,"href":"https:\/\/arenalmanoa.com\/de\/wp-json\/wp\/v2\/pages\/248022\/revisions\/253570"}],"wp:attachment":[{"href":"https:\/\/arenalmanoa.com\/de\/wp-json\/wp\/v2\/media?parent=248022"}],"wp:term":[{"taxonomy":"sustainability-manoa","embeddable":true,"href":"https:\/\/arenalmanoa.com\/de\/wp-json\/wp\/v2\/sustainability-manoa?post=248022"}],"curies":[{"name":"wp","href":"https:\/\/api.w.org\/{rel}","templated":true}]}}